{"id":236,"date":"2019-11-18T12:21:58","date_gmt":"2019-11-18T12:21:58","guid":{"rendered":"http:\/\/blogs.florida.es\/geekweek\/?page_id=236"},"modified":"2019-11-28T12:06:39","modified_gmt":"2019-11-28T12:06:39","slug":"globalgamejam","status":"publish","type":"page","link":"https:\/\/blogs.florida.es\/floridagamejam\/","title":{"rendered":"HOME"},"content":{"rendered":"","protected":false},"excerpt":{"rendered":"","protected":false},"author":28,"featured_media":0,"parent":0,"menu_order":0,"comment_status":"closed","ping_status":"closed","template":"","meta":{"footnotes":""},"class_list":["post-236","page","type-page","status-publish","hentry"],"yoast_head":"<!-- This site is optimized with the Yoast SEO plugin v21.6 - https:\/\/yoast.com\/wordpress\/plugins\/seo\/ -->\n<title>HOME - Florida Game Jam<\/title>\n<meta name=\"description\" content=\"Global Game Jam de Florida Replay. La JAM m\u00e1s grande del mundo se celebra en Florida Univerit\u00e0ria. Crea, desarrolla y dise\u00f1a tu videojuego en 48 horas. Los d\u00edas 30 de enero, 1 y 2 de febrero.\" \/>\n<meta name=\"robots\" content=\"index, follow, max-snippet:-1, max-image-preview:large, max-video-preview:-1\" \/>\n<link rel=\"canonical\" href=\"https:\/\/blogs.florida.es\/floridagamejam\/\" \/>\n<meta property=\"og:locale\" content=\"es_ES\" \/>\n<meta property=\"og:type\" content=\"article\" \/>\n<meta property=\"og:title\" content=\"HOME - Florida Game Jam\" \/>\n<meta property=\"og:description\" content=\"Global Game Jam de Florida Replay. La JAM m\u00e1s grande del mundo se celebra en Florida Univerit\u00e0ria. Crea, desarrolla y dise\u00f1a tu videojuego en 48 horas. Los d\u00edas 30 de enero, 1 y 2 de febrero.\" \/>\n<meta property=\"og:url\" content=\"https:\/\/blogs.florida.es\/floridagamejam\/\" \/>\n<meta property=\"og:site_name\" content=\"Florida Game Jam\" \/>\n<meta property=\"article:modified_time\" content=\"2019-11-28T12:06:39+00:00\" \/>\n<meta name=\"twitter:card\" content=\"summary_large_image\" \/>\n<script type=\"application\/ld+json\" class=\"yoast-schema-graph\">{\"@context\":\"https:\/\/schema.org\",\"@graph\":[{\"@type\":\"WebPage\",\"@id\":\"https:\/\/blogs.florida.es\/floridagamejam\/\",\"url\":\"https:\/\/blogs.florida.es\/floridagamejam\/\",\"name\":\"HOME - Florida Game Jam\",\"isPartOf\":{\"@id\":\"https:\/\/blogs.florida.es\/floridagamejam\/#website\"},\"datePublished\":\"2019-11-18T12:21:58+00:00\",\"dateModified\":\"2019-11-28T12:06:39+00:00\",\"description\":\"Global Game Jam de Florida Replay. La JAM m\u00e1s grande del mundo se celebra en Florida Univerit\u00e0ria. Crea, desarrolla y dise\u00f1a tu videojuego en 48 horas. Los d\u00edas 30 de enero, 1 y 2 de febrero.\",\"breadcrumb\":{\"@id\":\"https:\/\/blogs.florida.es\/floridagamejam\/#breadcrumb\"},\"inLanguage\":\"es\",\"potentialAction\":[{\"@type\":\"ReadAction\",\"target\":[\"https:\/\/blogs.florida.es\/floridagamejam\/\"]}]},{\"@type\":\"BreadcrumbList\",\"@id\":\"https:\/\/blogs.florida.es\/floridagamejam\/#breadcrumb\",\"itemListElement\":[{\"@type\":\"ListItem\",\"position\":1,\"name\":\"Portada\",\"item\":\"https:\/\/blogs.florida.es\/floridagamejam\/\"},{\"@type\":\"ListItem\",\"position\":2,\"name\":\"HOME\"}]},{\"@type\":\"WebSite\",\"@id\":\"https:\/\/blogs.florida.es\/floridagamejam\/#website\",\"url\":\"https:\/\/blogs.florida.es\/floridagamejam\/\",\"name\":\"Florida Game Jam\",\"description\":\"CREA, DESARROLLA Y DISE\u00d1A TU PROPIO VIDEOJUEGO EN 48 HORAS\",\"publisher\":{\"@id\":\"https:\/\/blogs.florida.es\/floridagamejam\/#organization\"},\"potentialAction\":[{\"@type\":\"SearchAction\",\"target\":{\"@type\":\"EntryPoint\",\"urlTemplate\":\"https:\/\/blogs.florida.es\/floridagamejam\/?s={search_term_string}\"},\"query-input\":\"required name=search_term_string\"}],\"inLanguage\":\"es\"},{\"@type\":\"Organization\",\"@id\":\"https:\/\/blogs.florida.es\/floridagamejam\/#organization\",\"name\":\"Florida Game Jam\",\"url\":\"https:\/\/blogs.florida.es\/floridagamejam\/\",\"logo\":{\"@type\":\"ImageObject\",\"inLanguage\":\"es\",\"@id\":\"https:\/\/blogs.florida.es\/floridagamejam\/#\/schema\/logo\/image\/\",\"url\":\"https:\/\/blogs.florida.es\/floridagamejam\/wp-content\/uploads\/sites\/10\/2019\/11\/cropped-logo_blanco2-scaled.png\",\"contentUrl\":\"https:\/\/blogs.florida.es\/floridagamejam\/wp-content\/uploads\/sites\/10\/2019\/11\/cropped-logo_blanco2-scaled.png\",\"width\":2560,\"height\":1258,\"caption\":\"Florida Game Jam\"},\"image\":{\"@id\":\"https:\/\/blogs.florida.es\/floridagamejam\/#\/schema\/logo\/image\/\"}}]}<\/script>\n<!-- \/ Yoast SEO plugin. -->","yoast_head_json":{"title":"HOME - Florida Game Jam","description":"Global Game Jam de Florida Replay. La JAM m\u00e1s grande del mundo se celebra en Florida Univerit\u00e0ria. Crea, desarrolla y dise\u00f1a tu videojuego en 48 horas. Los d\u00edas 30 de enero, 1 y 2 de febrero.","robots":{"index":"index","follow":"follow","max-snippet":"max-snippet:-1","max-image-preview":"max-image-preview:large","max-video-preview":"max-video-preview:-1"},"canonical":"https:\/\/blogs.florida.es\/floridagamejam\/","og_locale":"es_ES","og_type":"article","og_title":"HOME - Florida Game Jam","og_description":"Global Game Jam de Florida Replay. La JAM m\u00e1s grande del mundo se celebra en Florida Univerit\u00e0ria. Crea, desarrolla y dise\u00f1a tu videojuego en 48 horas. Los d\u00edas 30 de enero, 1 y 2 de febrero.","og_url":"https:\/\/blogs.florida.es\/floridagamejam\/","og_site_name":"Florida Game Jam","article_modified_time":"2019-11-28T12:06:39+00:00","twitter_card":"summary_large_image","schema":{"@context":"https:\/\/schema.org","@graph":[{"@type":"WebPage","@id":"https:\/\/blogs.florida.es\/floridagamejam\/","url":"https:\/\/blogs.florida.es\/floridagamejam\/","name":"HOME - Florida Game Jam","isPartOf":{"@id":"https:\/\/blogs.florida.es\/floridagamejam\/#website"},"datePublished":"2019-11-18T12:21:58+00:00","dateModified":"2019-11-28T12:06:39+00:00","description":"Global Game Jam de Florida Replay. La JAM m\u00e1s grande del mundo se celebra en Florida Univerit\u00e0ria. Crea, desarrolla y dise\u00f1a tu videojuego en 48 horas. Los d\u00edas 30 de enero, 1 y 2 de febrero.","breadcrumb":{"@id":"https:\/\/blogs.florida.es\/floridagamejam\/#breadcrumb"},"inLanguage":"es","potentialAction":[{"@type":"ReadAction","target":["https:\/\/blogs.florida.es\/floridagamejam\/"]}]},{"@type":"BreadcrumbList","@id":"https:\/\/blogs.florida.es\/floridagamejam\/#breadcrumb","itemListElement":[{"@type":"ListItem","position":1,"name":"Portada","item":"https:\/\/blogs.florida.es\/floridagamejam\/"},{"@type":"ListItem","position":2,"name":"HOME"}]},{"@type":"WebSite","@id":"https:\/\/blogs.florida.es\/floridagamejam\/#website","url":"https:\/\/blogs.florida.es\/floridagamejam\/","name":"Florida Game Jam","description":"CREA, DESARROLLA Y DISE\u00d1A TU PROPIO VIDEOJUEGO EN 48 HORAS","publisher":{"@id":"https:\/\/blogs.florida.es\/floridagamejam\/#organization"},"potentialAction":[{"@type":"SearchAction","target":{"@type":"EntryPoint","urlTemplate":"https:\/\/blogs.florida.es\/floridagamejam\/?s={search_term_string}"},"query-input":"required name=search_term_string"}],"inLanguage":"es"},{"@type":"Organization","@id":"https:\/\/blogs.florida.es\/floridagamejam\/#organization","name":"Florida Game Jam","url":"https:\/\/blogs.florida.es\/floridagamejam\/","logo":{"@type":"ImageObject","inLanguage":"es","@id":"https:\/\/blogs.florida.es\/floridagamejam\/#\/schema\/logo\/image\/","url":"https:\/\/blogs.florida.es\/floridagamejam\/wp-content\/uploads\/sites\/10\/2019\/11\/cropped-logo_blanco2-scaled.png","contentUrl":"https:\/\/blogs.florida.es\/floridagamejam\/wp-content\/uploads\/sites\/10\/2019\/11\/cropped-logo_blanco2-scaled.png","width":2560,"height":1258,"caption":"Florida Game Jam"},"image":{"@id":"https:\/\/blogs.florida.es\/floridagamejam\/#\/schema\/logo\/image\/"}}]}},"_links":{"self":[{"href":"https:\/\/blogs.florida.es\/floridagamejam\/wp-json\/wp\/v2\/pages\/236","targetHints":{"allow":["GET"]}}],"collection":[{"href":"https:\/\/blogs.florida.es\/floridagamejam\/wp-json\/wp\/v2\/pages"}],"about":[{"href":"https:\/\/blogs.florida.es\/floridagamejam\/wp-json\/wp\/v2\/types\/page"}],"author":[{"embeddable":true,"href":"https:\/\/blogs.florida.es\/floridagamejam\/wp-json\/wp\/v2\/users\/28"}],"replies":[{"embeddable":true,"href":"https:\/\/blogs.florida.es\/floridagamejam\/wp-json\/wp\/v2\/comments?post=236"}],"version-history":[{"count":1,"href":"https:\/\/blogs.florida.es\/floridagamejam\/wp-json\/wp\/v2\/pages\/236\/revisions"}],"predecessor-version":[{"id":238,"href":"https:\/\/blogs.florida.es\/floridagamejam\/wp-json\/wp\/v2\/pages\/236\/revisions\/238"}],"wp:attachment":[{"href":"https:\/\/blogs.florida.es\/floridagamejam\/wp-json\/wp\/v2\/media?parent=236"}],"curies":[{"name":"wp","href":"https:\/\/api.w.org\/{rel}","templated":true}]}}