{"id":70,"date":"2014-12-10T17:43:09","date_gmt":"2014-12-10T17:43:09","guid":{"rendered":"http:\/\/blogs.florida.es\/geekweek\/?page_id=70"},"modified":"2019-12-16T09:58:43","modified_gmt":"2019-12-16T09:58:43","slug":"inscribete","status":"publish","type":"page","link":"https:\/\/blogs.florida.es\/floridagamejam\/inscribete\/","title":{"rendered":"Inscr\u00edbete"},"content":{"rendered":"<p>[vc_row][vc_column 0=\u00bb\u00bb][vc_column_text]Participar en Florida Game Jam es totalmente gratuito y el \u00fanico requisito es que seas mayor de 18 a\u00f1os.<\/p>\n<p>Para inscribirte tienes que rellenar el formulario que encontrar\u00e1s m\u00e1s abajo.<\/p>\n<p>La inscripci\u00f3n se realizar\u00e1 de manera individual, y el d\u00eda 30 de enero, antes de comenzar, se realizar\u00e1n los equipos que posteriormente crear\u00e1n los juegos.<\/p>\n<p><strong>Inscripci\u00f3n abierta hasta el 24 de enero de 2020 o hasta completar aforo<\/strong>.<\/p>\n<p>Los equipos se formar\u00e1n por personas en habilidades en:[\/vc_column_text][vc_row_inner 0=\u00bb\u00bb][vc_column_inner width=\u00bb1\/4&#8243;][vc_single_image image=\u00bb367&#8243; img_size=\u00bb100&#215;100&#8243; alignment=\u00bbcenter\u00bb][\/vc_column_inner][vc_column_inner width=\u00bb1\/4&#8243;][vc_single_image image=\u00bb368&#8243; img_size=\u00bb100&#215;100&#8243; alignment=\u00bbcenter\u00bb][\/vc_column_inner][vc_column_inner width=\u00bb1\/4&#8243;][vc_single_image image=\u00bb357&#8243; img_size=\u00bb100&#215;100&#8243; alignment=\u00bbcenter\u00bb][vc_column_text css=\u00bb.vc_custom_1575281391679{margin-top: -20px !important;}\u00bb]<\/p>\n<h6 style=\"text-align: center\">ANIMACI\u00d3N<\/h6>\n<p>[\/vc_column_text][\/vc_column_inner][vc_column_inner width=\u00bb1\/4&#8243;][vc_single_image image=\u00bb364&#8243; img_size=\u00bb100&#215;100&#8243; alignment=\u00bbcenter\u00bb][vc_column_text css=\u00bb.vc_custom_1575281400764{margin-top: -20px !important;}\u00bb]<\/p>\n<h6 style=\"text-align: center\">AUDIO<\/h6>\n<p>[\/vc_column_text][\/vc_column_inner][\/vc_row_inner][vc_row_inner 0=\u00bb\u00bb][vc_column_inner width=\u00bb1\/4&#8243;][vc_single_image image=\u00bb356&#8243; img_size=\u00bb100&#215;100&#8243; alignment=\u00bbcenter\u00bb][vc_column_text css=\u00bb.vc_custom_1575281411812{margin-top: -20px !important;}\u00bb]<\/p>\n<h6 style=\"text-align: center\">DISE\u00d1O DE JUEGOS<\/h6>\n<p>[\/vc_column_text][\/vc_column_inner][vc_column_inner width=\u00bb1\/4&#8243;][vc_single_image image=\u00bb362&#8243; img_size=\u00bb100&#215;100&#8243; alignment=\u00bbcenter\u00bb][vc_column_text css=\u00bb.vc_custom_1575281419038{margin-top: -20px !important;}\u00bb]<\/p>\n<h6 style=\"text-align: center\">MARKETING<\/h6>\n<p>[\/vc_column_text][\/vc_column_inner][vc_column_inner width=\u00bb1\/4&#8243;][vc_single_image image=\u00bb360&#8243; img_size=\u00bb100&#215;100&#8243; alignment=\u00bbcenter\u00bb][vc_column_text css=\u00bb.vc_custom_1575281425141{margin-top: -20px !important;}\u00bb]<\/p>\n<h6 style=\"text-align: center\">M\u00daSICA<\/h6>\n<p>[\/vc_column_text][\/vc_column_inner][vc_column_inner width=\u00bb1\/4&#8243;][vc_single_image image=\u00bb361&#8243; img_size=\u00bb100&#215;100&#8243; alignment=\u00bbcenter\u00bb][vc_column_text css=\u00bb.vc_custom_1575281430835{margin-top: -20px !important;}\u00bb]<\/p>\n<h6 style=\"text-align: center\">GESTI\u00d3N DE PROYECTOS<\/h6>\n<p>[\/vc_column_text][\/vc_column_inner][\/vc_row_inner][vc_row_inner 0=\u00bb\u00bb][vc_column_inner width=\u00bb1\/4&#8243;][vc_single_image image=\u00bb359&#8243; img_size=\u00bb100&#215;100&#8243; alignment=\u00bbcenter\u00bb][vc_column_text css=\u00bb.vc_custom_1575281437317{margin-top: -20px !important;}\u00bb]<\/p>\n<h6 style=\"text-align: center\">TESTING Y DEBUGGING<\/h6>\n<p>[\/vc_column_text][\/vc_column_inner][vc_column_inner width=\u00bb1\/4&#8243;][vc_single_image image=\u00bb365&#8243; img_size=\u00bb100&#215;100&#8243; alignment=\u00bbcenter\u00bb][vc_column_text css=\u00bb.vc_custom_1575281442420{margin-top: -20px !important;}\u00bb]<\/p>\n<h6 style=\"text-align: center\">HISTORIA, NARRATIVA Y GUI\u00d3N<\/h6>\n<p>[\/vc_column_text][\/vc_column_inner][vc_column_inner width=\u00bb1\/4&#8243;][vc_single_image image=\u00bb366&#8243; img_size=\u00bb100&#215;100&#8243; alignment=\u00bbcenter\u00bb][vc_column_text css=\u00bb.vc_custom_1575281449293{margin-top: -20px !important;}\u00bb]<\/p>\n<h6 style=\"text-align: center\">DISE\u00d1O WEB<\/h6>\n<p>[\/vc_column_text][\/vc_column_inner][vc_column_inner width=\u00bb1\/4&#8243;][\/vc_column_inner][\/vc_row_inner][vc_column_text css=\u00bb.vc_custom_1575374358106{padding-top: 10px !important;padding-right: 10px !important;padding-bottom: 10px !important;padding-left: 10px !important;}\u00bb]<\/p>\n<p style=\"text-align: center\">Si tienes cualquier duda, ponte en contacto con nosotros escribiendo a <a href=\"mailto:comunicacio@florida-uni.es\">comunicacio@florida-uni.es<\/a><\/p>\n<p>[\/vc_column_text][\/vc_column][\/vc_row][vc_row 0=\u00bb\u00bb][vc_column 0=\u00bb\u00bb][vc_btn title=\u00bbINSCR\u00cdBETE\u00bb style=\u00bbflat\u00bb shape=\u00bbsquare\u00bb color=\u00bbjuicy-pink\u00bb size=\u00bblg\u00bb align=\u00bbcenter\u00bb button_block=\u00bbtrue\u00bb link=\u00bburl:https%3A%2F%2Fdocs.google.com%2Fforms%2Fd%2Fe%2F1FAIpQLSeMfwNxU69GmicVIT1-h8ndGDrLAVI0uKGdg08vAgk5G8b3ew%2Fviewform||target:%20_blank|\u00bb][\/vc_column][\/vc_row]<\/p>\n","protected":false},"excerpt":{"rendered":"<p>[vc_row][vc_column 0=\u00bb\u00bb][vc_column_text]Participar en Florida Game Jam es totalmente gratuito y el \u00fanico requisito es que seas mayor de 18 a\u00f1os. Para inscribirte tienes que rellenar el formulario que encontrar\u00e1s m\u00e1s abajo. La inscripci\u00f3n se realizar\u00e1 de manera individual, y el d\u00eda 30 de enero, antes de comenzar, se realizar\u00e1n los equipos que posteriormente crear\u00e1n los [&hellip;]<\/p>\n","protected":false},"author":28,"featured_media":0,"parent":0,"menu_order":0,"comment_status":"open","ping_status":"open","template":"","meta":{"footnotes":""},"class_list":["post-70","page","type-page","status-publish","hentry"],"yoast_head":"<!-- This site is optimized with the Yoast SEO plugin v21.6 - https:\/\/yoast.com\/wordpress\/plugins\/seo\/ -->\n<title>Inscr\u00edbete - Florida Game Jam<\/title>\n<meta name=\"robots\" content=\"index, follow, max-snippet:-1, max-image-preview:large, max-video-preview:-1\" \/>\n<link rel=\"canonical\" href=\"https:\/\/blogs.florida.es\/floridagamejam\/inscribete\/\" \/>\n<meta property=\"og:locale\" content=\"es_ES\" \/>\n<meta property=\"og:type\" content=\"article\" \/>\n<meta property=\"og:title\" content=\"Inscr\u00edbete - Florida Game Jam\" \/>\n<meta property=\"og:description\" content=\"[vc_row][vc_column 0=\u00bb\u00bb][vc_column_text]Participar en Florida Game Jam es totalmente gratuito y el \u00fanico requisito es que seas mayor de 18 a\u00f1os. Para inscribirte tienes que rellenar el formulario que encontrar\u00e1s m\u00e1s abajo. La inscripci\u00f3n se realizar\u00e1 de manera individual, y el d\u00eda 30 de enero, antes de comenzar, se realizar\u00e1n los equipos que posteriormente crear\u00e1n los [&hellip;]\" \/>\n<meta property=\"og:url\" content=\"https:\/\/blogs.florida.es\/floridagamejam\/inscribete\/\" \/>\n<meta property=\"og:site_name\" content=\"Florida Game Jam\" \/>\n<meta property=\"article:modified_time\" content=\"2019-12-16T09:58:43+00:00\" \/>\n<meta name=\"twitter:card\" content=\"summary_large_image\" \/>\n<meta name=\"twitter:label1\" content=\"Tiempo de lectura\" \/>\n\t<meta name=\"twitter:data1\" content=\"3 minutos\" \/>\n<script type=\"application\/ld+json\" class=\"yoast-schema-graph\">{\"@context\":\"https:\/\/schema.org\",\"@graph\":[{\"@type\":\"WebPage\",\"@id\":\"https:\/\/blogs.florida.es\/floridagamejam\/inscribete\/\",\"url\":\"https:\/\/blogs.florida.es\/floridagamejam\/inscribete\/\",\"name\":\"Inscr\u00edbete - Florida Game Jam\",\"isPartOf\":{\"@id\":\"https:\/\/blogs.florida.es\/floridagamejam\/#website\"},\"datePublished\":\"2014-12-10T17:43:09+00:00\",\"dateModified\":\"2019-12-16T09:58:43+00:00\",\"breadcrumb\":{\"@id\":\"https:\/\/blogs.florida.es\/floridagamejam\/inscribete\/#breadcrumb\"},\"inLanguage\":\"es\",\"potentialAction\":[{\"@type\":\"ReadAction\",\"target\":[\"https:\/\/blogs.florida.es\/floridagamejam\/inscribete\/\"]}]},{\"@type\":\"BreadcrumbList\",\"@id\":\"https:\/\/blogs.florida.es\/floridagamejam\/inscribete\/#breadcrumb\",\"itemListElement\":[{\"@type\":\"ListItem\",\"position\":1,\"name\":\"Portada\",\"item\":\"https:\/\/blogs.florida.es\/floridagamejam\/\"},{\"@type\":\"ListItem\",\"position\":2,\"name\":\"Inscr\u00edbete\"}]},{\"@type\":\"WebSite\",\"@id\":\"https:\/\/blogs.florida.es\/floridagamejam\/#website\",\"url\":\"https:\/\/blogs.florida.es\/floridagamejam\/\",\"name\":\"Florida Game Jam\",\"description\":\"CREA, DESARROLLA Y DISE\u00d1A TU PROPIO VIDEOJUEGO EN 48 HORAS\",\"publisher\":{\"@id\":\"https:\/\/blogs.florida.es\/floridagamejam\/#organization\"},\"potentialAction\":[{\"@type\":\"SearchAction\",\"target\":{\"@type\":\"EntryPoint\",\"urlTemplate\":\"https:\/\/blogs.florida.es\/floridagamejam\/?s={search_term_string}\"},\"query-input\":\"required name=search_term_string\"}],\"inLanguage\":\"es\"},{\"@type\":\"Organization\",\"@id\":\"https:\/\/blogs.florida.es\/floridagamejam\/#organization\",\"name\":\"Florida Game Jam\",\"url\":\"https:\/\/blogs.florida.es\/floridagamejam\/\",\"logo\":{\"@type\":\"ImageObject\",\"inLanguage\":\"es\",\"@id\":\"https:\/\/blogs.florida.es\/floridagamejam\/#\/schema\/logo\/image\/\",\"url\":\"https:\/\/blogs.florida.es\/floridagamejam\/wp-content\/uploads\/sites\/10\/2019\/11\/cropped-logo_blanco2-scaled.png\",\"contentUrl\":\"https:\/\/blogs.florida.es\/floridagamejam\/wp-content\/uploads\/sites\/10\/2019\/11\/cropped-logo_blanco2-scaled.png\",\"width\":2560,\"height\":1258,\"caption\":\"Florida Game Jam\"},\"image\":{\"@id\":\"https:\/\/blogs.florida.es\/floridagamejam\/#\/schema\/logo\/image\/\"}}]}<\/script>\n<!-- \/ Yoast SEO plugin. -->","yoast_head_json":{"title":"Inscr\u00edbete - Florida Game Jam","robots":{"index":"index","follow":"follow","max-snippet":"max-snippet:-1","max-image-preview":"max-image-preview:large","max-video-preview":"max-video-preview:-1"},"canonical":"https:\/\/blogs.florida.es\/floridagamejam\/inscribete\/","og_locale":"es_ES","og_type":"article","og_title":"Inscr\u00edbete - Florida Game Jam","og_description":"[vc_row][vc_column 0=\u00bb\u00bb][vc_column_text]Participar en Florida Game Jam es totalmente gratuito y el \u00fanico requisito es que seas mayor de 18 a\u00f1os. Para inscribirte tienes que rellenar el formulario que encontrar\u00e1s m\u00e1s abajo. La inscripci\u00f3n se realizar\u00e1 de manera individual, y el d\u00eda 30 de enero, antes de comenzar, se realizar\u00e1n los equipos que posteriormente crear\u00e1n los [&hellip;]","og_url":"https:\/\/blogs.florida.es\/floridagamejam\/inscribete\/","og_site_name":"Florida Game Jam","article_modified_time":"2019-12-16T09:58:43+00:00","twitter_card":"summary_large_image","twitter_misc":{"Tiempo de lectura":"3 minutos"},"schema":{"@context":"https:\/\/schema.org","@graph":[{"@type":"WebPage","@id":"https:\/\/blogs.florida.es\/floridagamejam\/inscribete\/","url":"https:\/\/blogs.florida.es\/floridagamejam\/inscribete\/","name":"Inscr\u00edbete - Florida Game Jam","isPartOf":{"@id":"https:\/\/blogs.florida.es\/floridagamejam\/#website"},"datePublished":"2014-12-10T17:43:09+00:00","dateModified":"2019-12-16T09:58:43+00:00","breadcrumb":{"@id":"https:\/\/blogs.florida.es\/floridagamejam\/inscribete\/#breadcrumb"},"inLanguage":"es","potentialAction":[{"@type":"ReadAction","target":["https:\/\/blogs.florida.es\/floridagamejam\/inscribete\/"]}]},{"@type":"BreadcrumbList","@id":"https:\/\/blogs.florida.es\/floridagamejam\/inscribete\/#breadcrumb","itemListElement":[{"@type":"ListItem","position":1,"name":"Portada","item":"https:\/\/blogs.florida.es\/floridagamejam\/"},{"@type":"ListItem","position":2,"name":"Inscr\u00edbete"}]},{"@type":"WebSite","@id":"https:\/\/blogs.florida.es\/floridagamejam\/#website","url":"https:\/\/blogs.florida.es\/floridagamejam\/","name":"Florida Game Jam","description":"CREA, DESARROLLA Y DISE\u00d1A TU PROPIO VIDEOJUEGO EN 48 HORAS","publisher":{"@id":"https:\/\/blogs.florida.es\/floridagamejam\/#organization"},"potentialAction":[{"@type":"SearchAction","target":{"@type":"EntryPoint","urlTemplate":"https:\/\/blogs.florida.es\/floridagamejam\/?s={search_term_string}"},"query-input":"required name=search_term_string"}],"inLanguage":"es"},{"@type":"Organization","@id":"https:\/\/blogs.florida.es\/floridagamejam\/#organization","name":"Florida Game Jam","url":"https:\/\/blogs.florida.es\/floridagamejam\/","logo":{"@type":"ImageObject","inLanguage":"es","@id":"https:\/\/blogs.florida.es\/floridagamejam\/#\/schema\/logo\/image\/","url":"https:\/\/blogs.florida.es\/floridagamejam\/wp-content\/uploads\/sites\/10\/2019\/11\/cropped-logo_blanco2-scaled.png","contentUrl":"https:\/\/blogs.florida.es\/floridagamejam\/wp-content\/uploads\/sites\/10\/2019\/11\/cropped-logo_blanco2-scaled.png","width":2560,"height":1258,"caption":"Florida Game Jam"},"image":{"@id":"https:\/\/blogs.florida.es\/floridagamejam\/#\/schema\/logo\/image\/"}}]}},"_links":{"self":[{"href":"https:\/\/blogs.florida.es\/floridagamejam\/wp-json\/wp\/v2\/pages\/70","targetHints":{"allow":["GET"]}}],"collection":[{"href":"https:\/\/blogs.florida.es\/floridagamejam\/wp-json\/wp\/v2\/pages"}],"about":[{"href":"https:\/\/blogs.florida.es\/floridagamejam\/wp-json\/wp\/v2\/types\/page"}],"author":[{"embeddable":true,"href":"https:\/\/blogs.florida.es\/floridagamejam\/wp-json\/wp\/v2\/users\/28"}],"replies":[{"embeddable":true,"href":"https:\/\/blogs.florida.es\/floridagamejam\/wp-json\/wp\/v2\/comments?post=70"}],"version-history":[{"count":22,"href":"https:\/\/blogs.florida.es\/floridagamejam\/wp-json\/wp\/v2\/pages\/70\/revisions"}],"predecessor-version":[{"id":381,"href":"https:\/\/blogs.florida.es\/floridagamejam\/wp-json\/wp\/v2\/pages\/70\/revisions\/381"}],"wp:attachment":[{"href":"https:\/\/blogs.florida.es\/floridagamejam\/wp-json\/wp\/v2\/media?parent=70"}],"curies":[{"name":"wp","href":"https:\/\/api.w.org\/{rel}","templated":true}]}}