{"id":78,"date":"2014-12-10T17:54:06","date_gmt":"2014-12-10T17:54:06","guid":{"rendered":"http:\/\/blogs.florida.es\/geekweek\/?page_id=78"},"modified":"2019-11-29T10:52:38","modified_gmt":"2019-11-29T10:52:38","slug":"bases-de-participacion","status":"publish","type":"page","link":"https:\/\/blogs.florida.es\/floridagamejam\/bases-de-participacion\/","title":{"rendered":"Bases de participaci\u00f3n"},"content":{"rendered":"<p>[vc_row 0=\u00bb\u00bb][vc_column][vc_column_text 0=\u00bb\u00bb]<\/p>\n<p style=\"text-align: justify\">La Global Game Jam tiene unos <strong>principios muy claros: creatividad, innovaci\u00f3n, colaboraci\u00f3n y&#8230; \u00a1buen rollo!<\/strong><br \/>\nQueremos que pas\u00e9is un fin de semana inolvidable con nosotros as\u00ed que la organizaci\u00f3n velar\u00e1 para que est\u00e9is lo m\u00e1s c\u00f3modos posibles.<br \/>\nEso si, contamos con vuestra ayuda para garantizar que todo transcurra de la forma m\u00e1s fluida posible: m\u00e1ximo respeto por las instalaciones, por el resto de jammers y fair play a tope.<\/p>\n<p>[\/vc_column_text][vc_text_separator title=\u00bbPROPIEDAD INTELECTUAL\u00bb color=\u00bbjuicy_pink\u00bb][vc_column_text]<\/p>\n<p style=\"text-align: justify\">Los juegos, ideas, arte, c\u00f3digo y conceptos que un equipo desarrolle durante el Global Game Jam ser\u00e1n propiedad de los miembros de ese equipo. El c\u00f3digo fuente de los juegos desarrollados as\u00ed como los recursos necesarios para compilarlo estar\u00e1n disponibles a trav\u00e9s de la web del Global Game Jam bajo licencia Creative Commons Attribution-NonCommercial-ShareAlike. En el directorio ra\u00edz del juego se incluir\u00e1 este fichero <a href=\"http:\/\/www.gamejam.es\/license.txt\" target=\"_blank\" rel=\"noopener noreferrer\">license.txt<\/a>.<br \/>\nEl esp\u00edritu del Global Game Jam es el de la <strong>creaci\u00f3n conjunta<\/strong>. Los participantes<strong> se comprometen<\/strong> a no violar los derechos de propiedad intelectual de terceros y a contribuir con el esfuerzo de un fin de semana al dominio p\u00fablico. Por supuesto, el Global Game Jam no impone ninguna restricci\u00f3n sobre el desarrollo posterior de los juegos por parte de los participantes.<\/p>\n<p>[\/vc_column_text][vc_text_separator title=\u00bbPREMIOS\u00bb color=\u00bbjuicy_pink\u00bb border_width=\u00bb2&#8243;][vc_column_text]La Global Game Jam <strong>no es una competici\u00f3n<\/strong> sino un espacio para <strong>fomentar la creatividad<\/strong>, intercambiar ideas y pasar un fin de semana intenso con gente apasionada por el desarrollo de videojuegos. Sin embargo, para premiar el esfuerzo del fin de semana y dar m\u00e1s visibilidad a los resultados, un jurado formado por profesionales de la industria del videojuego y por profesores de FloridaReplay elegir\u00e1 un juego y los propios participantes votar\u00e1n a otro.<br \/>\nAl equipo que haya desarrollado el juego seleccionado por el jurado de la industria se le ofrecer\u00e1 un 25% de descuento en la siguiente edici\u00f3n de nuestro <a href=\"https:\/\/www.floridareplay.com\/master-en-arte-para-videojuegos-v2\/\">M\u00e1ster en Arte para Videojuegos<\/a> y alg\u00fan regalo sorpresa que no queremos \u00abspoilear\u00bb.[\/vc_column_text][\/vc_column][\/vc_row]<\/p>\n","protected":false},"excerpt":{"rendered":"<p>[vc_row 0=\u00bb\u00bb][vc_column][vc_column_text 0=\u00bb\u00bb] La Global Game Jam tiene unos principios muy claros: creatividad, innovaci\u00f3n, colaboraci\u00f3n y&#8230; \u00a1buen rollo! Queremos que pas\u00e9is un fin de semana inolvidable con nosotros as\u00ed que la organizaci\u00f3n velar\u00e1 para que est\u00e9is lo m\u00e1s c\u00f3modos posibles. Eso si, contamos con vuestra ayuda para garantizar que todo transcurra de la forma m\u00e1s [&hellip;]<\/p>\n","protected":false},"author":28,"featured_media":0,"parent":0,"menu_order":0,"comment_status":"open","ping_status":"open","template":"","meta":{"footnotes":""},"class_list":["post-78","page","type-page","status-publish","hentry"],"yoast_head":"<!-- This site is optimized with the Yoast SEO plugin v21.6 - https:\/\/yoast.com\/wordpress\/plugins\/seo\/ -->\n<title>Bases de participaci\u00f3n - Florida Game Jam<\/title>\n<meta name=\"robots\" content=\"index, follow, max-snippet:-1, max-image-preview:large, max-video-preview:-1\" \/>\n<link rel=\"canonical\" href=\"https:\/\/blogs.florida.es\/floridagamejam\/bases-de-participacion\/\" \/>\n<meta property=\"og:locale\" content=\"es_ES\" \/>\n<meta property=\"og:type\" content=\"article\" \/>\n<meta property=\"og:title\" content=\"Bases de participaci\u00f3n - Florida Game Jam\" \/>\n<meta property=\"og:description\" content=\"[vc_row 0=\u00bb\u00bb][vc_column][vc_column_text 0=\u00bb\u00bb] La Global Game Jam tiene unos principios muy claros: creatividad, innovaci\u00f3n, colaboraci\u00f3n y&#8230; \u00a1buen rollo! Queremos que pas\u00e9is un fin de semana inolvidable con nosotros as\u00ed que la organizaci\u00f3n velar\u00e1 para que est\u00e9is lo m\u00e1s c\u00f3modos posibles. Eso si, contamos con vuestra ayuda para garantizar que todo transcurra de la forma m\u00e1s [&hellip;]\" \/>\n<meta property=\"og:url\" content=\"https:\/\/blogs.florida.es\/floridagamejam\/bases-de-participacion\/\" \/>\n<meta property=\"og:site_name\" content=\"Florida Game Jam\" \/>\n<meta property=\"article:modified_time\" content=\"2019-11-29T10:52:38+00:00\" \/>\n<meta name=\"twitter:card\" content=\"summary_large_image\" \/>\n<meta name=\"twitter:label1\" content=\"Tiempo de lectura\" \/>\n\t<meta name=\"twitter:data1\" content=\"2 minutos\" \/>\n<script type=\"application\/ld+json\" class=\"yoast-schema-graph\">{\"@context\":\"https:\/\/schema.org\",\"@graph\":[{\"@type\":\"WebPage\",\"@id\":\"https:\/\/blogs.florida.es\/floridagamejam\/bases-de-participacion\/\",\"url\":\"https:\/\/blogs.florida.es\/floridagamejam\/bases-de-participacion\/\",\"name\":\"Bases de participaci\u00f3n - Florida Game Jam\",\"isPartOf\":{\"@id\":\"https:\/\/blogs.florida.es\/floridagamejam\/#website\"},\"datePublished\":\"2014-12-10T17:54:06+00:00\",\"dateModified\":\"2019-11-29T10:52:38+00:00\",\"breadcrumb\":{\"@id\":\"https:\/\/blogs.florida.es\/floridagamejam\/bases-de-participacion\/#breadcrumb\"},\"inLanguage\":\"es\",\"potentialAction\":[{\"@type\":\"ReadAction\",\"target\":[\"https:\/\/blogs.florida.es\/floridagamejam\/bases-de-participacion\/\"]}]},{\"@type\":\"BreadcrumbList\",\"@id\":\"https:\/\/blogs.florida.es\/floridagamejam\/bases-de-participacion\/#breadcrumb\",\"itemListElement\":[{\"@type\":\"ListItem\",\"position\":1,\"name\":\"Portada\",\"item\":\"https:\/\/blogs.florida.es\/floridagamejam\/\"},{\"@type\":\"ListItem\",\"position\":2,\"name\":\"Bases de participaci\u00f3n\"}]},{\"@type\":\"WebSite\",\"@id\":\"https:\/\/blogs.florida.es\/floridagamejam\/#website\",\"url\":\"https:\/\/blogs.florida.es\/floridagamejam\/\",\"name\":\"Florida Game Jam\",\"description\":\"CREA, DESARROLLA Y DISE\u00d1A TU PROPIO VIDEOJUEGO EN 48 HORAS\",\"publisher\":{\"@id\":\"https:\/\/blogs.florida.es\/floridagamejam\/#organization\"},\"potentialAction\":[{\"@type\":\"SearchAction\",\"target\":{\"@type\":\"EntryPoint\",\"urlTemplate\":\"https:\/\/blogs.florida.es\/floridagamejam\/?s={search_term_string}\"},\"query-input\":\"required name=search_term_string\"}],\"inLanguage\":\"es\"},{\"@type\":\"Organization\",\"@id\":\"https:\/\/blogs.florida.es\/floridagamejam\/#organization\",\"name\":\"Florida Game Jam\",\"url\":\"https:\/\/blogs.florida.es\/floridagamejam\/\",\"logo\":{\"@type\":\"ImageObject\",\"inLanguage\":\"es\",\"@id\":\"https:\/\/blogs.florida.es\/floridagamejam\/#\/schema\/logo\/image\/\",\"url\":\"https:\/\/blogs.florida.es\/floridagamejam\/wp-content\/uploads\/sites\/10\/2019\/11\/cropped-logo_blanco2-scaled.png\",\"contentUrl\":\"https:\/\/blogs.florida.es\/floridagamejam\/wp-content\/uploads\/sites\/10\/2019\/11\/cropped-logo_blanco2-scaled.png\",\"width\":2560,\"height\":1258,\"caption\":\"Florida Game Jam\"},\"image\":{\"@id\":\"https:\/\/blogs.florida.es\/floridagamejam\/#\/schema\/logo\/image\/\"}}]}<\/script>\n<!-- \/ Yoast SEO plugin. -->","yoast_head_json":{"title":"Bases de participaci\u00f3n - Florida Game Jam","robots":{"index":"index","follow":"follow","max-snippet":"max-snippet:-1","max-image-preview":"max-image-preview:large","max-video-preview":"max-video-preview:-1"},"canonical":"https:\/\/blogs.florida.es\/floridagamejam\/bases-de-participacion\/","og_locale":"es_ES","og_type":"article","og_title":"Bases de participaci\u00f3n - Florida Game Jam","og_description":"[vc_row 0=\u00bb\u00bb][vc_column][vc_column_text 0=\u00bb\u00bb] La Global Game Jam tiene unos principios muy claros: creatividad, innovaci\u00f3n, colaboraci\u00f3n y&#8230; \u00a1buen rollo! Queremos que pas\u00e9is un fin de semana inolvidable con nosotros as\u00ed que la organizaci\u00f3n velar\u00e1 para que est\u00e9is lo m\u00e1s c\u00f3modos posibles. Eso si, contamos con vuestra ayuda para garantizar que todo transcurra de la forma m\u00e1s [&hellip;]","og_url":"https:\/\/blogs.florida.es\/floridagamejam\/bases-de-participacion\/","og_site_name":"Florida Game Jam","article_modified_time":"2019-11-29T10:52:38+00:00","twitter_card":"summary_large_image","twitter_misc":{"Tiempo de lectura":"2 minutos"},"schema":{"@context":"https:\/\/schema.org","@graph":[{"@type":"WebPage","@id":"https:\/\/blogs.florida.es\/floridagamejam\/bases-de-participacion\/","url":"https:\/\/blogs.florida.es\/floridagamejam\/bases-de-participacion\/","name":"Bases de participaci\u00f3n - Florida Game Jam","isPartOf":{"@id":"https:\/\/blogs.florida.es\/floridagamejam\/#website"},"datePublished":"2014-12-10T17:54:06+00:00","dateModified":"2019-11-29T10:52:38+00:00","breadcrumb":{"@id":"https:\/\/blogs.florida.es\/floridagamejam\/bases-de-participacion\/#breadcrumb"},"inLanguage":"es","potentialAction":[{"@type":"ReadAction","target":["https:\/\/blogs.florida.es\/floridagamejam\/bases-de-participacion\/"]}]},{"@type":"BreadcrumbList","@id":"https:\/\/blogs.florida.es\/floridagamejam\/bases-de-participacion\/#breadcrumb","itemListElement":[{"@type":"ListItem","position":1,"name":"Portada","item":"https:\/\/blogs.florida.es\/floridagamejam\/"},{"@type":"ListItem","position":2,"name":"Bases de participaci\u00f3n"}]},{"@type":"WebSite","@id":"https:\/\/blogs.florida.es\/floridagamejam\/#website","url":"https:\/\/blogs.florida.es\/floridagamejam\/","name":"Florida Game Jam","description":"CREA, DESARROLLA Y DISE\u00d1A TU PROPIO VIDEOJUEGO EN 48 HORAS","publisher":{"@id":"https:\/\/blogs.florida.es\/floridagamejam\/#organization"},"potentialAction":[{"@type":"SearchAction","target":{"@type":"EntryPoint","urlTemplate":"https:\/\/blogs.florida.es\/floridagamejam\/?s={search_term_string}"},"query-input":"required name=search_term_string"}],"inLanguage":"es"},{"@type":"Organization","@id":"https:\/\/blogs.florida.es\/floridagamejam\/#organization","name":"Florida Game Jam","url":"https:\/\/blogs.florida.es\/floridagamejam\/","logo":{"@type":"ImageObject","inLanguage":"es","@id":"https:\/\/blogs.florida.es\/floridagamejam\/#\/schema\/logo\/image\/","url":"https:\/\/blogs.florida.es\/floridagamejam\/wp-content\/uploads\/sites\/10\/2019\/11\/cropped-logo_blanco2-scaled.png","contentUrl":"https:\/\/blogs.florida.es\/floridagamejam\/wp-content\/uploads\/sites\/10\/2019\/11\/cropped-logo_blanco2-scaled.png","width":2560,"height":1258,"caption":"Florida Game Jam"},"image":{"@id":"https:\/\/blogs.florida.es\/floridagamejam\/#\/schema\/logo\/image\/"}}]}},"_links":{"self":[{"href":"https:\/\/blogs.florida.es\/floridagamejam\/wp-json\/wp\/v2\/pages\/78","targetHints":{"allow":["GET"]}}],"collection":[{"href":"https:\/\/blogs.florida.es\/floridagamejam\/wp-json\/wp\/v2\/pages"}],"about":[{"href":"https:\/\/blogs.florida.es\/floridagamejam\/wp-json\/wp\/v2\/types\/page"}],"author":[{"embeddable":true,"href":"https:\/\/blogs.florida.es\/floridagamejam\/wp-json\/wp\/v2\/users\/28"}],"replies":[{"embeddable":true,"href":"https:\/\/blogs.florida.es\/floridagamejam\/wp-json\/wp\/v2\/comments?post=78"}],"version-history":[{"count":9,"href":"https:\/\/blogs.florida.es\/floridagamejam\/wp-json\/wp\/v2\/pages\/78\/revisions"}],"predecessor-version":[{"id":353,"href":"https:\/\/blogs.florida.es\/floridagamejam\/wp-json\/wp\/v2\/pages\/78\/revisions\/353"}],"wp:attachment":[{"href":"https:\/\/blogs.florida.es\/floridagamejam\/wp-json\/wp\/v2\/media?parent=78"}],"curies":[{"name":"wp","href":"https:\/\/api.w.org\/{rel}","templated":true}]}}