{"id":16,"date":"2018-10-23T11:35:19","date_gmt":"2018-10-23T11:35:19","guid":{"rendered":"http:\/\/blogs.florida.es\/floridauniversitariablog\/?page_id=16"},"modified":"2021-02-17T10:10:10","modified_gmt":"2021-02-17T10:10:10","slug":"educacion","status":"publish","type":"page","link":"https:\/\/blogs.florida.es\/floridauniversitariablog\/educacion\/","title":{"rendered":"Experiencia Educaci\u00f3n"},"content":{"rendered":"<p>[vc_row][vc_column][vc_column_text]<\/p>\n<ul>\n<li style=\"text-align: justify\">\n<h3><a href=\"#titulaciones\">Titulaciones<\/a><\/h3>\n<\/li>\n<li style=\"text-align: justify\">\n<h3><a href=\"#emprendedora\">Educaci\u00f3n Emprendedora<\/a><\/h3>\n<\/li>\n<li style=\"text-align: justify\">\n<h3><a href=\"#proyectos\">Proyectos<\/a><\/h3>\n<\/li>\n<\/ul>\n<p>[\/vc_column_text][\/vc_column][\/vc_row][vc_row][vc_column][vc_column_text]<\/p>\n<p style=\"text-align: justify\"><strong><img loading=\"lazy\" decoding=\"async\" class=\"wp-image-38 alignleft\" src=\"https:\/\/blogs.florida.es\/floridauniversitariablog\/wp-content\/uploads\/sites\/19\/2018\/10\/FLORIDA-UNIVERSITARIA.png\" alt=\"\" width=\"148\" height=\"70\" \/><a href=\"http:\/\/www.floridauniversitaria.es\" target=\"_blank\" rel=\"noopener\">Florida Universit\u00e0ria<\/a><\/strong>, a trav\u00e9s de una metodolog\u00eda din\u00e1mica y b\u00e1sicamente pr\u00e1ctica, prepara\u00a0futuros profesionales del marco de la educaci\u00f3n, capaces de adaptarse al cambio con facilidad, potenciando su esp\u00edritu de iniciativa y capacidad para trabajar en equipo a trav\u00e9s de\u00a0<strong>metodolog\u00edas activas e innovadoras<\/strong>\u00a0y una atenci\u00f3n personalizada.<\/p>\n<p>&nbsp;<\/p>\n<p style=\"text-align: justify\"><strong>FORMACI\u00d3N SUPERIOR<\/strong><\/p>\n<p style=\"text-align: justify\"><img loading=\"lazy\" decoding=\"async\" class=\"alignnone size-full wp-image-58 alignright\" src=\"https:\/\/blogs.florida.es\/floridauniversitariablog\/wp-content\/uploads\/sites\/19\/2018\/10\/foto-educacion-post.png\" alt=\"\" width=\"150\" height=\"113\" \/><\/p>\n<p style=\"text-align: justify\">Florida abarca una amplia oferta dentro del campo educativo, que abarca desde\u00a0<strong>CICLOS<\/strong>\u00a0de <a href=\"http:\/\/www.floridauniversitaria.es\/es-ES\/OfertaAcademica\/ciclosformativos\/Paginas\/ciclo-educacion-infantil.aspx?Perfil=Florida+Universitaria&amp;cicloformativo=Educaci%c3%b3n+Infantil\">educaci\u00f3n infantil<\/a> a\u00a0<strong>GRADOS\u00a0<\/strong>(<a title=\"Grado en Educaci\u00f3n Infantil\" href=\"http:\/\/www.floridauniversitaria.es\/es-ES\/OfertaAcademica\/grados\/Paginas\/Educacion-Infantil.aspx?Perfil=Florida+Universitaria&amp;Grado=Maestro%2fa+en+Educaci%c3%b3n+Infantil\" target=\"_blank\" rel=\"noopener\">Infantil<\/a>\u00a0y <a href=\"http:\/\/www.floridauniversitaria.es\/es-ES\/OfertaAcademica\/grados\/Paginas\/Educaci%C3%B3n-Primaria.aspx?Perfil=Florida+Universitaria&amp;Grado=Maestro%2fa+en+Educaci%c3%b3n+Primaria\" target=\"_blank\" rel=\"noopener\">P<\/a><a title=\"Grado Educaci\u00f3n Primaria\" href=\"http:\/\/www.floridauniversitaria.es\/es-ES\/OfertaAcademica\/grados\/Paginas\/Eduaci%C3%B3n-Primaria.aspx?Perfil=Florida+Universitaria&amp;Grado=Maestro%2fa+en+Educaci%C3%B3n+Primaria\">rimaria<\/a>) y\u00a0<strong>POSTGRADOS<\/strong>\u00a0(<a title=\"Master Profesor Secundaria\" href=\"http:\/\/www.floridauniversitaria.es\/es-ES\/OfertaAcademica\/postgrados\/Paginas\/master-en-profesorado-de-secundaria.aspx?Perfil=Florida+Universitaria&amp;Postgrado=M%C3%A1ster+Universitario+en+Profesorado+de+Secundaria\" target=\"_blank\" rel=\"noopener\">M\u00e1ster Profesor Secundaria<\/a>).<\/p>\n<p style=\"text-align: justify\">El modelo educativo\u00a0de Florida Universit\u00e0ria fomenta el aprendizaje activo y cooperativo, desarrollando las competencias que requieren los y las profesionales del futuro.<\/p>\n<p style=\"text-align: justify\"><strong>FORMACI\u00d3N DEL PROFESORADO Y CONSULTOR\u00cdA<\/strong><\/p>\n<div style=\"text-align: justify\">Nuestra experiencia en el sector de la educaci\u00f3n nos ha llevado a la realizaci\u00f3n de actividades de asesoramiento a centros educativos, formaci\u00f3n a profesorado y realizaci\u00f3n de Congresos y jornadas en las aprender y compartir experiencias en relaci\u00f3n a la innovaci\u00f3n educativa y la direcci\u00f3n de centros.<\/div>\n<div style=\"text-align: justify\"><\/div>\n<div style=\"text-align: justify\"><strong>INVESTIGACI\u00d3N<\/strong><\/div>\n<p>&nbsp;<\/p>\n<div style=\"text-align: justify\"><strong>Florida Universit\u00e0ria<\/strong>\u00a0es una entidad particularmente activa en el desarrollo de\u00a0<strong>proyectos europeos vinculados a la innovaci\u00f3n educativa<\/strong>, cuyos resultados contribuyen a configurar las bases de la ense\u00f1anza del futuro. Lageneraci\u00f3n de conocimiento, su explotaci\u00f3n y transferenciaes el fin que persigue Florida Universit\u00e0ria, siendo conscientes de la importancia de la investigaci\u00f3n y la colaboraci\u00f3n entre Universidad y Empresa.<\/div>\n<p>[\/vc_column_text][\/vc_column][\/vc_row][vc_row][vc_column][vc_custom_heading text=\u00bbTITULACIONES\u00bb font_container=\u00bbtag:h1|text_align:center|color:%23dd3333&#8243; el_id=\u00bbtitulaciones\u00bb][\/vc_column][\/vc_row][vc_row][vc_column width=\u00bb1\/2&#8243;][vc_custom_heading text=\u00bbCICLOS FORMATIVOS\u00bb font_container=\u00bbtag:h2|text_align:left|color:%23dd3333&#8243;][vc_column_text]<\/p>\n<p style=\"text-align: justify\"><span style=\"color: #000000\">El <strong><a style=\"color: #000000\" href=\"http:\/\/www.floridauniversitaria.es\/es-ES\/OfertaAcademica\/ciclosformativos\/Paginas\/ciclo-educacion-infantil.aspx?Perfil=Florida+Universitaria&amp;cicloformativo=Educaci%c3%b3n+Infantil\" target=\"_blank\" rel=\"noopener\">Ciclo Formativo de grado superior en Educaci\u00f3n Infantil<\/a><\/strong> (EDI) es un ciclo LOE que comenz\u00f3 a impartirse en Florida en\u00a0<strong>modalidad presencial<\/strong> en el curso escolar 2009-2010 y en <strong>modalidad semipresencial \/on-line<\/strong> en el curso 2011\/2012.Este Ciclo Formativo de Grado Superior te forma como T\u00e9cnico\/a Superior en Educaci\u00f3n Infantil, especializ\u00e1ndote para dise\u00f1ar, implementar y evaluar proyectos y programas educativos de atenci\u00f3n a la infancia (de 0 a 3 a\u00f1os).<\/span><\/p>\n<p><span style=\"color: #999999\"><a href=\"http:\/\/www.floridauniversitaria.es\/es-ES\/OfertaAcademica\/ciclosformativos\/Paginas\/ciclo-educacion-infantil.aspx?Perfil=Florida+Universitaria&amp;cicloformativo=Educaci%c3%b3n+Infantil\" target=\"_blank\" rel=\"noopener\"><img loading=\"lazy\" decoding=\"async\" class=\"wp-image-4640 aligncenter\" src=\"https:\/\/blogs.florida.es\/floridauniversitariaeducacion\/wp-content\/uploads\/sites\/18\/2018\/11\/visitra-web.png\" alt=\"\" width=\"200\" height=\"40\" \/><\/a><\/span>[\/vc_column_text][vc_custom_heading text=\u00bbPOSTGRADOS\u00bb font_container=\u00bbtag:h2|text_align:left|color:%23dd3333&#8243;][vc_column_text]<\/p>\n<p style=\"text-align: justify\"><span style=\"color: #000000\">El <a style=\"color: #000000\" href=\"http:\/\/www.floridauniversitaria.es\/es-ES\/OfertaAcademica\/postgrados\/Paginas\/master-en-profesorado-de-secundaria.aspx?Perfil=Florida+Universitaria&amp;Postgrado=M%c3%a1ster+Universitario+en+Profesorado+de+Secundaria\" target=\"_blank\" rel=\"noopener\"><strong>M\u00e1ster Universitario en Profesor\/a de Educaci\u00f3n Secundaria<\/strong><\/a> te proporciona la habilitaci\u00f3n profesional exigida por la Administraci\u00f3n educativa para ejercer en centros p\u00fablicos y privados de educaci\u00f3n secundaria, como:<\/span><\/p>\n<ul>\n<li style=\"text-align: justify\"><span style=\"color: #000000\">Profesor\/a de Educaci\u00f3n Secundaria Obligatoria y Bachillerato<\/span><\/li>\n<li style=\"text-align: justify\"><span style=\"color: #000000\">Profesor\/a de Formaci\u00f3n Profesional<\/span><\/li>\n<\/ul>\n<p><span style=\"color: #999999\"><a href=\"http:\/\/www.floridauniversitaria.es\/es-ES\/OfertaAcademica\/postgrados\/Paginas\/master-en-profesorado-de-secundaria.aspx?Perfil=Florida+Universitaria&amp;Postgrado=M%c3%a1ster+Universitario+en+Profesorado+de+Secundaria\" target=\"_blank\" rel=\"noopener\"><img loading=\"lazy\" decoding=\"async\" class=\"wp-image-4640 aligncenter\" src=\"https:\/\/blogs.florida.es\/floridauniversitariaeducacion\/wp-content\/uploads\/sites\/18\/2018\/11\/visitra-web.png\" alt=\"\" width=\"200\" height=\"40\" \/><\/a><\/span>[\/vc_column_text][\/vc_column][vc_column width=\u00bb1\/2&#8243;][vc_custom_heading text=\u00bbGRADOS\u00bb font_container=\u00bbtag:h2|text_align:left|color:%23dd3333&#8243;][vc_column_text]<\/p>\n<div style=\"text-align: justify\"><span style=\"color: #000000\">Florida Universit\u00e0ria imparte el\u00a0<a style=\"color: #000000\" href=\"http:\/\/www.floridauniversitaria.es\/es-ES\/OfertaAcademica\/grados\/Paginas\/Educacion-Infantil.aspx?Perfil=Florida+Universitaria&amp;Grado=Maestro%2fa+en+Educaci%c3%b3n+Infantil\" target=\"_blank\" rel=\"noopener\"><strong>T\u00edtulo Oficial de Grado en Maestro\/a en Educaci\u00f3n Infantil<\/strong><\/a>\u00a0como centro adscrito a la\u00a0<em>Universitat de Val\u00e8ncia<\/em>, desde el curso 2010-2011.El Grado en Educaci\u00f3n Infantil forma a maestros y maestras\u00a0proactivos\/as, integradores\/as, innovadores\/as y reflexivos\/as,\u00a0competentes en la planificaci\u00f3n, desarrollo y evaluaci\u00f3n de actividades educativas dirigidas a ni\u00f1os y ni\u00f1as de 0 a 6 a\u00f1os.<\/span><\/div>\n<div>\n<div id=\"ctl00_PlaceHolderMain_ctl01__ControlWrapper_RichHtmlField\">\n<div id=\"ctl00_PlaceHolderMain_ctl01_label\" style=\"text-align: justify\"><span style=\"color: #000000\">El objetivo de Florida Universit\u00e0ria es<strong>\u00a0formar a maestros\/as capaces de adaptarse a las caracter\u00edsticas espec\u00edficas de cada ni\u00f1o y ni\u00f1a en esta primera etapa de su educaci\u00f3n<\/strong>, convencidos de su papel como agentes educativos.\u00a0<\/span><\/div>\n<\/div>\n<\/div>\n<p><span style=\"color: #999999\"><a href=\"http:\/\/www.floridauniversitaria.es\/es-ES\/OfertaAcademica\/grados\/Paginas\/Educacion-Infantil.aspx?Perfil=Florida+Universitaria&amp;Grado=Maestro%2fa+en+Educaci%c3%b3n+Infantil\" target=\"_blank\" rel=\"noopener\"><img loading=\"lazy\" decoding=\"async\" class=\"wp-image-4640 aligncenter\" src=\"https:\/\/blogs.florida.es\/floridauniversitariaeducacion\/wp-content\/uploads\/sites\/18\/2018\/11\/visitra-web.png\" alt=\"\" width=\"200\" height=\"40\" \/><\/a><\/span><\/p>\n<p style=\"text-align: center\"><span style=\"color: #999999\">&#8212;&#8212;&#8212;&#8212;&#8212;&#8212;&#8212;&#8212;&#8212;&#8212;&#8212;&#8212;&#8212;&#8212;&#8212;&#8212;&#8212;&#8212;<\/span><\/p>\n<div style=\"text-align: justify\"><span style=\"color: #000000\"><strong>Florida Universit\u00e0ria\u00a0<\/strong>a trav\u00e9s de su <a style=\"color: #000000\" href=\"http:\/\/www.floridauniversitaria.es\/es-ES\/OfertaAcademica\/grados\/Paginas\/Educaci%C3%B3n-Primaria.aspx?Perfil=Florida+Universitaria&amp;Grado=Maestro%2fa+en+Educaci%c3%b3n+Primaria\" target=\"_blank\" rel=\"noopener\"><strong>Grado en Educaci\u00f3n Primaria<\/strong><\/a>, prepara maestros\/as\u00a0capacitados para adaptarse a las caracter\u00edsticas espec\u00edficas de cada ni\u00f1o\/a en esta etapa de su educaci\u00f3n. Esta formaci\u00f3n se orienta hacia la adquisici\u00f3n de una metodolog\u00eda de trabajo que, con una adecuada relaci\u00f3n entre conocimientos te\u00f3ricos y pr\u00e1cticos, les habilite para ser profesionales proactivos. Adem\u00e1s puedes estudiar\u00a0simult\u00e1neamente\u00a0el Grado de Educaci\u00f3n Infantil y Primaria.<\/span><\/div>\n<div><span style=\"color: #999999\"><a href=\"http:\/\/www.floridauniversitaria.es\/es-ES\/OfertaAcademica\/grados\/Paginas\/Educaci%C3%B3n-Primaria.aspx?Perfil=Florida+Universitaria&amp;Grado=Maestro%2fa+en+Educaci%c3%b3n+Primaria\" target=\"_blank\" rel=\"noopener\"><img loading=\"lazy\" decoding=\"async\" class=\"wp-image-4640 aligncenter\" src=\"https:\/\/blogs.florida.es\/floridauniversitariaeducacion\/wp-content\/uploads\/sites\/18\/2018\/11\/visitra-web.png\" alt=\"\" width=\"200\" height=\"40\" \/><\/a><\/span><\/div>\n<p>[\/vc_column_text][\/vc_column][\/vc_row][vc_row][vc_column][vc_custom_heading text=\u00bbEDUCACI\u00d3N EMPRENDEDORA\u00bb font_container=\u00bbtag:h1|text_align:center|color:%23dd3333&#8243; el_id=\u00bb#emprendedora\u00bb][vc_column_text]<\/p>\n<p style=\"text-align: justify\">La<strong> Unidad de Educaci\u00f3n Emprendedora<\/strong> de Florida acompa\u00f1a en los centros educativos en su proceso de adaptaci\u00f3n al marco legal de programaci\u00f3n por competencias integrando el fomento del esp\u00edritu emprendedor.<br \/>\nA partir de la definici\u00f3n de las Competencias Emprendedoras y de la reflexi\u00f3n conjunta sobre su importancia y prioridad en el trabajo del centro educativo se establecen las pautas de actuaci\u00f3n para impulsar su integraci\u00f3n en los curr\u00edculums de las asignaturas.<\/p>\n<p style=\"text-align: justify\">Florida ha elaborado un programa para generar <strong>escuelas Emprendedoras <\/strong>a trav\u00e9s de la integraci\u00f3n de las competencias tanto las espec\u00edficas como las transversales propias de las distintas titulaciones, en los curr\u00edculos de las asignaturas.<\/p>\n<p>[\/vc_column_text][\/vc_column][\/vc_row][vc_row][vc_column][vc_custom_heading text=\u00bbPROYECTOS\u00bb font_container=\u00bbtag:h1|text_align:center|color:%23dd3333&#8243; el_id=\u00bb#proyectos\u00bb][vc_column_text]<strong><a href=\"http:\/\/www.floridauniversitaria.es\" target=\"_blank\" rel=\"noopener\"><img loading=\"lazy\" decoding=\"async\" class=\"size-full wp-image-3961 aligncenter\" src=\"https:\/\/blogs.florida.es\/floridauniversitariablog\/wp-content\/uploads\/sites\/19\/2021\/02\/projectes-blog-educacio.png\" alt=\"\" width=\"593\" height=\"399\" \/><\/a><\/strong><\/p>\n<p style=\"text-align: justify\"><strong><a href=\"http:\/\/www.floridauniversitaria.es\" target=\"_blank\" rel=\"noopener\">Florida Universit\u00e0ria<\/a><\/strong> compta amb m\u00e9s de 20 anys d\u2019experi\u00e8ncia en <strong>projectes nacionals i internacionals<\/strong> (com a entitat coordinadora i s\u00f2cia), tant en Europa com a Am\u00e8rica Latina i altres pa\u00efsos de l\u2019arc mediterrani. En concret, a l\u2019\u00e0mbit de l\u2019Educaci\u00f3, els projectes desenvolupats es centren en aquestos \u00e0mbits, principalment:<\/p>\n<p style=\"text-align: justify\"><img loading=\"lazy\" decoding=\"async\" class=\"alignnone wp-image-4643\" src=\"https:\/\/blogs.florida.es\/floridauniversitariaeducacion\/wp-content\/uploads\/sites\/18\/2018\/11\/flecha-circulo.png\" alt=\"\" width=\"25\" height=\"25\" \/>\u00a0 \u00a0Les Tecnologies de la Informaci\u00f3 i la Comunicaci\u00f3 en l\u2019Educaci\u00f3 (TIC).<\/p>\n<p style=\"text-align: justify\"><img loading=\"lazy\" decoding=\"async\" class=\"alignnone wp-image-4643\" src=\"https:\/\/blogs.florida.es\/floridauniversitariaeducacion\/wp-content\/uploads\/sites\/18\/2018\/11\/flecha-circulo.png\" alt=\"\" width=\"25\" height=\"25\" \/>\u00a0 \u00a0El foment de l\u2019esperit emprenedor des de l\u2019educaci\u00f3 i en diferents \u00e0mbits educatius.<\/p>\n<p style=\"text-align: justify\"><img loading=\"lazy\" decoding=\"async\" class=\"alignnone wp-image-4643\" src=\"https:\/\/blogs.florida.es\/floridauniversitariaeducacion\/wp-content\/uploads\/sites\/18\/2018\/11\/flecha-circulo.png\" alt=\"\" width=\"25\" height=\"25\" \/>\u00a0 \u00a0L\u2019orientaci\u00f3 de l\u2019alumnat i la prevenci\u00f3 del frac\u00e0s escolar.<\/p>\n<p style=\"text-align: justify\"><img loading=\"lazy\" decoding=\"async\" class=\"alignnone wp-image-4643\" src=\"https:\/\/blogs.florida.es\/floridauniversitariaeducacion\/wp-content\/uploads\/sites\/18\/2018\/11\/flecha-circulo.png\" alt=\"\" width=\"25\" height=\"25\" \/>\u00a0 \u00a0Innovaci\u00f3 pedag\u00f3gica.<\/p>\n<p style=\"text-align: justify\">Mitjan\u00e7ant el treball en projectes internacionals, Florida ha anat constru\u00efnt una xarxa de contactes i relacions amb la qu\u00e8 col\u00b7laborar per tal de millorar la pr\u00e0ctica docent i aprendre i desenvolupar nous enfocaments i metodologies a diferents nivells educatius.<\/p>\n<p style=\"text-align: justify\">El listat complet de projectes en que Florida Universit\u00e0ria ha participat pots trobar-los <strong><a href=\"http:\/\/www.floridauniversitaria.es\/es-ES\/floridauniversitaria\/investigacion\/proyectos\/Paginas\/Proyectos.aspx?Perfil=Florida%20Universitaria\" target=\"_blank\" rel=\"noopener\">punxant ac\u00ed<\/a><\/strong>.<\/p>\n<p>[\/vc_column_text][\/vc_column][\/vc_row]<\/p>\n","protected":false},"excerpt":{"rendered":"<p>[vc_row][vc_column][vc_column_text] Titulaciones Educaci\u00f3n Emprendedora Proyectos [\/vc_column_text][\/vc_column][\/vc_row][vc_row][vc_column][vc_column_text] Florida Universit\u00e0ria, a trav\u00e9s de una metodolog\u00eda din\u00e1mica y b\u00e1sicamente pr\u00e1ctica, prepara\u00a0futuros profesionales del marco de la educaci\u00f3n, capaces de adaptarse al cambio con facilidad, potenciando su esp\u00edritu de iniciativa y capacidad para trabajar en equipo a trav\u00e9s de\u00a0metodolog\u00edas activas e innovadoras\u00a0y una atenci\u00f3n personalizada. &nbsp; FORMACI\u00d3N SUPERIOR Florida [&hellip;]<\/p>\n","protected":false},"author":14,"featured_media":0,"parent":0,"menu_order":0,"comment_status":"closed","ping_status":"closed","template":"page-fullwidth.php","meta":{"jetpack_post_was_ever_published":false,"footnotes":""},"class_list":["post-16","page","type-page","status-publish","hentry"],"yoast_head":"<!-- This site is optimized with the Yoast SEO plugin v21.6 - https:\/\/yoast.com\/wordpress\/plugins\/seo\/ -->\n<title>Experiencia Educaci\u00f3n - Experiencia Florida: Blog<\/title>\n<meta name=\"robots\" content=\"index, follow, max-snippet:-1, max-image-preview:large, max-video-preview:-1\" \/>\n<link rel=\"canonical\" href=\"https:\/\/blogs.florida.es\/floridauniversitariablog\/educacion\/\" \/>\n<meta property=\"og:locale\" content=\"es_ES\" \/>\n<meta property=\"og:type\" content=\"article\" \/>\n<meta property=\"og:title\" content=\"Experiencia Educaci\u00f3n - Experiencia Florida: Blog\" \/>\n<meta property=\"og:description\" content=\"[vc_row][vc_column][vc_column_text] Titulaciones Educaci\u00f3n Emprendedora Proyectos [\/vc_column_text][\/vc_column][\/vc_row][vc_row][vc_column][vc_column_text] Florida Universit\u00e0ria, a trav\u00e9s de una metodolog\u00eda din\u00e1mica y b\u00e1sicamente pr\u00e1ctica, prepara\u00a0futuros profesionales del marco de la educaci\u00f3n, capaces de adaptarse al cambio con facilidad, potenciando su esp\u00edritu de iniciativa y capacidad para trabajar en equipo a trav\u00e9s de\u00a0metodolog\u00edas activas e innovadoras\u00a0y una atenci\u00f3n personalizada. &nbsp; FORMACI\u00d3N SUPERIOR Florida [&hellip;]\" \/>\n<meta property=\"og:url\" content=\"https:\/\/blogs.florida.es\/floridauniversitariablog\/educacion\/\" \/>\n<meta property=\"og:site_name\" content=\"Experiencia Florida: Blog\" \/>\n<meta property=\"article:modified_time\" content=\"2021-02-17T10:10:10+00:00\" \/>\n<meta property=\"og:image\" content=\"https:\/\/blogs.florida.es\/floridauniversitariablog\/wp-content\/uploads\/sites\/19\/2018\/10\/FLORIDA-UNIVERSITARIA.png\" \/>\n<meta name=\"twitter:card\" content=\"summary_large_image\" \/>\n<meta name=\"twitter:label1\" content=\"Tiempo de lectura\" \/>\n\t<meta name=\"twitter:data1\" content=\"6 minutos\" \/>\n<script type=\"application\/ld+json\" class=\"yoast-schema-graph\">{\"@context\":\"https:\/\/schema.org\",\"@graph\":[{\"@type\":\"WebPage\",\"@id\":\"https:\/\/blogs.florida.es\/floridauniversitariablog\/educacion\/\",\"url\":\"https:\/\/blogs.florida.es\/floridauniversitariablog\/educacion\/\",\"name\":\"Experiencia Educaci\u00f3n - Experiencia Florida: Blog\",\"isPartOf\":{\"@id\":\"https:\/\/blogs.florida.es\/floridauniversitariablog\/#website\"},\"datePublished\":\"2018-10-23T11:35:19+00:00\",\"dateModified\":\"2021-02-17T10:10:10+00:00\",\"breadcrumb\":{\"@id\":\"https:\/\/blogs.florida.es\/floridauniversitariablog\/educacion\/#breadcrumb\"},\"inLanguage\":\"es\",\"potentialAction\":[{\"@type\":\"ReadAction\",\"target\":[\"https:\/\/blogs.florida.es\/floridauniversitariablog\/educacion\/\"]}]},{\"@type\":\"BreadcrumbList\",\"@id\":\"https:\/\/blogs.florida.es\/floridauniversitariablog\/educacion\/#breadcrumb\",\"itemListElement\":[{\"@type\":\"ListItem\",\"position\":1,\"name\":\"Portada\",\"item\":\"https:\/\/blogs.florida.es\/floridauniversitariablog\/\"},{\"@type\":\"ListItem\",\"position\":2,\"name\":\"Experiencia Educaci\u00f3n\"}]},{\"@type\":\"WebSite\",\"@id\":\"https:\/\/blogs.florida.es\/floridauniversitariablog\/#website\",\"url\":\"https:\/\/blogs.florida.es\/floridauniversitariablog\/\",\"name\":\"Experiencia Florida: Blog\",\"description\":\"Experiencia Florida: Nuestro Blog\",\"potentialAction\":[{\"@type\":\"SearchAction\",\"target\":{\"@type\":\"EntryPoint\",\"urlTemplate\":\"https:\/\/blogs.florida.es\/floridauniversitariablog\/?s={search_term_string}\"},\"query-input\":\"required name=search_term_string\"}],\"inLanguage\":\"es\"}]}<\/script>\n<!-- \/ Yoast SEO plugin. -->","yoast_head_json":{"title":"Experiencia Educaci\u00f3n - Experiencia Florida: Blog","robots":{"index":"index","follow":"follow","max-snippet":"max-snippet:-1","max-image-preview":"max-image-preview:large","max-video-preview":"max-video-preview:-1"},"canonical":"https:\/\/blogs.florida.es\/floridauniversitariablog\/educacion\/","og_locale":"es_ES","og_type":"article","og_title":"Experiencia Educaci\u00f3n - Experiencia Florida: Blog","og_description":"[vc_row][vc_column][vc_column_text] Titulaciones Educaci\u00f3n Emprendedora Proyectos [\/vc_column_text][\/vc_column][\/vc_row][vc_row][vc_column][vc_column_text] Florida Universit\u00e0ria, a trav\u00e9s de una metodolog\u00eda din\u00e1mica y b\u00e1sicamente pr\u00e1ctica, prepara\u00a0futuros profesionales del marco de la educaci\u00f3n, capaces de adaptarse al cambio con facilidad, potenciando su esp\u00edritu de iniciativa y capacidad para trabajar en equipo a trav\u00e9s de\u00a0metodolog\u00edas activas e innovadoras\u00a0y una atenci\u00f3n personalizada. &nbsp; FORMACI\u00d3N SUPERIOR Florida [&hellip;]","og_url":"https:\/\/blogs.florida.es\/floridauniversitariablog\/educacion\/","og_site_name":"Experiencia Florida: Blog","article_modified_time":"2021-02-17T10:10:10+00:00","og_image":[{"url":"https:\/\/blogs.florida.es\/floridauniversitariablog\/wp-content\/uploads\/sites\/19\/2018\/10\/FLORIDA-UNIVERSITARIA.png"}],"twitter_card":"summary_large_image","twitter_misc":{"Tiempo de lectura":"6 minutos"},"schema":{"@context":"https:\/\/schema.org","@graph":[{"@type":"WebPage","@id":"https:\/\/blogs.florida.es\/floridauniversitariablog\/educacion\/","url":"https:\/\/blogs.florida.es\/floridauniversitariablog\/educacion\/","name":"Experiencia Educaci\u00f3n - Experiencia Florida: Blog","isPartOf":{"@id":"https:\/\/blogs.florida.es\/floridauniversitariablog\/#website"},"datePublished":"2018-10-23T11:35:19+00:00","dateModified":"2021-02-17T10:10:10+00:00","breadcrumb":{"@id":"https:\/\/blogs.florida.es\/floridauniversitariablog\/educacion\/#breadcrumb"},"inLanguage":"es","potentialAction":[{"@type":"ReadAction","target":["https:\/\/blogs.florida.es\/floridauniversitariablog\/educacion\/"]}]},{"@type":"BreadcrumbList","@id":"https:\/\/blogs.florida.es\/floridauniversitariablog\/educacion\/#breadcrumb","itemListElement":[{"@type":"ListItem","position":1,"name":"Portada","item":"https:\/\/blogs.florida.es\/floridauniversitariablog\/"},{"@type":"ListItem","position":2,"name":"Experiencia Educaci\u00f3n"}]},{"@type":"WebSite","@id":"https:\/\/blogs.florida.es\/floridauniversitariablog\/#website","url":"https:\/\/blogs.florida.es\/floridauniversitariablog\/","name":"Experiencia Florida: Blog","description":"Experiencia Florida: Nuestro Blog","potentialAction":[{"@type":"SearchAction","target":{"@type":"EntryPoint","urlTemplate":"https:\/\/blogs.florida.es\/floridauniversitariablog\/?s={search_term_string}"},"query-input":"required name=search_term_string"}],"inLanguage":"es"}]}},"jetpack_sharing_enabled":true,"jetpack_shortlink":"https:\/\/wp.me\/Pau61W-g","post_mailing_queue_ids":[],"_links":{"self":[{"href":"https:\/\/blogs.florida.es\/floridauniversitariablog\/wp-json\/wp\/v2\/pages\/16","targetHints":{"allow":["GET"]}}],"collection":[{"href":"https:\/\/blogs.florida.es\/floridauniversitariablog\/wp-json\/wp\/v2\/pages"}],"about":[{"href":"https:\/\/blogs.florida.es\/floridauniversitariablog\/wp-json\/wp\/v2\/types\/page"}],"author":[{"embeddable":true,"href":"https:\/\/blogs.florida.es\/floridauniversitariablog\/wp-json\/wp\/v2\/users\/14"}],"replies":[{"embeddable":true,"href":"https:\/\/blogs.florida.es\/floridauniversitariablog\/wp-json\/wp\/v2\/comments?post=16"}],"version-history":[{"count":12,"href":"https:\/\/blogs.florida.es\/floridauniversitariablog\/wp-json\/wp\/v2\/pages\/16\/revisions"}],"predecessor-version":[{"id":6286,"href":"https:\/\/blogs.florida.es\/floridauniversitariablog\/wp-json\/wp\/v2\/pages\/16\/revisions\/6286"}],"wp:attachment":[{"href":"https:\/\/blogs.florida.es\/floridauniversitariablog\/wp-json\/wp\/v2\/media?parent=16"}],"curies":[{"name":"wp","href":"https:\/\/api.w.org\/{rel}","templated":true}]}}