{"id":20,"date":"2018-10-23T11:35:45","date_gmt":"2018-10-23T11:35:45","guid":{"rendered":"http:\/\/blogs.florida.es\/floridauniversitariablog\/?page_id=20"},"modified":"2021-02-10T14:03:26","modified_gmt":"2021-02-10T14:03:26","slug":"turismo","status":"publish","type":"page","link":"https:\/\/blogs.florida.es\/floridauniversitariablog\/turismo\/","title":{"rendered":"Experiencia Turismo"},"content":{"rendered":"<p>[vc_row gap=\u00bb20&#8243;][vc_column width=\u00bb2\/3&#8243;][vc_column_text]<\/p>\n<p style=\"text-align: justify\">En<strong>\u00a0Florida Universit\u00e0ria<\/strong>\u00a0formamos profesionales del sector tur\u00edstico, centr\u00e1ndonos en la gesti\u00f3n innovadora de las actividades tur\u00edsticas, hoteleras y de ocio, desarrollando la capacidad de comunicaci\u00f3n en diferentes idiomas. Una oferta formativa que engloba desde Ciclos Formativos a Grados y Postgrados.<\/p>\n<p style=\"text-align: justify\"><strong>FORMACI\u00d3N SUPERIOR<\/strong><\/p>\n<ul>\n<li><a href=\"https:\/\/www.floridauniversitaria.es\/es-ES\/OfertaAcademica\/ciclosformativos\/Paginas\/desarrollo-aplicaciones-web-online.aspx?Perfil=Florida+Universitaria&amp;cicloformativo=DAW+Online+y+especialista+en+Cloud+Computing\" target=\"_blank\" rel=\"noopener noreferrer\">Grado de Turismo y T\u00edtulo Propio en Gesti\u00f3n Innovadora de la Hospitalidad y del Ocio<\/a><\/li>\n<li><a title=\"\" href=\"https:\/\/www.floridauniversitaria.es\/es-ES\/OfertaAcademica\/grados\/Paginas\/Grado-en-Turismo-Administracion-y-Direccion-de-Empresas.aspx?Perfil=Florida+Universitaria&amp;Grado=Grado+en+Turismo+y+ADE\" target=\"_blank\" rel=\"noopener noreferrer\">Grado en Turismo y Grado en Administraci\u00f3n y Direcci\u00f3n de Empresas<\/a><\/li>\n<li><a href=\"https:\/\/bschool.floridauniversitaria.es\/masteres-especializados\/master-direccion-restaurantes\/\">M\u00e1ster en Direcci\u00f3n de Restaurantes y F&amp;B Hotelero<\/a><\/li>\n<\/ul>\n<p><strong>FORMACI\u00d3N CONTINUA PARA PROFESIONALES DEL SECTOR<img loading=\"lazy\" decoding=\"async\" class=\"alignnone size-full wp-image-68 alignright\" src=\"https:\/\/blogs.florida.es\/floridauniversitariablog\/wp-content\/uploads\/sites\/19\/2018\/10\/pantallazo-video-turismo31.png\" alt=\"\" width=\"400\" height=\"150\" \/><\/strong><\/p>\n<p style=\"text-align: justify\">En Florida Universit\u00e0ria estamos inmersos en la realidad empresarial, incrementando la capacidad competitiva de las empresas tur\u00edsticas valencianas y mejorando las capacidades de los actuales profesionales a trav\u00e9s de una\u00a0formaci\u00f3n continua\u00a0y especializada adaptada a las empresas del sector.<\/p>\n<p>[\/vc_column_text][\/vc_column][vc_column width=\u00bb1\/3&#8243;][vc_single_image image=\u00bb6209&#8243; img_size=\u00bbmedium\u00bb][vc_single_image image=\u00bb6211&#8243; img_size=\u00bbfull\u00bb][\/vc_column][\/vc_row][vc_row][vc_column][vc_custom_heading text=\u00bbTITULACIONES\u00bb font_container=\u00bbtag:h1|text_align:center|color:%23dd3333&#8243;][vc_row_inner][vc_column_inner width=\u00bb1\/2&#8243;][vc_custom_heading text=\u00bbGRADOS\u00bb font_container=\u00bbtag:h2|text_align:center|color:%23dd3333&#8243;][vc_column_text]<\/p>\n<p style=\"text-align: justify\"><span style=\"color: #000000;font-family: arial;font-size: 16px\"><strong>Grado en Turismo<\/strong>.\u00a0El Grado Oficial en Turismo junto con el t\u00edtulo propio en Gesti\u00f3n Innovadora de la Hospitalidad y del Ocio (GIHO), responde a los retos actuales y futuros que plantea el sector tur\u00edstico, sector de suma importancia en la generaci\u00f3n de riqueza y empleo a nivel regional, nacional e internacional. Por eso, la industria del turismo demanda profesionales comprometidos, cualificados, h\u00e1biles, \u00e1giles de pensamiento, y abiertos a los cambios que la sociedad demanda.<\/span><\/p>\n<p style=\"text-align: justify\"><span style=\"color: #999999\"><a href=\"https:\/\/www.floridauniversitaria.es\/es-ES\/OfertaAcademica\/grados\/Paginas\/grado-turismo.aspx?Perfil=Florida+Universitaria&amp;Grado=Grado+en+Turismo\" target=\"_blank\" rel=\"noopener noreferrer\"><img loading=\"lazy\" decoding=\"async\" class=\"wp-image-711 aligncenter\" src=\"https:\/\/blogs.florida.es\/floridauniversitariaempresa\/wp-content\/uploads\/sites\/16\/2018\/11\/visitra-web.png\" alt=\"\" width=\"200\" height=\"40\" \/><\/a><\/span><\/p>\n<p style=\"text-align: center\"><span style=\"color: #999999\">&#8212;&#8212;&#8212;&#8212;&#8212;&#8212;&#8212;&#8212;&#8212;&#8212;&#8212;&#8212;&#8212;&#8212;&#8212;&#8212;&#8212;&#8212;&#8212;&#8212;&#8212;&#8211;<\/span><\/p>\n<p style=\"text-align: justify\"><span style=\"color: #000000;font-family: arial;font-size: 16px\"><strong>Grado en Turismo y Grado Administraci\u00f3n y Direcci\u00f3n de Empresas.<\/strong> Entra en el mercado laboral con dos titulaciones que permitir\u00e1n liderar el mundo de los negocios y el sector tur\u00edstico. Florida Universit\u00e0ria oferta los Grados en Turismo y Administraci\u00f3n y Direcci\u00f3n de Empresas de forma simult\u00e1nea. El importante crecimiento de la actividad tur\u00edstica a nivel mundial hacen que ambas titulaciones, adscritas a la Universitat de Val\u00e8ncia, tengan una alta demanda. Su itinerario acad\u00e9mico permite simultanear ambas titulaciones y obtener los dos grados, alcanzando al mismo tiempo un elevado nivel de cualificaci\u00f3n profesional. <\/span><\/p>\n<p><span style=\"color: #999999\"><a href=\"https:\/\/www.floridauniversitaria.es\/es-ES\/OfertaAcademica\/grados\/Paginas\/Grado-en-Turismo-Administracion-y-Direccion-de-Empresas.aspx?Perfil=Florida+Universitaria&amp;Grado=Grado+en+Turismo+y+ADE\" target=\"_blank\" rel=\"noopener noreferrer\"><img loading=\"lazy\" decoding=\"async\" class=\"wp-image-711 aligncenter\" src=\"https:\/\/blogs.florida.es\/floridauniversitariaempresa\/wp-content\/uploads\/sites\/16\/2018\/11\/visitra-web.png\" alt=\"\" width=\"200\" height=\"40\" \/><\/a><\/span>[\/vc_column_text][\/vc_column_inner][vc_column_inner width=\u00bb1\/2&#8243;][vc_custom_heading text=\u00bbPOSTGRADOS\u00bb font_container=\u00bbtag:h2|text_align:center|color:%23dd3333&#8243;][vc_column_text]<\/p>\n<p style=\"text-align: justify\"><span style=\"color: #000000;font-family: arial;font-size: 16px\"><strong>M\u00e1ster en Direcci\u00f3n de Restaurantes y F&amp;B Hotelero <\/strong>.\u00a0El M\u00e1ster en Direcci\u00f3n de Restaurantes y F&amp;B Hotelero de Gastrouni en Valencia, titulado por Florida Universitaria, y en colaboraci\u00f3n con la Federaci\u00f3n Empresarial de Hosteler\u00eda de Valencia (FEHV), aporta al sector de la restauraci\u00f3n, la hosteler\u00eda y al departamento de F&amp;B hotelero las herramientas pr\u00e1cticas necesarias para gestionar, optimizar y rentabilizar de forma m\u00e1s profesional los establecimientos hosteleros mediante las nuevas t\u00e9cnicas de gesti\u00f3n empresarial.<\/span><\/p>\n<p style=\"text-align: justify\"><span style=\"color: #999999\"><a href=\"http:\/\/bschool.floridauniversitaria.es\/master-en-direccion-de-restaurantes\/\" target=\"_blank\" rel=\"noopener noreferrer\"><img loading=\"lazy\" decoding=\"async\" class=\"wp-image-711 aligncenter\" src=\"https:\/\/blogs.florida.es\/floridauniversitariaempresa\/wp-content\/uploads\/sites\/16\/2018\/11\/visitra-web.png\" alt=\"\" width=\"200\" height=\"40\" \/><\/a><\/span><\/p>\n<p>[\/vc_column_text][\/vc_column_inner][\/vc_row_inner][\/vc_column][\/vc_row]<\/p>\n","protected":false},"excerpt":{"rendered":"<p>[vc_row gap=\u00bb20&#8243;][vc_column width=\u00bb2\/3&#8243;][vc_column_text] En\u00a0Florida Universit\u00e0ria\u00a0formamos profesionales del sector tur\u00edstico, centr\u00e1ndonos en la gesti\u00f3n innovadora de las actividades tur\u00edsticas, hoteleras y de ocio, desarrollando la capacidad de comunicaci\u00f3n en diferentes idiomas. Una oferta formativa que engloba desde Ciclos Formativos a Grados y Postgrados. FORMACI\u00d3N SUPERIOR Grado de Turismo y T\u00edtulo Propio en Gesti\u00f3n Innovadora de la [&hellip;]<\/p>\n","protected":false},"author":14,"featured_media":0,"parent":0,"menu_order":0,"comment_status":"closed","ping_status":"closed","template":"page-fullwidth.php","meta":{"jetpack_post_was_ever_published":false,"footnotes":""},"class_list":["post-20","page","type-page","status-publish","hentry"],"yoast_head":"<!-- This site is optimized with the Yoast SEO plugin v21.6 - https:\/\/yoast.com\/wordpress\/plugins\/seo\/ -->\n<title>Experiencia Turismo - Experiencia Florida: Blog<\/title>\n<meta name=\"robots\" content=\"index, follow, max-snippet:-1, max-image-preview:large, max-video-preview:-1\" \/>\n<link rel=\"canonical\" href=\"https:\/\/blogs.florida.es\/floridauniversitariablog\/turismo\/\" \/>\n<meta property=\"og:locale\" content=\"es_ES\" \/>\n<meta property=\"og:type\" content=\"article\" \/>\n<meta property=\"og:title\" content=\"Experiencia Turismo - Experiencia Florida: Blog\" \/>\n<meta property=\"og:description\" content=\"[vc_row gap=\u00bb20&#8243;][vc_column width=\u00bb2\/3&#8243;][vc_column_text] En\u00a0Florida Universit\u00e0ria\u00a0formamos profesionales del sector tur\u00edstico, centr\u00e1ndonos en la gesti\u00f3n innovadora de las actividades tur\u00edsticas, hoteleras y de ocio, desarrollando la capacidad de comunicaci\u00f3n en diferentes idiomas. Una oferta formativa que engloba desde Ciclos Formativos a Grados y Postgrados. FORMACI\u00d3N SUPERIOR Grado de Turismo y T\u00edtulo Propio en Gesti\u00f3n Innovadora de la [&hellip;]\" \/>\n<meta property=\"og:url\" content=\"https:\/\/blogs.florida.es\/floridauniversitariablog\/turismo\/\" \/>\n<meta property=\"og:site_name\" content=\"Experiencia Florida: Blog\" \/>\n<meta property=\"article:modified_time\" content=\"2021-02-10T14:03:26+00:00\" \/>\n<meta property=\"og:image\" content=\"https:\/\/blogs.florida.es\/floridauniversitariablog\/wp-content\/uploads\/sites\/19\/2018\/10\/pantallazo-video-turismo31.png\" \/>\n<meta name=\"twitter:card\" content=\"summary_large_image\" \/>\n<meta name=\"twitter:label1\" content=\"Tiempo de lectura\" \/>\n\t<meta name=\"twitter:data1\" content=\"3 minutos\" \/>\n<script type=\"application\/ld+json\" class=\"yoast-schema-graph\">{\"@context\":\"https:\/\/schema.org\",\"@graph\":[{\"@type\":\"WebPage\",\"@id\":\"https:\/\/blogs.florida.es\/floridauniversitariablog\/turismo\/\",\"url\":\"https:\/\/blogs.florida.es\/floridauniversitariablog\/turismo\/\",\"name\":\"Experiencia Turismo - Experiencia Florida: Blog\",\"isPartOf\":{\"@id\":\"https:\/\/blogs.florida.es\/floridauniversitariablog\/#website\"},\"datePublished\":\"2018-10-23T11:35:45+00:00\",\"dateModified\":\"2021-02-10T14:03:26+00:00\",\"breadcrumb\":{\"@id\":\"https:\/\/blogs.florida.es\/floridauniversitariablog\/turismo\/#breadcrumb\"},\"inLanguage\":\"es\",\"potentialAction\":[{\"@type\":\"ReadAction\",\"target\":[\"https:\/\/blogs.florida.es\/floridauniversitariablog\/turismo\/\"]}]},{\"@type\":\"BreadcrumbList\",\"@id\":\"https:\/\/blogs.florida.es\/floridauniversitariablog\/turismo\/#breadcrumb\",\"itemListElement\":[{\"@type\":\"ListItem\",\"position\":1,\"name\":\"Portada\",\"item\":\"https:\/\/blogs.florida.es\/floridauniversitariablog\/\"},{\"@type\":\"ListItem\",\"position\":2,\"name\":\"Experiencia Turismo\"}]},{\"@type\":\"WebSite\",\"@id\":\"https:\/\/blogs.florida.es\/floridauniversitariablog\/#website\",\"url\":\"https:\/\/blogs.florida.es\/floridauniversitariablog\/\",\"name\":\"Experiencia Florida: Blog\",\"description\":\"Experiencia Florida: Nuestro Blog\",\"potentialAction\":[{\"@type\":\"SearchAction\",\"target\":{\"@type\":\"EntryPoint\",\"urlTemplate\":\"https:\/\/blogs.florida.es\/floridauniversitariablog\/?s={search_term_string}\"},\"query-input\":\"required name=search_term_string\"}],\"inLanguage\":\"es\"}]}<\/script>\n<!-- \/ Yoast SEO plugin. -->","yoast_head_json":{"title":"Experiencia Turismo - Experiencia Florida: Blog","robots":{"index":"index","follow":"follow","max-snippet":"max-snippet:-1","max-image-preview":"max-image-preview:large","max-video-preview":"max-video-preview:-1"},"canonical":"https:\/\/blogs.florida.es\/floridauniversitariablog\/turismo\/","og_locale":"es_ES","og_type":"article","og_title":"Experiencia Turismo - Experiencia Florida: Blog","og_description":"[vc_row gap=\u00bb20&#8243;][vc_column width=\u00bb2\/3&#8243;][vc_column_text] En\u00a0Florida Universit\u00e0ria\u00a0formamos profesionales del sector tur\u00edstico, centr\u00e1ndonos en la gesti\u00f3n innovadora de las actividades tur\u00edsticas, hoteleras y de ocio, desarrollando la capacidad de comunicaci\u00f3n en diferentes idiomas. Una oferta formativa que engloba desde Ciclos Formativos a Grados y Postgrados. FORMACI\u00d3N SUPERIOR Grado de Turismo y T\u00edtulo Propio en Gesti\u00f3n Innovadora de la [&hellip;]","og_url":"https:\/\/blogs.florida.es\/floridauniversitariablog\/turismo\/","og_site_name":"Experiencia Florida: Blog","article_modified_time":"2021-02-10T14:03:26+00:00","og_image":[{"url":"https:\/\/blogs.florida.es\/floridauniversitariablog\/wp-content\/uploads\/sites\/19\/2018\/10\/pantallazo-video-turismo31.png"}],"twitter_card":"summary_large_image","twitter_misc":{"Tiempo de lectura":"3 minutos"},"schema":{"@context":"https:\/\/schema.org","@graph":[{"@type":"WebPage","@id":"https:\/\/blogs.florida.es\/floridauniversitariablog\/turismo\/","url":"https:\/\/blogs.florida.es\/floridauniversitariablog\/turismo\/","name":"Experiencia Turismo - Experiencia Florida: Blog","isPartOf":{"@id":"https:\/\/blogs.florida.es\/floridauniversitariablog\/#website"},"datePublished":"2018-10-23T11:35:45+00:00","dateModified":"2021-02-10T14:03:26+00:00","breadcrumb":{"@id":"https:\/\/blogs.florida.es\/floridauniversitariablog\/turismo\/#breadcrumb"},"inLanguage":"es","potentialAction":[{"@type":"ReadAction","target":["https:\/\/blogs.florida.es\/floridauniversitariablog\/turismo\/"]}]},{"@type":"BreadcrumbList","@id":"https:\/\/blogs.florida.es\/floridauniversitariablog\/turismo\/#breadcrumb","itemListElement":[{"@type":"ListItem","position":1,"name":"Portada","item":"https:\/\/blogs.florida.es\/floridauniversitariablog\/"},{"@type":"ListItem","position":2,"name":"Experiencia Turismo"}]},{"@type":"WebSite","@id":"https:\/\/blogs.florida.es\/floridauniversitariablog\/#website","url":"https:\/\/blogs.florida.es\/floridauniversitariablog\/","name":"Experiencia Florida: Blog","description":"Experiencia Florida: Nuestro Blog","potentialAction":[{"@type":"SearchAction","target":{"@type":"EntryPoint","urlTemplate":"https:\/\/blogs.florida.es\/floridauniversitariablog\/?s={search_term_string}"},"query-input":"required name=search_term_string"}],"inLanguage":"es"}]}},"jetpack_sharing_enabled":true,"jetpack_shortlink":"https:\/\/wp.me\/Pau61W-k","post_mailing_queue_ids":[],"_links":{"self":[{"href":"https:\/\/blogs.florida.es\/floridauniversitariablog\/wp-json\/wp\/v2\/pages\/20","targetHints":{"allow":["GET"]}}],"collection":[{"href":"https:\/\/blogs.florida.es\/floridauniversitariablog\/wp-json\/wp\/v2\/pages"}],"about":[{"href":"https:\/\/blogs.florida.es\/floridauniversitariablog\/wp-json\/wp\/v2\/types\/page"}],"author":[{"embeddable":true,"href":"https:\/\/blogs.florida.es\/floridauniversitariablog\/wp-json\/wp\/v2\/users\/14"}],"replies":[{"embeddable":true,"href":"https:\/\/blogs.florida.es\/floridauniversitariablog\/wp-json\/wp\/v2\/comments?post=20"}],"version-history":[{"count":22,"href":"https:\/\/blogs.florida.es\/floridauniversitariablog\/wp-json\/wp\/v2\/pages\/20\/revisions"}],"predecessor-version":[{"id":6216,"href":"https:\/\/blogs.florida.es\/floridauniversitariablog\/wp-json\/wp\/v2\/pages\/20\/revisions\/6216"}],"wp:attachment":[{"href":"https:\/\/blogs.florida.es\/floridauniversitariablog\/wp-json\/wp\/v2\/media?parent=20"}],"curies":[{"name":"wp","href":"https:\/\/api.w.org\/{rel}","templated":true}]}}