{"id":24,"date":"2018-10-23T11:36:21","date_gmt":"2018-10-23T11:36:21","guid":{"rendered":"http:\/\/blogs.florida.es\/floridauniversitariablog\/?page_id=24"},"modified":"2021-02-10T13:24:20","modified_gmt":"2021-02-10T13:24:20","slug":"deporte","status":"publish","type":"page","link":"https:\/\/blogs.florida.es\/floridauniversitariablog\/deporte\/","title":{"rendered":"Experiencia Deporte"},"content":{"rendered":"<p>[vc_row][vc_column][vc_column_text]<\/p>\n<p style=\"text-align: justify\"><strong><a href=\"http:\/\/www.floridauniversitaria.es\/\" target=\"_blank\" rel=\"noopener noreferrer\">Florida Universit\u00e0ria<\/a>\u00a0<\/strong>cuenta con formaci\u00f3n en el \u00e1rea deportiva. A trav\u00e9s de una metodolog\u00eda din\u00e1mica y b\u00e1sicamente pr\u00e1ctica, prepara\u00a0futuros profesionales del marco del deporte, la actividad f\u00edsica, el medio natural, etc\u2026<\/p>\n<p style=\"text-align: justify\">En Florida Universit\u00e0ria puedes cursar una amplia variedad de estudios\u00a0relacionados con el mundo del deporte. Desde\u00a0<strong>CICLOS FORMATIVOS\u00a0<\/strong>oficiales, como <a href=\"https:\/\/www.floridauniversitaria.es\/es-ES\/OfertaAcademica\/ciclosformativos\/Paginas\/Ensenyanza-y-Animacion-Sociodeportiva.aspx?Perfil=Florida+Universitaria&amp;cicloformativo=Ense%c3%b1anza+y+Animaci%c3%b3n+Sociodeportiva\" target=\"_blank\" rel=\"noopener noreferrer\">Ense\u00f1anza y Animaci\u00f3n Sociodeportiva<\/a> y <a href=\"http:\/\/www.floridauniversitaria.es\/es-ES\/OfertaAcademica\/ciclosformativos\/Paginas\/conduccion-actividades-fisico-deportivas-medio-natural.aspx?Perfil=Florida+Universitaria&amp;cicloformativo=Conducci%c3%b3n+de+Actividades+F%c3%adsico-Deportivas+en+el+Medio+Natural\" target=\"_blank\" rel=\"noopener noreferrer\">Conducci\u00f3n de Actividades F\u00edsico-Deportivas en el Medio Natural<\/a>. Tambi\u00e9n un <strong>M\u00c1STER<\/strong> en <a href=\"https:\/\/bschool.floridauniversitaria.es\/masteres-especializados\/master-coaching-deportivo\/\" target=\"_blank\" rel=\"noopener noreferrer\">Psicolog\u00eda y Coaching del Deporte y de la Actividad F\u00edsica<\/a>.<\/p>\n<p>[\/vc_column_text][\/vc_column][\/vc_row][vc_row][vc_column][vc_custom_heading text=\u00bbTITULACIONES\u00bb font_container=\u00bbtag:h1|text_align:center|color:%23dd3333&#8243;][vc_row_inner][vc_column_inner width=\u00bb1\/2&#8243;][vc_custom_heading text=\u00bbCICLOS FORMATIVOS\u00bb font_container=\u00bbtag:h2|text_align:center|color:%23dd3333&#8243;][vc_column_text]<\/p>\n<p style=\"text-align: justify\"><span style=\"color: #000000;font-family: arial;font-size: 16px\"><strong>Conducci\u00f3n de Actividades F\u00edsico Deportivas en el Medio Natural<\/strong>. Este Ciclo Formativo de Grado Medio te forma como T\u00e9cnico\/a en Conducci\u00f3n de actividades f\u00edsico deportivas en el medio natural, permiti\u00e9ndote la especializaci\u00f3n posterior como T\u00e9cnico de Actividades f\u00edsico deportiva. Florida Universit\u00e0ria ofrece la posibilidad de cursar este ciclo formativo en la modalidad dual<\/span><\/p>\n<p><span style=\"color: #999999\"><a href=\"https:\/\/www.floridauniversitaria.es\/es-ES\/OfertaAcademica\/ciclosformativos\/Paginas\/conduccion-actividades-fisico-deportivas-medio-natural.aspx?Perfil=Florida+Universitaria&amp;cicloformativo=Conducci%c3%b3n+de+Actividades+F%c3%adsico-Deportivas+en+el+Medio+Natural\" target=\"_blank\" rel=\"noopener noreferrer\"><img loading=\"lazy\" decoding=\"async\" class=\"wp-image-711 aligncenter\" src=\"https:\/\/blogs.florida.es\/floridauniversitariaempresa\/wp-content\/uploads\/sites\/16\/2018\/11\/visitra-web.png\" alt=\"\" width=\"200\" height=\"40\" \/><\/a><\/span><\/p>\n<p style=\"text-align: center\"><span style=\"color: #999999\">&#8212;&#8212;&#8212;&#8212;&#8212;&#8212;&#8212;&#8212;&#8212;&#8212;&#8212;&#8212;&#8212;&#8212;&#8212;&#8212;&#8212;&#8212;&#8212;&#8212;&#8212;&#8211;<\/span><\/p>\n<p style=\"text-align: justify\"><span style=\"color: #000000;font-family: arial;font-size: 16px\"><strong>Ense\u00f1anza y Animaci\u00f3n Sociodeportiva.<\/strong> Este Ciclo Formativo de Grado Superior concertado te forma como T\u00e9cnico\/a Superior en Ense\u00f1anza y Animaci\u00f3n Sociodeportiva, especializ\u00e1ndote en la organizaci\u00f3n y dinamizaci\u00f3n de juegos y actividades de acondicionamiento f\u00edsico. Florida Universit\u00e0ria ofrece la posibilidad de cursar este ciclo formativo en la modalidad dual.<\/span><\/p>\n<p><span style=\"color: #999999\"><a href=\"https:\/\/www.floridauniversitaria.es\/es-ES\/OfertaAcademica\/ciclosformativos\/Paginas\/Ensenyanza-y-Animacion-Sociodeportiva.aspx?Perfil=Florida+Universitaria&amp;cicloformativo=Ense%c3%b1anza+y+Animaci%c3%b3n+Sociodeportiva\" target=\"_blank\" rel=\"noopener noreferrer\"><img loading=\"lazy\" decoding=\"async\" class=\"alignnone wp-image-711 aligncenter\" src=\"https:\/\/blogs.florida.es\/floridauniversitariaempresa\/wp-content\/uploads\/sites\/16\/2018\/11\/visitra-web.png\" alt=\"\" width=\"200\" height=\"40\" \/><\/a><\/span>[\/vc_column_text][\/vc_column_inner][vc_column_inner width=\u00bb1\/2&#8243;][vc_custom_heading text=\u00bbPOSTGRADOS\u00bb font_container=\u00bbtag:h2|text_align:center|color:%23dd3333&#8243;][vc_column_text]<\/p>\n<p style=\"text-align: justify\"><span style=\"color: #000000;font-family: arial;font-size: 16px\">El <strong>M\u00e1ster en Psicolog\u00eda y Coaching del Deporte y de la Actividad F\u00edsica<\/strong>, En el deporte, cada vez se hace m\u00e1s necesaria la adquisici\u00f3n de nuevas estrategias y abordajes profesionales que permitan potenciar el rendimiento tanto de equipos deportivos como de deportistas a nivel individual siempre desde los diferentes roles profesionales. En este contexto surge el M\u00e1ster en Psicolog\u00eda y Coaching del Deporte y de la Actividad F\u00edsica, que forma parte de la oferta de t\u00edtulos propios de Florida Universit\u00e0ria y que permite mejorar los conocimientos y competencias profesionales de los diferentes especialistas del deporte.<\/span><\/p>\n<p><span style=\"color: #999999\"><a href=\"http:\/\/bschool.floridauniversitaria.es\/master-en-coaching-deportivo\/\" target=\"_blank\" rel=\"noopener noreferrer\"><img loading=\"lazy\" decoding=\"async\" class=\"wp-image-711 aligncenter\" src=\"https:\/\/blogs.florida.es\/floridauniversitariaempresa\/wp-content\/uploads\/sites\/16\/2018\/11\/visitra-web.png\" alt=\"\" width=\"200\" height=\"40\" \/><\/a><\/span>[\/vc_column_text][\/vc_column_inner][\/vc_row_inner][\/vc_column][\/vc_row]<\/p>\n","protected":false},"excerpt":{"rendered":"<p>[vc_row][vc_column][vc_column_text] Florida Universit\u00e0ria\u00a0cuenta con formaci\u00f3n en el \u00e1rea deportiva. A trav\u00e9s de una metodolog\u00eda din\u00e1mica y b\u00e1sicamente pr\u00e1ctica, prepara\u00a0futuros profesionales del marco del deporte, la actividad f\u00edsica, el medio natural, etc\u2026 En Florida Universit\u00e0ria puedes cursar una amplia variedad de estudios\u00a0relacionados con el mundo del deporte. Desde\u00a0CICLOS FORMATIVOS\u00a0oficiales, como Ense\u00f1anza y Animaci\u00f3n Sociodeportiva y Conducci\u00f3n [&hellip;]<\/p>\n","protected":false},"author":14,"featured_media":0,"parent":0,"menu_order":0,"comment_status":"closed","ping_status":"closed","template":"page-fullwidth.php","meta":{"jetpack_post_was_ever_published":false,"footnotes":""},"class_list":["post-24","page","type-page","status-publish","hentry"],"yoast_head":"<!-- This site is optimized with the Yoast SEO plugin v21.6 - https:\/\/yoast.com\/wordpress\/plugins\/seo\/ -->\n<title>Experiencia Deporte - Experiencia Florida: Blog<\/title>\n<meta name=\"robots\" content=\"index, follow, max-snippet:-1, max-image-preview:large, max-video-preview:-1\" \/>\n<link rel=\"canonical\" href=\"https:\/\/blogs.florida.es\/floridauniversitariablog\/deporte\/\" \/>\n<meta property=\"og:locale\" content=\"es_ES\" \/>\n<meta property=\"og:type\" content=\"article\" \/>\n<meta property=\"og:title\" content=\"Experiencia Deporte - Experiencia Florida: Blog\" \/>\n<meta property=\"og:description\" content=\"[vc_row][vc_column][vc_column_text] Florida Universit\u00e0ria\u00a0cuenta con formaci\u00f3n en el \u00e1rea deportiva. A trav\u00e9s de una metodolog\u00eda din\u00e1mica y b\u00e1sicamente pr\u00e1ctica, prepara\u00a0futuros profesionales del marco del deporte, la actividad f\u00edsica, el medio natural, etc\u2026 En Florida Universit\u00e0ria puedes cursar una amplia variedad de estudios\u00a0relacionados con el mundo del deporte. Desde\u00a0CICLOS FORMATIVOS\u00a0oficiales, como Ense\u00f1anza y Animaci\u00f3n Sociodeportiva y Conducci\u00f3n [&hellip;]\" \/>\n<meta property=\"og:url\" content=\"https:\/\/blogs.florida.es\/floridauniversitariablog\/deporte\/\" \/>\n<meta property=\"og:site_name\" content=\"Experiencia Florida: Blog\" \/>\n<meta property=\"article:modified_time\" content=\"2021-02-10T13:24:20+00:00\" \/>\n<meta property=\"og:image\" content=\"https:\/\/blogs.florida.es\/floridauniversitariaempresa\/wp-content\/uploads\/sites\/16\/2018\/11\/visitra-web.png\" \/>\n<meta name=\"twitter:card\" content=\"summary_large_image\" \/>\n<meta name=\"twitter:label1\" content=\"Tiempo de lectura\" \/>\n\t<meta name=\"twitter:data1\" content=\"2 minutos\" \/>\n<script type=\"application\/ld+json\" class=\"yoast-schema-graph\">{\"@context\":\"https:\/\/schema.org\",\"@graph\":[{\"@type\":\"WebPage\",\"@id\":\"https:\/\/blogs.florida.es\/floridauniversitariablog\/deporte\/\",\"url\":\"https:\/\/blogs.florida.es\/floridauniversitariablog\/deporte\/\",\"name\":\"Experiencia Deporte - Experiencia Florida: Blog\",\"isPartOf\":{\"@id\":\"https:\/\/blogs.florida.es\/floridauniversitariablog\/#website\"},\"datePublished\":\"2018-10-23T11:36:21+00:00\",\"dateModified\":\"2021-02-10T13:24:20+00:00\",\"breadcrumb\":{\"@id\":\"https:\/\/blogs.florida.es\/floridauniversitariablog\/deporte\/#breadcrumb\"},\"inLanguage\":\"es\",\"potentialAction\":[{\"@type\":\"ReadAction\",\"target\":[\"https:\/\/blogs.florida.es\/floridauniversitariablog\/deporte\/\"]}]},{\"@type\":\"BreadcrumbList\",\"@id\":\"https:\/\/blogs.florida.es\/floridauniversitariablog\/deporte\/#breadcrumb\",\"itemListElement\":[{\"@type\":\"ListItem\",\"position\":1,\"name\":\"Portada\",\"item\":\"https:\/\/blogs.florida.es\/floridauniversitariablog\/\"},{\"@type\":\"ListItem\",\"position\":2,\"name\":\"Experiencia Deporte\"}]},{\"@type\":\"WebSite\",\"@id\":\"https:\/\/blogs.florida.es\/floridauniversitariablog\/#website\",\"url\":\"https:\/\/blogs.florida.es\/floridauniversitariablog\/\",\"name\":\"Experiencia Florida: Blog\",\"description\":\"Experiencia Florida: Nuestro Blog\",\"potentialAction\":[{\"@type\":\"SearchAction\",\"target\":{\"@type\":\"EntryPoint\",\"urlTemplate\":\"https:\/\/blogs.florida.es\/floridauniversitariablog\/?s={search_term_string}\"},\"query-input\":\"required name=search_term_string\"}],\"inLanguage\":\"es\"}]}<\/script>\n<!-- \/ Yoast SEO plugin. -->","yoast_head_json":{"title":"Experiencia Deporte - Experiencia Florida: Blog","robots":{"index":"index","follow":"follow","max-snippet":"max-snippet:-1","max-image-preview":"max-image-preview:large","max-video-preview":"max-video-preview:-1"},"canonical":"https:\/\/blogs.florida.es\/floridauniversitariablog\/deporte\/","og_locale":"es_ES","og_type":"article","og_title":"Experiencia Deporte - Experiencia Florida: Blog","og_description":"[vc_row][vc_column][vc_column_text] Florida Universit\u00e0ria\u00a0cuenta con formaci\u00f3n en el \u00e1rea deportiva. A trav\u00e9s de una metodolog\u00eda din\u00e1mica y b\u00e1sicamente pr\u00e1ctica, prepara\u00a0futuros profesionales del marco del deporte, la actividad f\u00edsica, el medio natural, etc\u2026 En Florida Universit\u00e0ria puedes cursar una amplia variedad de estudios\u00a0relacionados con el mundo del deporte. Desde\u00a0CICLOS FORMATIVOS\u00a0oficiales, como Ense\u00f1anza y Animaci\u00f3n Sociodeportiva y Conducci\u00f3n [&hellip;]","og_url":"https:\/\/blogs.florida.es\/floridauniversitariablog\/deporte\/","og_site_name":"Experiencia Florida: Blog","article_modified_time":"2021-02-10T13:24:20+00:00","og_image":[{"url":"https:\/\/blogs.florida.es\/floridauniversitariaempresa\/wp-content\/uploads\/sites\/16\/2018\/11\/visitra-web.png"}],"twitter_card":"summary_large_image","twitter_misc":{"Tiempo de lectura":"2 minutos"},"schema":{"@context":"https:\/\/schema.org","@graph":[{"@type":"WebPage","@id":"https:\/\/blogs.florida.es\/floridauniversitariablog\/deporte\/","url":"https:\/\/blogs.florida.es\/floridauniversitariablog\/deporte\/","name":"Experiencia Deporte - Experiencia Florida: Blog","isPartOf":{"@id":"https:\/\/blogs.florida.es\/floridauniversitariablog\/#website"},"datePublished":"2018-10-23T11:36:21+00:00","dateModified":"2021-02-10T13:24:20+00:00","breadcrumb":{"@id":"https:\/\/blogs.florida.es\/floridauniversitariablog\/deporte\/#breadcrumb"},"inLanguage":"es","potentialAction":[{"@type":"ReadAction","target":["https:\/\/blogs.florida.es\/floridauniversitariablog\/deporte\/"]}]},{"@type":"BreadcrumbList","@id":"https:\/\/blogs.florida.es\/floridauniversitariablog\/deporte\/#breadcrumb","itemListElement":[{"@type":"ListItem","position":1,"name":"Portada","item":"https:\/\/blogs.florida.es\/floridauniversitariablog\/"},{"@type":"ListItem","position":2,"name":"Experiencia Deporte"}]},{"@type":"WebSite","@id":"https:\/\/blogs.florida.es\/floridauniversitariablog\/#website","url":"https:\/\/blogs.florida.es\/floridauniversitariablog\/","name":"Experiencia Florida: Blog","description":"Experiencia Florida: Nuestro Blog","potentialAction":[{"@type":"SearchAction","target":{"@type":"EntryPoint","urlTemplate":"https:\/\/blogs.florida.es\/floridauniversitariablog\/?s={search_term_string}"},"query-input":"required name=search_term_string"}],"inLanguage":"es"}]}},"jetpack_sharing_enabled":true,"jetpack_shortlink":"https:\/\/wp.me\/Pau61W-o","post_mailing_queue_ids":[],"_links":{"self":[{"href":"https:\/\/blogs.florida.es\/floridauniversitariablog\/wp-json\/wp\/v2\/pages\/24","targetHints":{"allow":["GET"]}}],"collection":[{"href":"https:\/\/blogs.florida.es\/floridauniversitariablog\/wp-json\/wp\/v2\/pages"}],"about":[{"href":"https:\/\/blogs.florida.es\/floridauniversitariablog\/wp-json\/wp\/v2\/types\/page"}],"author":[{"embeddable":true,"href":"https:\/\/blogs.florida.es\/floridauniversitariablog\/wp-json\/wp\/v2\/users\/14"}],"replies":[{"embeddable":true,"href":"https:\/\/blogs.florida.es\/floridauniversitariablog\/wp-json\/wp\/v2\/comments?post=24"}],"version-history":[{"count":14,"href":"https:\/\/blogs.florida.es\/floridauniversitariablog\/wp-json\/wp\/v2\/pages\/24\/revisions"}],"predecessor-version":[{"id":6201,"href":"https:\/\/blogs.florida.es\/floridauniversitariablog\/wp-json\/wp\/v2\/pages\/24\/revisions\/6201"}],"wp:attachment":[{"href":"https:\/\/blogs.florida.es\/floridauniversitariablog\/wp-json\/wp\/v2\/media?parent=24"}],"curies":[{"name":"wp","href":"https:\/\/api.w.org\/{rel}","templated":true}]}}