{"id":26,"date":"2018-10-23T11:36:31","date_gmt":"2018-10-23T11:36:31","guid":{"rendered":"http:\/\/blogs.florida.es\/floridauniversitariablog\/?page_id=26"},"modified":"2025-02-12T13:11:22","modified_gmt":"2025-02-12T13:11:22","slug":"sobre-florida","status":"publish","type":"page","link":"https:\/\/blogs.florida.es\/floridauniversitariablog\/sobre-florida\/","title":{"rendered":"Sobre Florida"},"content":{"rendered":"<header class=\"entry-header\">\n<h1 class=\"entry-title\"><\/h1>\n<\/header>\n<div class=\"entry-content\">\n<p style=\"text-align: justify\">Somos un centro universitario y de formaci\u00f3n profesional innovador y din\u00e1mico. Impartimos titulaciones universitarias oficiales adscritas a la Universitat de Val\u00e8ncia y a la Universitat Polit\u00e8cnica de Val\u00e8ncia, ciclos formativos concertados con la Generalitat Valenciana, privados presenciales y semipresenciales autorizados por la Generalitat Valenciana, y programas de postgrado oficiales y propios.<\/p>\n<p>Si quieres saber m\u00e1s sobre Florida Universit\u00e0ria, visita nuestra web:\u00a0<a href=\"http:\/\/www.floridauniversitaria.es\/\">www.floridauniversitaria.es<\/a> y si quieres saber m\u00e1s sobre Florida Ciclos Formativos, visita nuestra web: <a href=\"https:\/\/www.floridaciclesformatius.es\" target=\"_blank\" rel=\"noopener\">www.floridaciclesformatius.es<\/a><\/p>\n<address>All\u00ed podr\u00e1s conocer:<\/address>\n<p>\u2013 \u00a0 \u00a0<a title=\"Con\u00f3cenos\" href=\"http:\/\/www.floridauniversitaria.es\/es-ES\/floridauniversitaria\/conocenos\/Paginas\/conocenos.aspx?Perfil=Florida%20Universitaria\" target=\"_blank\" rel=\"noopener\">Qui\u00e9nes somos, formamos parte de Florida Grup Educatiu Cooperatiu<\/a><\/p>\n<p>\u2013 \u00a0 \u00a0<a title=\"Rese\u00f1a hist\u00f3rica\" href=\"http:\/\/www.floridauniversitaria.es\/es-ES\/floridauniversitaria\/conocenos\/Paginas\/Resena-Historica.aspx?Perfil=Florida%20Universitaria\" target=\"_blank\" rel=\"noopener\">Nuestra historia<\/a>, nacimos en 1977 como centro educativo y en 1993 como centro universitario<\/p>\n<p>\u2013 \u00a0\u00a0<a title=\"Relaci\u00f3n con el entorno\" href=\"http:\/\/www.floridauniversitaria.es\/es-ES\/floridauniversitaria\/conocenos\/floridaentorno\/Paginas\/Participacion-en-organizaciones.aspx?Perfil=Florida%20Universitaria\" target=\"_blank\" rel=\"noopener\">\u00a0Nuestra relaci\u00f3n con el entorno<\/a>, m\u00e1s de 6.000 entidades colaboradoras, y universidades internacionales.<\/p>\n<p>\u2013\u00a0\u00a0\u00a0\u00a0<a title=\"Nuestras titulaciones\" href=\"http:\/\/www.floridauniversitaria.es\/es-ES\/floridauniversitaria\/Paginas\/Estudios.aspx?Perfil=Florida%20Universitaria\" target=\"_blank\" rel=\"noopener\">Nuestra oferta acad\u00e9mica, m\u00e1s de 25 titulaciones.<\/a><\/p>\n<p>\u2013 \u00a0 \u00a0<a title=\"Modelo educativo\" href=\"http:\/\/www.floridauniversitaria.es\/es-ES\/floridauniversitaria\/ModeloEducativo\/Paginas\/default.aspx?Perfil=Florida%20Universitaria\" target=\"_blank\" rel=\"noopener\">El modelo educativo, innovador y emprendedor.<\/a><\/p>\n<p>\u2013 \u00a0\u00a0<a title=\"Servicios\" href=\"http:\/\/www.floridauniversitaria.es\/es-ES\/floridauniversitaria\/Paginas\/Servicios-del-Campus.aspx?Perfil=Florida%20Universitaria\" target=\"_blank\" rel=\"noopener\">Y nuestros Servicios<\/a>, tanto de servicios acad\u00e9micos: Biblioteca, Relaciones Internacionales, Servicios de Orientaci\u00f3n Acad\u00e9mica y para el Empleo\u2026.; como de servicios para el ocio: Cafeter\u00eda, Pabell\u00f3n deportivo, Gimnasio, Actividades l\u00fadicas\u2026<\/p>\n<p>O mejor a\u00fan, visitanos en nuestras instalaciones y con\u00f3cenos de cerca.<\/p>\n<p>&nbsp;<\/p>\n<h2>Nuestros tres campus<\/h2>\n<p>Campus <strong>Catarroja<\/strong><\/p>\n<p><strong>C\/ Rei En Jaume I, n\u00ba 2<br \/>\n46470 Catarroja, Valencia (Espa\u00f1a)<br \/>\nTel. +34 96 122 03 80<br \/>\n<\/strong>&#8211; <a href=\"https:\/\/www.google.com\/maps\/dir\/\/Florida+Universit%C3%A0ria+Carrer+del+Rei+En+Jaume+I,+2+46470+Catarroja+Valencia\/@39.4025425,-0.4127269,16z\/data=!4m5!4m4!1m0!1m2!1m1!1s0xd604e82a8672a35:0xed578f5f80fed685\" target=\"_blank\" rel=\"noopener\">C\u00f3mo llegar<\/a> &#8211;<\/p>\n<p><img loading=\"lazy\" decoding=\"async\" class=\"alignnone wp-image-39\" src=\"https:\/\/blogs.florida.es\/floridauniversitariablog\/wp-content\/uploads\/sites\/19\/2018\/10\/florida-campus-nuevo-logo.jpg\" alt=\"\" width=\"416\" height=\"278\" \/><\/p>\n<p>Campus <strong>Alzira<\/strong><\/p>\n<p><strong>C\/ Professor Bernat Montagud, 3<br \/>\n46600 Alzira, Valencia (Espa\u00f1a)<br \/>\nTel. +34 96 241 21 85<br \/>\n<\/strong>&#8211; <a href=\"https:\/\/www.google.com\/maps\/dir\/\/Carrer+del+Professor+Bernat+Montagud,+3,+46600+Alzira,+Valencia\/@39.1563065,-0.5199998,12z\/data=!4m8!4m7!1m0!1m5!1m1!1s0xd61b1b0317a4b25:0xcda081c533401f76!2m2!1d-0.4375989!2d39.1563355?entry=ttu&amp;g_ep=EgoyMDI1MDIwOS4wIKXMDSoASAFQAw%3D%3D\" target=\"_blank\" rel=\"noopener\">C\u00f3mo llegar<\/a> &#8211;<\/p>\n<p><img loading=\"lazy\" decoding=\"async\" class=\"alignnone wp-image-39\" src=\"http:\/\/blogs.florida.es\/floridauniversitariablog\/wp-content\/uploads\/sites\/19\/2025\/02\/florida-campus-alzira-fachada.jpg\" alt=\"\" width=\"416\" height=\"278\" \/><\/p>\n<p>Campus <strong>Valencia<\/strong><\/p>\n<p><strong>C\/ Convent Carmelites, 1<br \/>\n46010 Valencia (Espa\u00f1a)<br \/>\nTel. +34 96 122 03 80<br \/>\n<\/strong>&#8211; <a href=\"https:\/\/www.google.com\/maps\/dir\/\/Campus+Val%C3%A8ncia+de+Florida+Universit%C3%A0ria+C.+del+Convent+dels+Carmelites,+1+La+Zaid%C3%ADa+46010+Val%C3%A8ncia,+Valencia\/@39.4836469,-0.3714333,17z\/data=!4m5!4m4!1m0!1m2!1m1!1s0xd604f4c13fe5b55:0xcf9234d1f64d313e\" target=\"_blank\" rel=\"noopener\">C\u00f3mo llegar<\/a> &#8211;<\/p>\n<p><img loading=\"lazy\" decoding=\"async\" class=\"alignnone wp-image-39\" src=\"http:\/\/blogs.florida.es\/floridauniversitariablog\/wp-content\/uploads\/sites\/19\/2025\/02\/florida-universitaria-fachada-valencia.jpg\" alt=\"\" width=\"416\" height=\"278\" \/><\/p>\n<\/div>\n","protected":false},"excerpt":{"rendered":"<p>Somos un centro universitario y de formaci\u00f3n profesional innovador y din\u00e1mico. Impartimos titulaciones universitarias oficiales adscritas a la Universitat de Val\u00e8ncia y a la Universitat Polit\u00e8cnica de Val\u00e8ncia, ciclos formativos concertados con la Generalitat Valenciana, privados presenciales y semipresenciales autorizados por la Generalitat Valenciana, y programas de postgrado oficiales y propios. Si quieres saber m\u00e1s [&hellip;]<\/p>\n","protected":false},"author":14,"featured_media":0,"parent":0,"menu_order":0,"comment_status":"closed","ping_status":"closed","template":"page-fullwidth.php","meta":{"jetpack_post_was_ever_published":false,"footnotes":""},"class_list":["post-26","page","type-page","status-publish","hentry"],"yoast_head":"<!-- This site is optimized with the Yoast SEO plugin v21.6 - https:\/\/yoast.com\/wordpress\/plugins\/seo\/ -->\n<title>Sobre Florida - Experiencia Florida: Blog<\/title>\n<meta name=\"robots\" content=\"index, follow, max-snippet:-1, max-image-preview:large, max-video-preview:-1\" \/>\n<link rel=\"canonical\" href=\"https:\/\/blogs.florida.es\/floridauniversitariablog\/sobre-florida\/\" \/>\n<meta property=\"og:locale\" content=\"es_ES\" \/>\n<meta property=\"og:type\" content=\"article\" \/>\n<meta property=\"og:title\" content=\"Sobre Florida - Experiencia Florida: Blog\" \/>\n<meta property=\"og:description\" content=\"Somos un centro universitario y de formaci\u00f3n profesional innovador y din\u00e1mico. Impartimos titulaciones universitarias oficiales adscritas a la Universitat de Val\u00e8ncia y a la Universitat Polit\u00e8cnica de Val\u00e8ncia, ciclos formativos concertados con la Generalitat Valenciana, privados presenciales y semipresenciales autorizados por la Generalitat Valenciana, y programas de postgrado oficiales y propios. Si quieres saber m\u00e1s [&hellip;]\" \/>\n<meta property=\"og:url\" content=\"https:\/\/blogs.florida.es\/floridauniversitariablog\/sobre-florida\/\" \/>\n<meta property=\"og:site_name\" content=\"Experiencia Florida: Blog\" \/>\n<meta property=\"article:modified_time\" content=\"2025-02-12T13:11:22+00:00\" \/>\n<meta property=\"og:image\" content=\"https:\/\/blogs.florida.es\/floridauniversitariablog\/wp-content\/uploads\/sites\/19\/2018\/10\/florida-campus-nuevo-logo.jpg\" \/>\n<meta name=\"twitter:card\" content=\"summary_large_image\" \/>\n<meta name=\"twitter:label1\" content=\"Tiempo de lectura\" \/>\n\t<meta name=\"twitter:data1\" content=\"2 minutos\" \/>\n<script type=\"application\/ld+json\" class=\"yoast-schema-graph\">{\"@context\":\"https:\/\/schema.org\",\"@graph\":[{\"@type\":\"WebPage\",\"@id\":\"https:\/\/blogs.florida.es\/floridauniversitariablog\/sobre-florida\/\",\"url\":\"https:\/\/blogs.florida.es\/floridauniversitariablog\/sobre-florida\/\",\"name\":\"Sobre Florida - Experiencia Florida: Blog\",\"isPartOf\":{\"@id\":\"https:\/\/blogs.florida.es\/floridauniversitariablog\/#website\"},\"datePublished\":\"2018-10-23T11:36:31+00:00\",\"dateModified\":\"2025-02-12T13:11:22+00:00\",\"breadcrumb\":{\"@id\":\"https:\/\/blogs.florida.es\/floridauniversitariablog\/sobre-florida\/#breadcrumb\"},\"inLanguage\":\"es\",\"potentialAction\":[{\"@type\":\"ReadAction\",\"target\":[\"https:\/\/blogs.florida.es\/floridauniversitariablog\/sobre-florida\/\"]}]},{\"@type\":\"BreadcrumbList\",\"@id\":\"https:\/\/blogs.florida.es\/floridauniversitariablog\/sobre-florida\/#breadcrumb\",\"itemListElement\":[{\"@type\":\"ListItem\",\"position\":1,\"name\":\"Portada\",\"item\":\"https:\/\/blogs.florida.es\/floridauniversitariablog\/\"},{\"@type\":\"ListItem\",\"position\":2,\"name\":\"Sobre Florida\"}]},{\"@type\":\"WebSite\",\"@id\":\"https:\/\/blogs.florida.es\/floridauniversitariablog\/#website\",\"url\":\"https:\/\/blogs.florida.es\/floridauniversitariablog\/\",\"name\":\"Experiencia Florida: Blog\",\"description\":\"Experiencia Florida: Nuestro Blog\",\"potentialAction\":[{\"@type\":\"SearchAction\",\"target\":{\"@type\":\"EntryPoint\",\"urlTemplate\":\"https:\/\/blogs.florida.es\/floridauniversitariablog\/?s={search_term_string}\"},\"query-input\":\"required name=search_term_string\"}],\"inLanguage\":\"es\"}]}<\/script>\n<!-- \/ Yoast SEO plugin. -->","yoast_head_json":{"title":"Sobre Florida - Experiencia Florida: Blog","robots":{"index":"index","follow":"follow","max-snippet":"max-snippet:-1","max-image-preview":"max-image-preview:large","max-video-preview":"max-video-preview:-1"},"canonical":"https:\/\/blogs.florida.es\/floridauniversitariablog\/sobre-florida\/","og_locale":"es_ES","og_type":"article","og_title":"Sobre Florida - Experiencia Florida: Blog","og_description":"Somos un centro universitario y de formaci\u00f3n profesional innovador y din\u00e1mico. Impartimos titulaciones universitarias oficiales adscritas a la Universitat de Val\u00e8ncia y a la Universitat Polit\u00e8cnica de Val\u00e8ncia, ciclos formativos concertados con la Generalitat Valenciana, privados presenciales y semipresenciales autorizados por la Generalitat Valenciana, y programas de postgrado oficiales y propios. Si quieres saber m\u00e1s [&hellip;]","og_url":"https:\/\/blogs.florida.es\/floridauniversitariablog\/sobre-florida\/","og_site_name":"Experiencia Florida: Blog","article_modified_time":"2025-02-12T13:11:22+00:00","og_image":[{"url":"https:\/\/blogs.florida.es\/floridauniversitariablog\/wp-content\/uploads\/sites\/19\/2018\/10\/florida-campus-nuevo-logo.jpg"}],"twitter_card":"summary_large_image","twitter_misc":{"Tiempo de lectura":"2 minutos"},"schema":{"@context":"https:\/\/schema.org","@graph":[{"@type":"WebPage","@id":"https:\/\/blogs.florida.es\/floridauniversitariablog\/sobre-florida\/","url":"https:\/\/blogs.florida.es\/floridauniversitariablog\/sobre-florida\/","name":"Sobre Florida - Experiencia Florida: Blog","isPartOf":{"@id":"https:\/\/blogs.florida.es\/floridauniversitariablog\/#website"},"datePublished":"2018-10-23T11:36:31+00:00","dateModified":"2025-02-12T13:11:22+00:00","breadcrumb":{"@id":"https:\/\/blogs.florida.es\/floridauniversitariablog\/sobre-florida\/#breadcrumb"},"inLanguage":"es","potentialAction":[{"@type":"ReadAction","target":["https:\/\/blogs.florida.es\/floridauniversitariablog\/sobre-florida\/"]}]},{"@type":"BreadcrumbList","@id":"https:\/\/blogs.florida.es\/floridauniversitariablog\/sobre-florida\/#breadcrumb","itemListElement":[{"@type":"ListItem","position":1,"name":"Portada","item":"https:\/\/blogs.florida.es\/floridauniversitariablog\/"},{"@type":"ListItem","position":2,"name":"Sobre Florida"}]},{"@type":"WebSite","@id":"https:\/\/blogs.florida.es\/floridauniversitariablog\/#website","url":"https:\/\/blogs.florida.es\/floridauniversitariablog\/","name":"Experiencia Florida: Blog","description":"Experiencia Florida: Nuestro Blog","potentialAction":[{"@type":"SearchAction","target":{"@type":"EntryPoint","urlTemplate":"https:\/\/blogs.florida.es\/floridauniversitariablog\/?s={search_term_string}"},"query-input":"required name=search_term_string"}],"inLanguage":"es"}]}},"jetpack_sharing_enabled":true,"jetpack_shortlink":"https:\/\/wp.me\/Pau61W-q","post_mailing_queue_ids":[],"_links":{"self":[{"href":"https:\/\/blogs.florida.es\/floridauniversitariablog\/wp-json\/wp\/v2\/pages\/26","targetHints":{"allow":["GET"]}}],"collection":[{"href":"https:\/\/blogs.florida.es\/floridauniversitariablog\/wp-json\/wp\/v2\/pages"}],"about":[{"href":"https:\/\/blogs.florida.es\/floridauniversitariablog\/wp-json\/wp\/v2\/types\/page"}],"author":[{"embeddable":true,"href":"https:\/\/blogs.florida.es\/floridauniversitariablog\/wp-json\/wp\/v2\/users\/14"}],"replies":[{"embeddable":true,"href":"https:\/\/blogs.florida.es\/floridauniversitariablog\/wp-json\/wp\/v2\/comments?post=26"}],"version-history":[{"count":13,"href":"https:\/\/blogs.florida.es\/floridauniversitariablog\/wp-json\/wp\/v2\/pages\/26\/revisions"}],"predecessor-version":[{"id":9207,"href":"https:\/\/blogs.florida.es\/floridauniversitariablog\/wp-json\/wp\/v2\/pages\/26\/revisions\/9207"}],"wp:attachment":[{"href":"https:\/\/blogs.florida.es\/floridauniversitariablog\/wp-json\/wp\/v2\/media?parent=26"}],"curies":[{"name":"wp","href":"https:\/\/api.w.org\/{rel}","templated":true}]}}