{"id":6115,"date":"2018-10-24T07:27:09","date_gmt":"2018-10-24T07:27:09","guid":{"rendered":"http:\/\/blogs.florida.es\/floridauniversitariaempresa\/?page_id=19"},"modified":"2026-01-26T08:33:58","modified_gmt":"2026-01-26T08:33:58","slug":"brokermania","status":"publish","type":"page","link":"https:\/\/blogs.florida.es\/floridauniversitariablog\/brokermania\/","title":{"rendered":"Brokerman\u00eda"},"content":{"rendered":"<p style=\"text-align: justify\">Esta actividad, <strong>dirigida al alumnado de Bachillerato y Ciclo Superior de Finanzas y Contabilidad<\/strong> permite acercar el mundo de la bolsa a los y las estudiantes mediante un\u00a0programa inform\u00e1tico que nos cede <a title=\"Renta 4\" href=\"http:\/\/www.r4.com\/\" target=\"_blank\" rel=\"noopener noreferrer\">Renta 4<\/a> y que es una\u00a0simulaci\u00f3n muy real de lo que hacen diariamente los br\u00f3kers.<\/p>\n<p><img decoding=\"async\" class=\"wp-image-8720 size-full alignleft\" src=\"http:\/\/blogs.florida.es\/floridauniversitariablog\/wp-content\/uploads\/sites\/19\/2026\/01\/floirda-universitaria-cartel_brokermania26.jpg\" alt=\"\" width=\"300\" \/><\/p>\n<p style=\"text-align: justify\">En Florida Universit\u00e0ria organizamos, con la colaboraci\u00f3n de Renta 4, el <strong>Concurso Brokerman\u00eda<\/strong>. Los y las participantes podr\u00e1n invertir 50.000 euros virtuales desde el <strong>20 de abril al 12 de junio de 2026<\/strong>. La persona que haya obtenido mayor rentabilidad, el 12 de junio, recibir\u00e1 un premio, consistente en <strong>una tarjeta regalo de 100\u20ac <\/strong>que le ser\u00e1 entregada en el Acto de Entrega de Premios que se celebrar\u00e1 en nuestras instalaciones.<\/p>\n<p style=\"text-align: justify\">Es un juego realizado por Florida Universit\u00e0ria en colaboraci\u00f3n con Renta 4, en el que se pueden realizar operaciones de compraventa de acciones a la vez que estar informado sobre todas las transacciones realizadas y la rentabilidad adquirida en todo momento.<\/p>\n<p style=\"text-align: justify\"><img loading=\"lazy\" decoding=\"async\" class=\"size-full wp-image-8650 alignmiddle\" src=\"http:\/\/blogs.florida.es\/floridauniversitariablog\/wp-content\/uploads\/sites\/19\/2024\/01\/renta4banco.jpg\" alt=\"\" width=\"197\" height=\"30\" align=\"middle\" \/><\/p>\n<p style=\"text-align: justify\">*Es muy importante que, antes de inscribirte, leas las <a href=\"http:\/\/blogs.florida.es\/floridauniversitariablog\/wp-content\/uploads\/sites\/19\/2026\/01\/bases-concurso-brokermania-2026.pdf\"><b>bases del concurso<\/b><\/a>, as\u00ed como que introduzcas correctamente<\/p>\n<p>&nbsp;<\/p>\n<p>&nbsp;<\/p>\n<p style=\"text-align: center\"><a href=\"https:\/\/blogs.florida.es\/floridauniversitariablog\/brokermania\/como-concursar\/\" target=\"_blank\" rel=\"noopener\"><img loading=\"lazy\" decoding=\"async\" class=\"alignnone size-full wp-image-9059\" src=\"http:\/\/blogs.florida.es\/floridauniversitariablog\/wp-content\/uploads\/sites\/19\/2024\/10\/btn_info.png\" alt=\"\" width=\"179\" height=\"51\" \/><\/a> <a href=\"http:\/\/blogs.florida.es\/floridauniversitariablog\/wp-content\/uploads\/sites\/19\/2026\/01\/bases-concurso-brokermania-2026.pdf\" target=\"_blank\" rel=\"noopener\"><img loading=\"lazy\" decoding=\"async\" class=\"size-full wp-image-1234\" src=\"http:\/\/blogs.florida.es\/floridauniversitariablog\/wp-content\/uploads\/sites\/19\/2025\/04\/bases-concurso.jpg\" alt=\"\" width=\"179\" height=\"51\" data-wp-editing=\"1\" \/><\/a> <a href=\"https:\/\/secretariaonline.florida.es\/brokermania\/inscripcion.php\" target=\"_blank\" rel=\"noopener\"><img loading=\"lazy\" decoding=\"async\" class=\"size-full wp-image-1234\" src=\"http:\/\/blogs.florida.es\/floridauniversitariablog\/wp-content\/uploads\/sites\/19\/2019\/02\/boton-inscripcion.jpg\" alt=\"\" width=\"179\" height=\"51\" \/><\/a><\/p>\n","protected":false},"excerpt":{"rendered":"<p>Esta actividad, dirigida al alumnado de Bachillerato y Ciclo Superior de Finanzas y Contabilidad permite acercar el mundo de la bolsa a los y las estudiantes mediante un\u00a0programa inform\u00e1tico que nos cede Renta 4 y que es una\u00a0simulaci\u00f3n muy real de lo que hacen diariamente los br\u00f3kers. En Florida Universit\u00e0ria organizamos, con la colaboraci\u00f3n de [&hellip;]<\/p>\n","protected":false},"author":14,"featured_media":0,"parent":0,"menu_order":0,"comment_status":"closed","ping_status":"closed","template":"","meta":{"jetpack_post_was_ever_published":false,"footnotes":""},"class_list":["post-6115","page","type-page","status-publish","hentry"],"yoast_head":"<!-- This site is optimized with the Yoast SEO plugin v21.6 - https:\/\/yoast.com\/wordpress\/plugins\/seo\/ -->\n<title>Brokerman\u00eda - Experiencia Florida: Blog<\/title>\n<meta name=\"robots\" content=\"index, follow, max-snippet:-1, max-image-preview:large, max-video-preview:-1\" \/>\n<link rel=\"canonical\" href=\"https:\/\/blogs.florida.es\/floridauniversitariablog\/brokermania\/\" \/>\n<meta property=\"og:locale\" content=\"es_ES\" \/>\n<meta property=\"og:type\" content=\"article\" \/>\n<meta property=\"og:title\" content=\"Brokerman\u00eda - Experiencia Florida: Blog\" \/>\n<meta property=\"og:description\" content=\"Esta actividad, dirigida al alumnado de Bachillerato y Ciclo Superior de Finanzas y Contabilidad permite acercar el mundo de la bolsa a los y las estudiantes mediante un\u00a0programa inform\u00e1tico que nos cede Renta 4 y que es una\u00a0simulaci\u00f3n muy real de lo que hacen diariamente los br\u00f3kers. En Florida Universit\u00e0ria organizamos, con la colaboraci\u00f3n de [&hellip;]\" \/>\n<meta property=\"og:url\" content=\"https:\/\/blogs.florida.es\/floridauniversitariablog\/brokermania\/\" \/>\n<meta property=\"og:site_name\" content=\"Experiencia Florida: Blog\" \/>\n<meta property=\"article:modified_time\" content=\"2026-01-26T08:33:58+00:00\" \/>\n<meta property=\"og:image\" content=\"http:\/\/blogs.florida.es\/floridauniversitariablog\/wp-content\/uploads\/sites\/19\/2026\/01\/floirda-universitaria-cartel_brokermania26.jpg\" \/>\n<meta name=\"twitter:card\" content=\"summary_large_image\" \/>\n<meta name=\"twitter:label1\" content=\"Tiempo de lectura\" \/>\n\t<meta name=\"twitter:data1\" content=\"2 minutos\" \/>\n<script type=\"application\/ld+json\" class=\"yoast-schema-graph\">{\"@context\":\"https:\/\/schema.org\",\"@graph\":[{\"@type\":\"WebPage\",\"@id\":\"https:\/\/blogs.florida.es\/floridauniversitariablog\/brokermania\/\",\"url\":\"https:\/\/blogs.florida.es\/floridauniversitariablog\/brokermania\/\",\"name\":\"Brokerman\u00eda - Experiencia Florida: Blog\",\"isPartOf\":{\"@id\":\"https:\/\/blogs.florida.es\/floridauniversitariablog\/#website\"},\"datePublished\":\"2018-10-24T07:27:09+00:00\",\"dateModified\":\"2026-01-26T08:33:58+00:00\",\"breadcrumb\":{\"@id\":\"https:\/\/blogs.florida.es\/floridauniversitariablog\/brokermania\/#breadcrumb\"},\"inLanguage\":\"es\",\"potentialAction\":[{\"@type\":\"ReadAction\",\"target\":[\"https:\/\/blogs.florida.es\/floridauniversitariablog\/brokermania\/\"]}]},{\"@type\":\"BreadcrumbList\",\"@id\":\"https:\/\/blogs.florida.es\/floridauniversitariablog\/brokermania\/#breadcrumb\",\"itemListElement\":[{\"@type\":\"ListItem\",\"position\":1,\"name\":\"Portada\",\"item\":\"https:\/\/blogs.florida.es\/floridauniversitariablog\/\"},{\"@type\":\"ListItem\",\"position\":2,\"name\":\"Brokerman\u00eda\"}]},{\"@type\":\"WebSite\",\"@id\":\"https:\/\/blogs.florida.es\/floridauniversitariablog\/#website\",\"url\":\"https:\/\/blogs.florida.es\/floridauniversitariablog\/\",\"name\":\"Experiencia Florida: Blog\",\"description\":\"Experiencia Florida: Nuestro Blog\",\"potentialAction\":[{\"@type\":\"SearchAction\",\"target\":{\"@type\":\"EntryPoint\",\"urlTemplate\":\"https:\/\/blogs.florida.es\/floridauniversitariablog\/?s={search_term_string}\"},\"query-input\":\"required name=search_term_string\"}],\"inLanguage\":\"es\"}]}<\/script>\n<!-- \/ Yoast SEO plugin. -->","yoast_head_json":{"title":"Brokerman\u00eda - Experiencia Florida: Blog","robots":{"index":"index","follow":"follow","max-snippet":"max-snippet:-1","max-image-preview":"max-image-preview:large","max-video-preview":"max-video-preview:-1"},"canonical":"https:\/\/blogs.florida.es\/floridauniversitariablog\/brokermania\/","og_locale":"es_ES","og_type":"article","og_title":"Brokerman\u00eda - Experiencia Florida: Blog","og_description":"Esta actividad, dirigida al alumnado de Bachillerato y Ciclo Superior de Finanzas y Contabilidad permite acercar el mundo de la bolsa a los y las estudiantes mediante un\u00a0programa inform\u00e1tico que nos cede Renta 4 y que es una\u00a0simulaci\u00f3n muy real de lo que hacen diariamente los br\u00f3kers. En Florida Universit\u00e0ria organizamos, con la colaboraci\u00f3n de [&hellip;]","og_url":"https:\/\/blogs.florida.es\/floridauniversitariablog\/brokermania\/","og_site_name":"Experiencia Florida: Blog","article_modified_time":"2026-01-26T08:33:58+00:00","og_image":[{"url":"http:\/\/blogs.florida.es\/floridauniversitariablog\/wp-content\/uploads\/sites\/19\/2026\/01\/floirda-universitaria-cartel_brokermania26.jpg"}],"twitter_card":"summary_large_image","twitter_misc":{"Tiempo de lectura":"2 minutos"},"schema":{"@context":"https:\/\/schema.org","@graph":[{"@type":"WebPage","@id":"https:\/\/blogs.florida.es\/floridauniversitariablog\/brokermania\/","url":"https:\/\/blogs.florida.es\/floridauniversitariablog\/brokermania\/","name":"Brokerman\u00eda - Experiencia Florida: Blog","isPartOf":{"@id":"https:\/\/blogs.florida.es\/floridauniversitariablog\/#website"},"datePublished":"2018-10-24T07:27:09+00:00","dateModified":"2026-01-26T08:33:58+00:00","breadcrumb":{"@id":"https:\/\/blogs.florida.es\/floridauniversitariablog\/brokermania\/#breadcrumb"},"inLanguage":"es","potentialAction":[{"@type":"ReadAction","target":["https:\/\/blogs.florida.es\/floridauniversitariablog\/brokermania\/"]}]},{"@type":"BreadcrumbList","@id":"https:\/\/blogs.florida.es\/floridauniversitariablog\/brokermania\/#breadcrumb","itemListElement":[{"@type":"ListItem","position":1,"name":"Portada","item":"https:\/\/blogs.florida.es\/floridauniversitariablog\/"},{"@type":"ListItem","position":2,"name":"Brokerman\u00eda"}]},{"@type":"WebSite","@id":"https:\/\/blogs.florida.es\/floridauniversitariablog\/#website","url":"https:\/\/blogs.florida.es\/floridauniversitariablog\/","name":"Experiencia Florida: Blog","description":"Experiencia Florida: Nuestro Blog","potentialAction":[{"@type":"SearchAction","target":{"@type":"EntryPoint","urlTemplate":"https:\/\/blogs.florida.es\/floridauniversitariablog\/?s={search_term_string}"},"query-input":"required name=search_term_string"}],"inLanguage":"es"}]}},"jetpack_sharing_enabled":true,"jetpack_shortlink":"https:\/\/wp.me\/Pau61W-1AD","post_mailing_queue_ids":[],"_links":{"self":[{"href":"https:\/\/blogs.florida.es\/floridauniversitariablog\/wp-json\/wp\/v2\/pages\/6115","targetHints":{"allow":["GET"]}}],"collection":[{"href":"https:\/\/blogs.florida.es\/floridauniversitariablog\/wp-json\/wp\/v2\/pages"}],"about":[{"href":"https:\/\/blogs.florida.es\/floridauniversitariablog\/wp-json\/wp\/v2\/types\/page"}],"author":[{"embeddable":true,"href":"https:\/\/blogs.florida.es\/floridauniversitariablog\/wp-json\/wp\/v2\/users\/14"}],"replies":[{"embeddable":true,"href":"https:\/\/blogs.florida.es\/floridauniversitariablog\/wp-json\/wp\/v2\/comments?post=6115"}],"version-history":[{"count":32,"href":"https:\/\/blogs.florida.es\/floridauniversitariablog\/wp-json\/wp\/v2\/pages\/6115\/revisions"}],"predecessor-version":[{"id":9877,"href":"https:\/\/blogs.florida.es\/floridauniversitariablog\/wp-json\/wp\/v2\/pages\/6115\/revisions\/9877"}],"wp:attachment":[{"href":"https:\/\/blogs.florida.es\/floridauniversitariablog\/wp-json\/wp\/v2\/media?parent=6115"}],"curies":[{"name":"wp","href":"https:\/\/api.w.org\/{rel}","templated":true}]}}