{"id":6117,"date":"2018-10-26T12:25:36","date_gmt":"2018-10-26T12:25:36","guid":{"rendered":"http:\/\/blogs.florida.es\/floridauniversitariaempresa\/?page_id=641"},"modified":"2024-01-24T08:43:52","modified_gmt":"2024-01-24T08:43:52","slug":"bases-concurso-brokermania","status":"publish","type":"page","link":"https:\/\/blogs.florida.es\/floridauniversitariablog\/brokermania\/bases-concurso-brokermania\/","title":{"rendered":"Bases Concurso Brokerman\u00eda"},"content":{"rendered":"<p style=\"text-align: justify\"><strong><span style=\"color: #c52833\">CATEGOR\u00cdAS<\/span><\/strong><\/p>\n<p>Se establecen dos categor\u00edas:<\/p>\n<p><strong>Categor\u00eda A:<\/strong>\u00a0Estudiantes de Bachillerato y Ciclos Formativos de Grado\u00a0Medio y Superior.<\/p>\n<p><strong>Categor\u00eda B:<\/strong>\u00a0Estudiantes de Bachillerato, Ciclos Formativos de Grado Superior o Grados Universitarios de Florida Universit\u00e0ria.<\/p>\n<p style=\"text-align: justify\"><strong><span style=\"color: #c52833\">PARTICIPANTES<\/span><\/strong><\/p>\n<ul style=\"text-align: justify\">\n<li>Los y las participantes deber\u00e1n cumplimentar la inscripci\u00f3n en el enlace habilitado para ello en florida.es\/brokermania\/inscripcion.php<\/li>\n<li>Podr\u00e1n participar estudiantes que, a lo largo del curso 2023-2024, cursen Bachillerato, Ciclos Formativos de Grado Medio o Superior y Grados Universitarios.<\/li>\n<li>Cada participante solo puede registrarse una vez, se eliminar\u00e1n los usuarios duplicados.<\/li>\n<li>Las personas premiadas deber\u00e1n acreditarse con un certificado de la secretar\u00eda de su centro en el que acredite los estudios cursados durante el curso 2023-2024.<\/li>\n<li><u>A la hora de registrarse, debe escribirse correctamente el correo electr\u00f3nico y el n\u00famero de tel\u00e9fono, no se aceptar\u00e1n participantes que no hayan rellenado estos datos. Son necesarios para la comunicaci\u00f3n de ganadores.<\/u><\/li>\n<\/ul>\n<p style=\"text-align: justify\"><strong><span style=\"color: #c52833\">\u00a0OPERATIVA<\/span><\/strong><\/p>\n<ul style=\"text-align: justify\">\n<li>Cada participante dispondr\u00e1 de 50.000 euros ficticios para poder invertir en la bolsa.<\/li>\n<li>Las operaciones que se realicen tras el cierre del mercado, se efectuar\u00e1n al valor de cierre de ese mismo d\u00eda.<\/li>\n<li>El tiempo que ha de transcurrir entre una operaci\u00f3n de compra y de venta del mismo t\u00edtulo, ha de ser superior a una hora.<\/li>\n<li>Se pueden hacer operaciones a cualquier hora del d\u00eda o noche.<\/li>\n<li><u>Se podr\u00e1n realizar operaciones solamente en valores del IBEX 35.<\/u><\/li>\n<li><u>El m\u00ednimo de operaciones a realizar ser\u00e1 de 10 operaciones de compra y 10 operaciones de venta durante los dos meses que dura el concurso.<\/u><\/li>\n<li>Se podr\u00e1n realizar cuantas operaciones al d\u00eda se quiera.<\/li>\n<\/ul>\n<p style=\"text-align: justify\"><strong><span style=\"color: #c52833\">\u00a0JURADO<\/span><\/strong><\/p>\n<ul style=\"text-align: justify\">\n<li>Florida Universit\u00e0ria y Renta 4 se reservan el derecho de retirar del juego a quien se estime que ha actuado de mala fe.<\/li>\n<li>Este juego podr\u00e1 ser cancelado, suspendido por Florida Universit\u00e0ria o por Renta 4.<\/li>\n<li>Florida Universit\u00e0ria no se responsabiliza de la parte t\u00e9cnica de la herramienta, ya que la entidad gestora es Renta 4.<\/li>\n<\/ul>\n<p style=\"text-align: justify\"><strong><span style=\"color: #c52833\">\u00a0PREMIOS<\/span><\/strong><\/p>\n<ul style=\"text-align: justify\">\n<li>En cada categor\u00eda se otorgar\u00e1n diferentes premios, siendo el primer premio para aquella persona que al cierre del mercado del d\u00eda 7 de junio de 2024 haya obtenido la mayor rentabilidad y cumpla con todas las bases.<\/li>\n<li>En caso de empate, ganar\u00e1 quien mayor n\u00famero de operaciones haya realizado.<\/li>\n<\/ul>\n<p><strong>Categor\u00eda A:<\/strong><\/p>\n<p>1er premio: Tablet PC<\/p>\n<p>2\u00ba premio: diploma certificativo<\/p>\n<p>3er premio: diploma certificativo<\/p>\n<p><strong>Categor\u00eda B:<\/strong><\/p>\n<p>1er Premio: Tablet PC<\/p>\n<p>2\u00ba premio: diploma certificativo<\/p>\n<p>3er premio: diploma certificativo<\/p>\n<p style=\"text-align: justify\"><strong><span style=\"color: #c52833\">DURACI\u00d3N DEL CONCURSO<\/span><\/strong><\/p>\n<ul style=\"text-align: justify\">\n<li>El concurso ser\u00e1 <strong>del 12 de abril al 7 de junio de 2024<\/strong>, ambos inclusive.<\/li>\n<li>Los premios se entregar\u00e1n en el acto que tendr\u00e1 lugar en el Sal\u00f3n de Actos de Florida Universit\u00e0ria.<\/li>\n<\/ul>\n<p style=\"text-align: justify\"><strong><span style=\"color: #c52833\">ACEPTACI\u00d3N DE LAS BASES<\/span><\/strong><\/p>\n<p style=\"text-align: justify\">La participaci\u00f3n en estos premios implica la\u00a0total aceptaci\u00f3n de estas bases.<\/p>\n<p style=\"text-align: justify\"><strong><span style=\"color: #c52833\">ASPECTOS LEGALES:<\/span><\/strong><\/p>\n<ol>\n<li>De conformidad con la Ley Org\u00e1nica 15\/1999, de 13 de diciembre, de Protecci\u00f3n de Datos de Car\u00e1cter Personal, le informamos que los presentes datos personales, ser\u00e1n incorporados a un fichero titularidad de Florida Centre de Formaci\u00f3 SCV. con domicilio en C\/ Rei en Jaume I, n\u00ba2 CP 46470 Catarroja, con la finalidad de mantenerle informado, bien por correo electr\u00f3nico o por cualquier otro medio, de todos aquellos productos y servicios que LA ORGANIZACI\u00d3N O SUS COLABORADORES. pudiesen considerar de su inter\u00e9s. En el caso de comunicaciones comerciales a trav\u00e9s de correo electr\u00f3nico o medio de comunicaci\u00f3n equivalente, usted presta su consentimiento expreso para el env\u00edo de publicidad o a trav\u00e9s de dicho medio. Con la participaci\u00f3n en esta promoci\u00f3n, usted conoce y consiente que los datos solicitados pueden ser utilizados y tratados con fines de investigaci\u00f3n, promoci\u00f3n y comercializaci\u00f3n de otros productos y servicios.<\/li>\n<li>Puede ejercer su derecho de acceso, rectificaci\u00f3n, cancelaci\u00f3n y oposici\u00f3n en el correo lopd.marketing@florida-uni.es\u00a0y\/o escribi\u00e9ndonos una carta Florida Centre de Formaci\u00f3 SCV. C\/ Rei en Jaume I, n\u00ba2 CP 46470 Catarroja junto con copia del DNI, por las dos caras, o pasaporte, con la referencia \u201cprotecci\u00f3n de datos\u201d.<\/li>\n<\/ol>\n<p><a href=\"http:\/\/blogs.florida.es\/floridauniversitariablog\/wp-content\/uploads\/sites\/19\/2024\/01\/bases-concurso-brokermania-2024.pdf\" target=\"_blank\" rel=\"noopener\"><img loading=\"lazy\" decoding=\"async\" class=\"alignleft wp-image-7086 size-full\" src=\"http:\/\/blogs.florida.es\/floridauniversitariablog\/wp-content\/uploads\/sites\/19\/2022\/02\/descargar-bases.jpg\" alt=\"\" width=\"179\" height=\"51\" \/><\/a><\/p>\n","protected":false},"excerpt":{"rendered":"<p>CATEGOR\u00cdAS Se establecen dos categor\u00edas: Categor\u00eda A:\u00a0Estudiantes de Bachillerato y Ciclos Formativos de Grado\u00a0Medio y Superior. Categor\u00eda B:\u00a0Estudiantes de Bachillerato, Ciclos Formativos de Grado Superior o Grados Universitarios de Florida Universit\u00e0ria. PARTICIPANTES Los y las participantes deber\u00e1n cumplimentar la inscripci\u00f3n en el enlace habilitado para ello en florida.es\/brokermania\/inscripcion.php Podr\u00e1n participar estudiantes que, a lo largo [&hellip;]<\/p>\n","protected":false},"author":14,"featured_media":0,"parent":6115,"menu_order":0,"comment_status":"closed","ping_status":"closed","template":"","meta":{"jetpack_post_was_ever_published":false,"footnotes":""},"class_list":["post-6117","page","type-page","status-publish","hentry"],"yoast_head":"<!-- This site is optimized with the Yoast SEO plugin v21.6 - https:\/\/yoast.com\/wordpress\/plugins\/seo\/ -->\n<title>Bases Concurso Brokerman\u00eda - Experiencia Florida: Blog<\/title>\n<meta name=\"robots\" content=\"index, follow, max-snippet:-1, max-image-preview:large, max-video-preview:-1\" \/>\n<link rel=\"canonical\" href=\"http:\/\/blogs.florida.es\/floridauniversitariablog\/brokermania\/bases-concurso-brokermania\/\" \/>\n<meta property=\"og:locale\" content=\"es_ES\" \/>\n<meta property=\"og:type\" content=\"article\" \/>\n<meta property=\"og:title\" content=\"Bases Concurso Brokerman\u00eda - Experiencia Florida: Blog\" \/>\n<meta property=\"og:description\" content=\"CATEGOR\u00cdAS Se establecen dos categor\u00edas: Categor\u00eda A:\u00a0Estudiantes de Bachillerato y Ciclos Formativos de Grado\u00a0Medio y Superior. Categor\u00eda B:\u00a0Estudiantes de Bachillerato, Ciclos Formativos de Grado Superior o Grados Universitarios de Florida Universit\u00e0ria. PARTICIPANTES Los y las participantes deber\u00e1n cumplimentar la inscripci\u00f3n en el enlace habilitado para ello en florida.es\/brokermania\/inscripcion.php Podr\u00e1n participar estudiantes que, a lo largo [&hellip;]\" \/>\n<meta property=\"og:url\" content=\"http:\/\/blogs.florida.es\/floridauniversitariablog\/brokermania\/bases-concurso-brokermania\/\" \/>\n<meta property=\"og:site_name\" content=\"Experiencia Florida: Blog\" \/>\n<meta property=\"article:modified_time\" content=\"2024-01-24T08:43:52+00:00\" \/>\n<meta property=\"og:image\" content=\"http:\/\/blogs.florida.es\/floridauniversitariablog\/wp-content\/uploads\/sites\/19\/2022\/02\/descargar-bases.jpg\" \/>\n<meta name=\"twitter:card\" content=\"summary_large_image\" \/>\n<meta name=\"twitter:label1\" content=\"Tiempo de lectura\" \/>\n\t<meta name=\"twitter:data1\" content=\"4 minutos\" \/>\n<script type=\"application\/ld+json\" class=\"yoast-schema-graph\">{\"@context\":\"https:\/\/schema.org\",\"@graph\":[{\"@type\":\"WebPage\",\"@id\":\"http:\/\/blogs.florida.es\/floridauniversitariablog\/brokermania\/bases-concurso-brokermania\/\",\"url\":\"http:\/\/blogs.florida.es\/floridauniversitariablog\/brokermania\/bases-concurso-brokermania\/\",\"name\":\"Bases Concurso Brokerman\u00eda - Experiencia Florida: Blog\",\"isPartOf\":{\"@id\":\"https:\/\/blogs.florida.es\/floridauniversitariablog\/#website\"},\"datePublished\":\"2018-10-26T12:25:36+00:00\",\"dateModified\":\"2024-01-24T08:43:52+00:00\",\"breadcrumb\":{\"@id\":\"http:\/\/blogs.florida.es\/floridauniversitariablog\/brokermania\/bases-concurso-brokermania\/#breadcrumb\"},\"inLanguage\":\"es\",\"potentialAction\":[{\"@type\":\"ReadAction\",\"target\":[\"http:\/\/blogs.florida.es\/floridauniversitariablog\/brokermania\/bases-concurso-brokermania\/\"]}]},{\"@type\":\"BreadcrumbList\",\"@id\":\"http:\/\/blogs.florida.es\/floridauniversitariablog\/brokermania\/bases-concurso-brokermania\/#breadcrumb\",\"itemListElement\":[{\"@type\":\"ListItem\",\"position\":1,\"name\":\"Portada\",\"item\":\"https:\/\/blogs.florida.es\/floridauniversitariablog\/\"},{\"@type\":\"ListItem\",\"position\":2,\"name\":\"Brokerman\u00eda\",\"item\":\"https:\/\/blogs.florida.es\/floridauniversitariablog\/brokermania\/\"},{\"@type\":\"ListItem\",\"position\":3,\"name\":\"Bases Concurso Brokerman\u00eda\"}]},{\"@type\":\"WebSite\",\"@id\":\"https:\/\/blogs.florida.es\/floridauniversitariablog\/#website\",\"url\":\"https:\/\/blogs.florida.es\/floridauniversitariablog\/\",\"name\":\"Experiencia Florida: Blog\",\"description\":\"Experiencia Florida: Nuestro Blog\",\"potentialAction\":[{\"@type\":\"SearchAction\",\"target\":{\"@type\":\"EntryPoint\",\"urlTemplate\":\"https:\/\/blogs.florida.es\/floridauniversitariablog\/?s={search_term_string}\"},\"query-input\":\"required name=search_term_string\"}],\"inLanguage\":\"es\"}]}<\/script>\n<!-- \/ Yoast SEO plugin. -->","yoast_head_json":{"title":"Bases Concurso Brokerman\u00eda - Experiencia Florida: Blog","robots":{"index":"index","follow":"follow","max-snippet":"max-snippet:-1","max-image-preview":"max-image-preview:large","max-video-preview":"max-video-preview:-1"},"canonical":"http:\/\/blogs.florida.es\/floridauniversitariablog\/brokermania\/bases-concurso-brokermania\/","og_locale":"es_ES","og_type":"article","og_title":"Bases Concurso Brokerman\u00eda - Experiencia Florida: Blog","og_description":"CATEGOR\u00cdAS Se establecen dos categor\u00edas: Categor\u00eda A:\u00a0Estudiantes de Bachillerato y Ciclos Formativos de Grado\u00a0Medio y Superior. Categor\u00eda B:\u00a0Estudiantes de Bachillerato, Ciclos Formativos de Grado Superior o Grados Universitarios de Florida Universit\u00e0ria. PARTICIPANTES Los y las participantes deber\u00e1n cumplimentar la inscripci\u00f3n en el enlace habilitado para ello en florida.es\/brokermania\/inscripcion.php Podr\u00e1n participar estudiantes que, a lo largo [&hellip;]","og_url":"http:\/\/blogs.florida.es\/floridauniversitariablog\/brokermania\/bases-concurso-brokermania\/","og_site_name":"Experiencia Florida: Blog","article_modified_time":"2024-01-24T08:43:52+00:00","og_image":[{"url":"http:\/\/blogs.florida.es\/floridauniversitariablog\/wp-content\/uploads\/sites\/19\/2022\/02\/descargar-bases.jpg"}],"twitter_card":"summary_large_image","twitter_misc":{"Tiempo de lectura":"4 minutos"},"schema":{"@context":"https:\/\/schema.org","@graph":[{"@type":"WebPage","@id":"http:\/\/blogs.florida.es\/floridauniversitariablog\/brokermania\/bases-concurso-brokermania\/","url":"http:\/\/blogs.florida.es\/floridauniversitariablog\/brokermania\/bases-concurso-brokermania\/","name":"Bases Concurso Brokerman\u00eda - Experiencia Florida: Blog","isPartOf":{"@id":"https:\/\/blogs.florida.es\/floridauniversitariablog\/#website"},"datePublished":"2018-10-26T12:25:36+00:00","dateModified":"2024-01-24T08:43:52+00:00","breadcrumb":{"@id":"http:\/\/blogs.florida.es\/floridauniversitariablog\/brokermania\/bases-concurso-brokermania\/#breadcrumb"},"inLanguage":"es","potentialAction":[{"@type":"ReadAction","target":["http:\/\/blogs.florida.es\/floridauniversitariablog\/brokermania\/bases-concurso-brokermania\/"]}]},{"@type":"BreadcrumbList","@id":"http:\/\/blogs.florida.es\/floridauniversitariablog\/brokermania\/bases-concurso-brokermania\/#breadcrumb","itemListElement":[{"@type":"ListItem","position":1,"name":"Portada","item":"https:\/\/blogs.florida.es\/floridauniversitariablog\/"},{"@type":"ListItem","position":2,"name":"Brokerman\u00eda","item":"https:\/\/blogs.florida.es\/floridauniversitariablog\/brokermania\/"},{"@type":"ListItem","position":3,"name":"Bases Concurso Brokerman\u00eda"}]},{"@type":"WebSite","@id":"https:\/\/blogs.florida.es\/floridauniversitariablog\/#website","url":"https:\/\/blogs.florida.es\/floridauniversitariablog\/","name":"Experiencia Florida: Blog","description":"Experiencia Florida: Nuestro Blog","potentialAction":[{"@type":"SearchAction","target":{"@type":"EntryPoint","urlTemplate":"https:\/\/blogs.florida.es\/floridauniversitariablog\/?s={search_term_string}"},"query-input":"required name=search_term_string"}],"inLanguage":"es"}]}},"jetpack_sharing_enabled":true,"jetpack_shortlink":"https:\/\/wp.me\/Pau61W-1AF","post_mailing_queue_ids":[],"_links":{"self":[{"href":"https:\/\/blogs.florida.es\/floridauniversitariablog\/wp-json\/wp\/v2\/pages\/6117","targetHints":{"allow":["GET"]}}],"collection":[{"href":"https:\/\/blogs.florida.es\/floridauniversitariablog\/wp-json\/wp\/v2\/pages"}],"about":[{"href":"https:\/\/blogs.florida.es\/floridauniversitariablog\/wp-json\/wp\/v2\/types\/page"}],"author":[{"embeddable":true,"href":"https:\/\/blogs.florida.es\/floridauniversitariablog\/wp-json\/wp\/v2\/users\/14"}],"replies":[{"embeddable":true,"href":"https:\/\/blogs.florida.es\/floridauniversitariablog\/wp-json\/wp\/v2\/comments?post=6117"}],"version-history":[{"count":8,"href":"https:\/\/blogs.florida.es\/floridauniversitariablog\/wp-json\/wp\/v2\/pages\/6117\/revisions"}],"predecessor-version":[{"id":6331,"href":"https:\/\/blogs.florida.es\/floridauniversitariablog\/wp-json\/wp\/v2\/pages\/6117\/revisions\/6331"}],"up":[{"embeddable":true,"href":"https:\/\/blogs.florida.es\/floridauniversitariablog\/wp-json\/wp\/v2\/pages\/6115"}],"wp:attachment":[{"href":"https:\/\/blogs.florida.es\/floridauniversitariablog\/wp-json\/wp\/v2\/media?parent=6117"}],"curies":[{"name":"wp","href":"https:\/\/api.w.org\/{rel}","templated":true}]}}