{"id":6118,"date":"2018-10-26T12:26:25","date_gmt":"2018-10-26T12:26:25","guid":{"rendered":"http:\/\/blogs.florida.es\/floridauniversitariaempresa\/?page_id=644"},"modified":"2024-01-24T08:38:27","modified_gmt":"2024-01-24T08:38:27","slug":"como-concursar","status":"publish","type":"page","link":"https:\/\/blogs.florida.es\/floridauniversitariablog\/brokermania\/como-concursar\/","title":{"rendered":"\u00bfC\u00f3mo concursar?"},"content":{"rendered":"<p>En el siguiente enlace encontrar\u00e1s unas peque\u00f1as <strong>instrucciones<\/strong>: <a href=\"https:\/\/blogs.florida.es\/floridauniversitariablog\/wp-content\/uploads\/sites\/19\/2021\/02\/como-concursar-brokermania.pdf\" target=\"_blank\" rel=\"noopener noreferrer\">c\u00f3mo concursar<\/a><\/p>\n<p>Para empezar a concursar, primero deber\u00e1s <strong>inscribirte<\/strong>: <a href=\"https:\/\/secretariaonline.florida.es\/brokermania\/inscripcion.php\" target=\"_blank\" rel=\"noopener\">inscripci\u00f3n<\/a><\/p>\n<p>Y a continuaci\u00f3n entra en la p\u00e1gina del concurso para empezar a <strong>jugar<\/strong>: <a title=\"http:\/\/www.bolsainternet.com\/floridaconcurso\/\" href=\"http:\/\/www.bolsainternet.com\/floridaconcurso\/\" target=\"_blank\" rel=\"noopener noreferrer\">www.bolsainternet.com\/floridaconcurso<\/a><br \/>\n<a href=\"http:\/\/www.bolsainternet.com\/floridaconcurso\/\" target=\"_blank\" rel=\"noopener\"><img loading=\"lazy\" decoding=\"async\" class=\"aligncenter size-full wp-image-8652\" src=\"http:\/\/blogs.florida.es\/floridauniversitariablog\/wp-content\/uploads\/sites\/19\/2024\/01\/florida-universitaria-pantallazo-concurso.jpg\" alt=\"\" width=\"783\" height=\"681\" srcset=\"https:\/\/blogs.florida.es\/floridauniversitariablog\/wp-content\/uploads\/sites\/19\/2024\/01\/florida-universitaria-pantallazo-concurso.jpg 783w, https:\/\/blogs.florida.es\/floridauniversitariablog\/wp-content\/uploads\/sites\/19\/2024\/01\/florida-universitaria-pantallazo-concurso-300x261.jpg 300w, https:\/\/blogs.florida.es\/floridauniversitariablog\/wp-content\/uploads\/sites\/19\/2024\/01\/florida-universitaria-pantallazo-concurso-768x668.jpg 768w\" sizes=\"auto, (max-width: 783px) 100vw, 783px\" \/><\/a><\/p>\n","protected":false},"excerpt":{"rendered":"<p>En el siguiente enlace encontrar\u00e1s unas peque\u00f1as instrucciones: c\u00f3mo concursar Para empezar a concursar, primero deber\u00e1s inscribirte: inscripci\u00f3n Y a continuaci\u00f3n entra en la p\u00e1gina del concurso para empezar a jugar: www.bolsainternet.com\/floridaconcurso<\/p>\n","protected":false},"author":14,"featured_media":0,"parent":6115,"menu_order":0,"comment_status":"closed","ping_status":"closed","template":"","meta":{"jetpack_post_was_ever_published":false,"footnotes":""},"class_list":["post-6118","page","type-page","status-publish","hentry"],"yoast_head":"<!-- This site is optimized with the Yoast SEO plugin v21.6 - https:\/\/yoast.com\/wordpress\/plugins\/seo\/ -->\n<title>\u00bfC\u00f3mo concursar? - Experiencia Florida: Blog<\/title>\n<meta name=\"robots\" content=\"index, follow, max-snippet:-1, max-image-preview:large, max-video-preview:-1\" \/>\n<link rel=\"canonical\" href=\"https:\/\/blogs.florida.es\/floridauniversitariablog\/brokermania\/como-concursar\/\" \/>\n<meta property=\"og:locale\" content=\"es_ES\" \/>\n<meta property=\"og:type\" content=\"article\" \/>\n<meta property=\"og:title\" content=\"\u00bfC\u00f3mo concursar? - Experiencia Florida: Blog\" \/>\n<meta property=\"og:description\" content=\"En el siguiente enlace encontrar\u00e1s unas peque\u00f1as instrucciones: c\u00f3mo concursar Para empezar a concursar, primero deber\u00e1s inscribirte: inscripci\u00f3n Y a continuaci\u00f3n entra en la p\u00e1gina del concurso para empezar a jugar: www.bolsainternet.com\/floridaconcurso\" \/>\n<meta property=\"og:url\" content=\"https:\/\/blogs.florida.es\/floridauniversitariablog\/brokermania\/como-concursar\/\" \/>\n<meta property=\"og:site_name\" content=\"Experiencia Florida: Blog\" \/>\n<meta property=\"article:modified_time\" content=\"2024-01-24T08:38:27+00:00\" \/>\n<meta property=\"og:image\" content=\"http:\/\/blogs.florida.es\/floridauniversitariablog\/wp-content\/uploads\/sites\/19\/2024\/01\/florida-universitaria-pantallazo-concurso.jpg\" \/>\n<meta name=\"twitter:card\" content=\"summary_large_image\" \/>\n<meta name=\"twitter:label1\" content=\"Tiempo de lectura\" \/>\n\t<meta name=\"twitter:data1\" content=\"1 minuto\" \/>\n<script type=\"application\/ld+json\" class=\"yoast-schema-graph\">{\"@context\":\"https:\/\/schema.org\",\"@graph\":[{\"@type\":\"WebPage\",\"@id\":\"https:\/\/blogs.florida.es\/floridauniversitariablog\/brokermania\/como-concursar\/\",\"url\":\"https:\/\/blogs.florida.es\/floridauniversitariablog\/brokermania\/como-concursar\/\",\"name\":\"\u00bfC\u00f3mo concursar? - Experiencia Florida: Blog\",\"isPartOf\":{\"@id\":\"https:\/\/blogs.florida.es\/floridauniversitariablog\/#website\"},\"datePublished\":\"2018-10-26T12:26:25+00:00\",\"dateModified\":\"2024-01-24T08:38:27+00:00\",\"breadcrumb\":{\"@id\":\"https:\/\/blogs.florida.es\/floridauniversitariablog\/brokermania\/como-concursar\/#breadcrumb\"},\"inLanguage\":\"es\",\"potentialAction\":[{\"@type\":\"ReadAction\",\"target\":[\"https:\/\/blogs.florida.es\/floridauniversitariablog\/brokermania\/como-concursar\/\"]}]},{\"@type\":\"BreadcrumbList\",\"@id\":\"https:\/\/blogs.florida.es\/floridauniversitariablog\/brokermania\/como-concursar\/#breadcrumb\",\"itemListElement\":[{\"@type\":\"ListItem\",\"position\":1,\"name\":\"Portada\",\"item\":\"https:\/\/blogs.florida.es\/floridauniversitariablog\/\"},{\"@type\":\"ListItem\",\"position\":2,\"name\":\"Brokerman\u00eda\",\"item\":\"https:\/\/blogs.florida.es\/floridauniversitariablog\/brokermania\/\"},{\"@type\":\"ListItem\",\"position\":3,\"name\":\"\u00bfC\u00f3mo concursar?\"}]},{\"@type\":\"WebSite\",\"@id\":\"https:\/\/blogs.florida.es\/floridauniversitariablog\/#website\",\"url\":\"https:\/\/blogs.florida.es\/floridauniversitariablog\/\",\"name\":\"Experiencia Florida: Blog\",\"description\":\"Experiencia Florida: Nuestro Blog\",\"potentialAction\":[{\"@type\":\"SearchAction\",\"target\":{\"@type\":\"EntryPoint\",\"urlTemplate\":\"https:\/\/blogs.florida.es\/floridauniversitariablog\/?s={search_term_string}\"},\"query-input\":\"required name=search_term_string\"}],\"inLanguage\":\"es\"}]}<\/script>\n<!-- \/ Yoast SEO plugin. -->","yoast_head_json":{"title":"\u00bfC\u00f3mo concursar? - Experiencia Florida: Blog","robots":{"index":"index","follow":"follow","max-snippet":"max-snippet:-1","max-image-preview":"max-image-preview:large","max-video-preview":"max-video-preview:-1"},"canonical":"https:\/\/blogs.florida.es\/floridauniversitariablog\/brokermania\/como-concursar\/","og_locale":"es_ES","og_type":"article","og_title":"\u00bfC\u00f3mo concursar? - Experiencia Florida: Blog","og_description":"En el siguiente enlace encontrar\u00e1s unas peque\u00f1as instrucciones: c\u00f3mo concursar Para empezar a concursar, primero deber\u00e1s inscribirte: inscripci\u00f3n Y a continuaci\u00f3n entra en la p\u00e1gina del concurso para empezar a jugar: www.bolsainternet.com\/floridaconcurso","og_url":"https:\/\/blogs.florida.es\/floridauniversitariablog\/brokermania\/como-concursar\/","og_site_name":"Experiencia Florida: Blog","article_modified_time":"2024-01-24T08:38:27+00:00","og_image":[{"url":"http:\/\/blogs.florida.es\/floridauniversitariablog\/wp-content\/uploads\/sites\/19\/2024\/01\/florida-universitaria-pantallazo-concurso.jpg"}],"twitter_card":"summary_large_image","twitter_misc":{"Tiempo de lectura":"1 minuto"},"schema":{"@context":"https:\/\/schema.org","@graph":[{"@type":"WebPage","@id":"https:\/\/blogs.florida.es\/floridauniversitariablog\/brokermania\/como-concursar\/","url":"https:\/\/blogs.florida.es\/floridauniversitariablog\/brokermania\/como-concursar\/","name":"\u00bfC\u00f3mo concursar? - Experiencia Florida: Blog","isPartOf":{"@id":"https:\/\/blogs.florida.es\/floridauniversitariablog\/#website"},"datePublished":"2018-10-26T12:26:25+00:00","dateModified":"2024-01-24T08:38:27+00:00","breadcrumb":{"@id":"https:\/\/blogs.florida.es\/floridauniversitariablog\/brokermania\/como-concursar\/#breadcrumb"},"inLanguage":"es","potentialAction":[{"@type":"ReadAction","target":["https:\/\/blogs.florida.es\/floridauniversitariablog\/brokermania\/como-concursar\/"]}]},{"@type":"BreadcrumbList","@id":"https:\/\/blogs.florida.es\/floridauniversitariablog\/brokermania\/como-concursar\/#breadcrumb","itemListElement":[{"@type":"ListItem","position":1,"name":"Portada","item":"https:\/\/blogs.florida.es\/floridauniversitariablog\/"},{"@type":"ListItem","position":2,"name":"Brokerman\u00eda","item":"https:\/\/blogs.florida.es\/floridauniversitariablog\/brokermania\/"},{"@type":"ListItem","position":3,"name":"\u00bfC\u00f3mo concursar?"}]},{"@type":"WebSite","@id":"https:\/\/blogs.florida.es\/floridauniversitariablog\/#website","url":"https:\/\/blogs.florida.es\/floridauniversitariablog\/","name":"Experiencia Florida: Blog","description":"Experiencia Florida: Nuestro Blog","potentialAction":[{"@type":"SearchAction","target":{"@type":"EntryPoint","urlTemplate":"https:\/\/blogs.florida.es\/floridauniversitariablog\/?s={search_term_string}"},"query-input":"required name=search_term_string"}],"inLanguage":"es"}]}},"jetpack_sharing_enabled":true,"jetpack_shortlink":"https:\/\/wp.me\/Pau61W-1AG","post_mailing_queue_ids":[],"_links":{"self":[{"href":"https:\/\/blogs.florida.es\/floridauniversitariablog\/wp-json\/wp\/v2\/pages\/6118","targetHints":{"allow":["GET"]}}],"collection":[{"href":"https:\/\/blogs.florida.es\/floridauniversitariablog\/wp-json\/wp\/v2\/pages"}],"about":[{"href":"https:\/\/blogs.florida.es\/floridauniversitariablog\/wp-json\/wp\/v2\/types\/page"}],"author":[{"embeddable":true,"href":"https:\/\/blogs.florida.es\/floridauniversitariablog\/wp-json\/wp\/v2\/users\/14"}],"replies":[{"embeddable":true,"href":"https:\/\/blogs.florida.es\/floridauniversitariablog\/wp-json\/wp\/v2\/comments?post=6118"}],"version-history":[{"count":5,"href":"https:\/\/blogs.florida.es\/floridauniversitariablog\/wp-json\/wp\/v2\/pages\/6118\/revisions"}],"predecessor-version":[{"id":8653,"href":"https:\/\/blogs.florida.es\/floridauniversitariablog\/wp-json\/wp\/v2\/pages\/6118\/revisions\/8653"}],"up":[{"embeddable":true,"href":"https:\/\/blogs.florida.es\/floridauniversitariablog\/wp-json\/wp\/v2\/pages\/6115"}],"wp:attachment":[{"href":"https:\/\/blogs.florida.es\/floridauniversitariablog\/wp-json\/wp\/v2\/media?parent=6118"}],"curies":[{"name":"wp","href":"https:\/\/api.w.org\/{rel}","templated":true}]}}