{"id":6119,"date":"2018-10-26T12:26:42","date_gmt":"2018-10-26T12:26:42","guid":{"rendered":"http:\/\/blogs.florida.es\/floridauniversitariaempresa\/?page_id=646"},"modified":"2024-01-24T11:00:23","modified_gmt":"2024-01-24T11:00:23","slug":"inscribete","status":"publish","type":"page","link":"https:\/\/blogs.florida.es\/floridauniversitariablog\/brokermania\/inscribete\/","title":{"rendered":"Inscr\u00edbete"},"content":{"rendered":"<p>Antes de inscribirte, lee atentamente las <strong><a href=\"http:\/\/blogs.florida.es\/floridauniversitariaempresa\/brokermania\/bases-concurso-brokermania\/\">bases del concurso<\/a><\/strong>.<\/p>\n<p><strong>\u00a1\u00a1IMPORTANTE!! <\/strong>Escribe correctamente tu <strong>correo electr\u00f3nico<\/strong> as\u00ed como tu <strong>n\u00famero de tel\u00e9fono.<\/strong><\/p>\n<p>Una vez inscrito\/a, recibir\u00e1s un email confirm\u00e1ndote que has sido inscrito\/a y ah\u00ed podr\u00e1s ver tu nombre de usuario y clave.<\/p>\n<p>Si quieres participar, <strong>inscr\u00edbete del 28 de febrero al 11 de abril de 2024,<\/strong> cumplimentando el siguiente formulario:<\/p>\n<p>&nbsp;<\/p>\n<p><a href=\"https:\/\/secretariaonline.florida.es\/brokermania\/inscripcion.php\" target=\"_blank\" rel=\"noopener\"><img loading=\"lazy\" decoding=\"async\" class=\"size-full wp-image-1234 aligncenter\" src=\"http:\/\/blogs.florida.es\/floridauniversitariablog\/wp-content\/uploads\/sites\/19\/2019\/02\/boton-inscripcion.jpg\" alt=\"\" width=\"179\" height=\"51\" \/><\/a><\/p>\n","protected":false},"excerpt":{"rendered":"<p>Antes de inscribirte, lee atentamente las bases del concurso. \u00a1\u00a1IMPORTANTE!! Escribe correctamente tu correo electr\u00f3nico as\u00ed como tu n\u00famero de tel\u00e9fono. Una vez inscrito\/a, recibir\u00e1s un email confirm\u00e1ndote que has sido inscrito\/a y ah\u00ed podr\u00e1s ver tu nombre de usuario y clave. Si quieres participar, inscr\u00edbete del 28 de febrero al 11 de abril de [&hellip;]<\/p>\n","protected":false},"author":14,"featured_media":0,"parent":6115,"menu_order":0,"comment_status":"closed","ping_status":"closed","template":"","meta":{"jetpack_post_was_ever_published":false,"footnotes":""},"class_list":["post-6119","page","type-page","status-publish","hentry"],"yoast_head":"<!-- This site is optimized with the Yoast SEO plugin v21.6 - https:\/\/yoast.com\/wordpress\/plugins\/seo\/ -->\n<title>Inscr\u00edbete - Experiencia Florida: Blog<\/title>\n<meta name=\"robots\" content=\"index, follow, max-snippet:-1, max-image-preview:large, max-video-preview:-1\" \/>\n<link rel=\"canonical\" href=\"https:\/\/blogs.florida.es\/floridauniversitariablog\/brokermania\/inscribete\/\" \/>\n<meta property=\"og:locale\" content=\"es_ES\" \/>\n<meta property=\"og:type\" content=\"article\" \/>\n<meta property=\"og:title\" content=\"Inscr\u00edbete - Experiencia Florida: Blog\" \/>\n<meta property=\"og:description\" content=\"Antes de inscribirte, lee atentamente las bases del concurso. \u00a1\u00a1IMPORTANTE!! Escribe correctamente tu correo electr\u00f3nico as\u00ed como tu n\u00famero de tel\u00e9fono. Una vez inscrito\/a, recibir\u00e1s un email confirm\u00e1ndote que has sido inscrito\/a y ah\u00ed podr\u00e1s ver tu nombre de usuario y clave. Si quieres participar, inscr\u00edbete del 28 de febrero al 11 de abril de [&hellip;]\" \/>\n<meta property=\"og:url\" content=\"https:\/\/blogs.florida.es\/floridauniversitariablog\/brokermania\/inscribete\/\" \/>\n<meta property=\"og:site_name\" content=\"Experiencia Florida: Blog\" \/>\n<meta property=\"article:modified_time\" content=\"2024-01-24T11:00:23+00:00\" \/>\n<meta property=\"og:image\" content=\"http:\/\/blogs.florida.es\/floridauniversitariablog\/wp-content\/uploads\/sites\/19\/2019\/02\/boton-inscripcion.jpg\" \/>\n<meta name=\"twitter:card\" content=\"summary_large_image\" \/>\n<meta name=\"twitter:label1\" content=\"Tiempo de lectura\" \/>\n\t<meta name=\"twitter:data1\" content=\"1 minuto\" \/>\n<script type=\"application\/ld+json\" class=\"yoast-schema-graph\">{\"@context\":\"https:\/\/schema.org\",\"@graph\":[{\"@type\":\"WebPage\",\"@id\":\"https:\/\/blogs.florida.es\/floridauniversitariablog\/brokermania\/inscribete\/\",\"url\":\"https:\/\/blogs.florida.es\/floridauniversitariablog\/brokermania\/inscribete\/\",\"name\":\"Inscr\u00edbete - Experiencia Florida: Blog\",\"isPartOf\":{\"@id\":\"https:\/\/blogs.florida.es\/floridauniversitariablog\/#website\"},\"datePublished\":\"2018-10-26T12:26:42+00:00\",\"dateModified\":\"2024-01-24T11:00:23+00:00\",\"breadcrumb\":{\"@id\":\"https:\/\/blogs.florida.es\/floridauniversitariablog\/brokermania\/inscribete\/#breadcrumb\"},\"inLanguage\":\"es\",\"potentialAction\":[{\"@type\":\"ReadAction\",\"target\":[\"https:\/\/blogs.florida.es\/floridauniversitariablog\/brokermania\/inscribete\/\"]}]},{\"@type\":\"BreadcrumbList\",\"@id\":\"https:\/\/blogs.florida.es\/floridauniversitariablog\/brokermania\/inscribete\/#breadcrumb\",\"itemListElement\":[{\"@type\":\"ListItem\",\"position\":1,\"name\":\"Portada\",\"item\":\"https:\/\/blogs.florida.es\/floridauniversitariablog\/\"},{\"@type\":\"ListItem\",\"position\":2,\"name\":\"Brokerman\u00eda\",\"item\":\"https:\/\/blogs.florida.es\/floridauniversitariablog\/brokermania\/\"},{\"@type\":\"ListItem\",\"position\":3,\"name\":\"Inscr\u00edbete\"}]},{\"@type\":\"WebSite\",\"@id\":\"https:\/\/blogs.florida.es\/floridauniversitariablog\/#website\",\"url\":\"https:\/\/blogs.florida.es\/floridauniversitariablog\/\",\"name\":\"Experiencia Florida: Blog\",\"description\":\"Experiencia Florida: Nuestro Blog\",\"potentialAction\":[{\"@type\":\"SearchAction\",\"target\":{\"@type\":\"EntryPoint\",\"urlTemplate\":\"https:\/\/blogs.florida.es\/floridauniversitariablog\/?s={search_term_string}\"},\"query-input\":\"required name=search_term_string\"}],\"inLanguage\":\"es\"}]}<\/script>\n<!-- \/ Yoast SEO plugin. -->","yoast_head_json":{"title":"Inscr\u00edbete - Experiencia Florida: Blog","robots":{"index":"index","follow":"follow","max-snippet":"max-snippet:-1","max-image-preview":"max-image-preview:large","max-video-preview":"max-video-preview:-1"},"canonical":"https:\/\/blogs.florida.es\/floridauniversitariablog\/brokermania\/inscribete\/","og_locale":"es_ES","og_type":"article","og_title":"Inscr\u00edbete - Experiencia Florida: Blog","og_description":"Antes de inscribirte, lee atentamente las bases del concurso. \u00a1\u00a1IMPORTANTE!! Escribe correctamente tu correo electr\u00f3nico as\u00ed como tu n\u00famero de tel\u00e9fono. Una vez inscrito\/a, recibir\u00e1s un email confirm\u00e1ndote que has sido inscrito\/a y ah\u00ed podr\u00e1s ver tu nombre de usuario y clave. Si quieres participar, inscr\u00edbete del 28 de febrero al 11 de abril de [&hellip;]","og_url":"https:\/\/blogs.florida.es\/floridauniversitariablog\/brokermania\/inscribete\/","og_site_name":"Experiencia Florida: Blog","article_modified_time":"2024-01-24T11:00:23+00:00","og_image":[{"url":"http:\/\/blogs.florida.es\/floridauniversitariablog\/wp-content\/uploads\/sites\/19\/2019\/02\/boton-inscripcion.jpg"}],"twitter_card":"summary_large_image","twitter_misc":{"Tiempo de lectura":"1 minuto"},"schema":{"@context":"https:\/\/schema.org","@graph":[{"@type":"WebPage","@id":"https:\/\/blogs.florida.es\/floridauniversitariablog\/brokermania\/inscribete\/","url":"https:\/\/blogs.florida.es\/floridauniversitariablog\/brokermania\/inscribete\/","name":"Inscr\u00edbete - Experiencia Florida: Blog","isPartOf":{"@id":"https:\/\/blogs.florida.es\/floridauniversitariablog\/#website"},"datePublished":"2018-10-26T12:26:42+00:00","dateModified":"2024-01-24T11:00:23+00:00","breadcrumb":{"@id":"https:\/\/blogs.florida.es\/floridauniversitariablog\/brokermania\/inscribete\/#breadcrumb"},"inLanguage":"es","potentialAction":[{"@type":"ReadAction","target":["https:\/\/blogs.florida.es\/floridauniversitariablog\/brokermania\/inscribete\/"]}]},{"@type":"BreadcrumbList","@id":"https:\/\/blogs.florida.es\/floridauniversitariablog\/brokermania\/inscribete\/#breadcrumb","itemListElement":[{"@type":"ListItem","position":1,"name":"Portada","item":"https:\/\/blogs.florida.es\/floridauniversitariablog\/"},{"@type":"ListItem","position":2,"name":"Brokerman\u00eda","item":"https:\/\/blogs.florida.es\/floridauniversitariablog\/brokermania\/"},{"@type":"ListItem","position":3,"name":"Inscr\u00edbete"}]},{"@type":"WebSite","@id":"https:\/\/blogs.florida.es\/floridauniversitariablog\/#website","url":"https:\/\/blogs.florida.es\/floridauniversitariablog\/","name":"Experiencia Florida: Blog","description":"Experiencia Florida: Nuestro Blog","potentialAction":[{"@type":"SearchAction","target":{"@type":"EntryPoint","urlTemplate":"https:\/\/blogs.florida.es\/floridauniversitariablog\/?s={search_term_string}"},"query-input":"required name=search_term_string"}],"inLanguage":"es"}]}},"jetpack_sharing_enabled":true,"jetpack_shortlink":"https:\/\/wp.me\/Pau61W-1AH","post_mailing_queue_ids":[],"_links":{"self":[{"href":"https:\/\/blogs.florida.es\/floridauniversitariablog\/wp-json\/wp\/v2\/pages\/6119","targetHints":{"allow":["GET"]}}],"collection":[{"href":"https:\/\/blogs.florida.es\/floridauniversitariablog\/wp-json\/wp\/v2\/pages"}],"about":[{"href":"https:\/\/blogs.florida.es\/floridauniversitariablog\/wp-json\/wp\/v2\/types\/page"}],"author":[{"embeddable":true,"href":"https:\/\/blogs.florida.es\/floridauniversitariablog\/wp-json\/wp\/v2\/users\/14"}],"replies":[{"embeddable":true,"href":"https:\/\/blogs.florida.es\/floridauniversitariablog\/wp-json\/wp\/v2\/comments?post=6119"}],"version-history":[{"count":8,"href":"https:\/\/blogs.florida.es\/floridauniversitariablog\/wp-json\/wp\/v2\/pages\/6119\/revisions"}],"predecessor-version":[{"id":8658,"href":"https:\/\/blogs.florida.es\/floridauniversitariablog\/wp-json\/wp\/v2\/pages\/6119\/revisions\/8658"}],"up":[{"embeddable":true,"href":"https:\/\/blogs.florida.es\/floridauniversitariablog\/wp-json\/wp\/v2\/pages\/6115"}],"wp:attachment":[{"href":"https:\/\/blogs.florida.es\/floridauniversitariablog\/wp-json\/wp\/v2\/media?parent=6119"}],"curies":[{"name":"wp","href":"https:\/\/api.w.org\/{rel}","templated":true}]}}