{"id":1710,"date":"2020-11-18T16:41:23","date_gmt":"2020-11-18T16:41:23","guid":{"rendered":"http:\/\/blogs.florida.es\/mostrat\/?page_id=1710"},"modified":"2020-11-18T16:41:23","modified_gmt":"2020-11-18T16:41:23","slug":"presentacion","status":"publish","type":"page","link":"https:\/\/blogs.florida.es\/mostrat\/presentacion\/","title":{"rendered":"Presentaci\u00f3n"},"content":{"rendered":"<p>[vc_row][vc_column][vc_column_text]<b><span style=\"color: #e4002b;font-size: 30px\"># Jornadas d&#8217;Orientaci\u00f3n Profesional<\/span> <\/b><\/p>\n<p style=\"text-align: justify\"><a title=\"Florida universitaria\" href=\"http:\/\/www.floridauniversitaria.es\" target=\"_blank\" rel=\"noopener noreferrer\">Florida Universit\u00e0ria<\/a> tiene como objetivo formar profesionales innovadores, competentes y altamente empleables: <strong>Profesionales preparados para el Futuro<\/strong>: <em><strong>FIT FOR FUTURE.<\/strong><\/em><\/p>\n<p style=\"text-align: justify\">A lo largo de tu formaci\u00f3n en Florida Universit\u00e0ria has tenido la oportunidad de desarrollar las competencias t\u00e9cnicas y transversales que har\u00e1n que te diferencies en tu futuro profesional. Estas Jornadas se desarrollan en la recta final de tus estudios y tienen como objetivo proporcionarte las herramientas para afrontar con \u00e9xito tu futuro laboral.<\/p>\n<p style=\"text-align: justify\">Las jornadas de orientaci\u00f3n profesional se dirigen al <strong>alumnado de \u00faltimo curso de Grados y Ciclos Formativos<\/strong> de Florida Universit\u00e0ria.<\/p>\n<p style=\"text-align: justify\">Todas las activitades que hemos preparado <strong>son de asistencia obligatoria y gratuitas. <\/strong>Estas actividades te permitir\u00e1n:<\/p>\n<ul>\n<li>Reflexionar sobre tu futuro, con la ayuda de personas expertas y profesioanles de empresas\/entidades.<br \/>\n<strong>INSP\u00cdRAte<\/strong>\u00a0(paneles de empresas, conferencias i conversaciones con&#8230;)<\/li>\n<li>Explorar oportunidades y tendencias de un mercado laboral global.<br \/>\n<strong>PROY\u00c9CTAte<\/strong> (mercado laboral en el extranjero, espec\u00edfico, emprender\u2026.)<\/li>\n<li>Crear los instrumentos para potenciar tu empleabilidad i mostrar tus competencias y tu valor diferencial.<br \/>\n<b>MU\u00c9STRAte <\/b>(CV escrito, V\u00eddeo CV, Portfolio, Entrevistas, etc\u2026)<\/li>\n<\/ul>\n<p>[\/vc_column_text][\/vc_column][\/vc_row]<\/p>\n","protected":false},"excerpt":{"rendered":"<p>[vc_row][vc_column][vc_column_text]# Jornadas d&#8217;Orientaci\u00f3n Profesional Florida Universit\u00e0ria tiene como objetivo formar profesionales innovadores, competentes y altamente empleables: Profesionales preparados para el Futuro: FIT FOR FUTURE. A lo largo de tu formaci\u00f3n en Florida Universit\u00e0ria has tenido la oportunidad de desarrollar las competencias t\u00e9cnicas y transversales que har\u00e1n que te diferencies en tu futuro profesional. Estas Jornadas [&hellip;]<\/p>\n","protected":false},"author":14,"featured_media":0,"parent":0,"menu_order":0,"comment_status":"closed","ping_status":"closed","template":"","meta":{"footnotes":""},"class_list":["post-1710","page","type-page","status-publish","czr-hentry"],"_links":{"self":[{"href":"https:\/\/blogs.florida.es\/mostrat\/wp-json\/wp\/v2\/pages\/1710","targetHints":{"allow":["GET"]}}],"collection":[{"href":"https:\/\/blogs.florida.es\/mostrat\/wp-json\/wp\/v2\/pages"}],"about":[{"href":"https:\/\/blogs.florida.es\/mostrat\/wp-json\/wp\/v2\/types\/page"}],"author":[{"embeddable":true,"href":"https:\/\/blogs.florida.es\/mostrat\/wp-json\/wp\/v2\/users\/14"}],"replies":[{"embeddable":true,"href":"https:\/\/blogs.florida.es\/mostrat\/wp-json\/wp\/v2\/comments?post=1710"}],"version-history":[{"count":1,"href":"https:\/\/blogs.florida.es\/mostrat\/wp-json\/wp\/v2\/pages\/1710\/revisions"}],"predecessor-version":[{"id":1711,"href":"https:\/\/blogs.florida.es\/mostrat\/wp-json\/wp\/v2\/pages\/1710\/revisions\/1711"}],"wp:attachment":[{"href":"https:\/\/blogs.florida.es\/mostrat\/wp-json\/wp\/v2\/media?parent=1710"}],"curies":[{"name":"wp","href":"https:\/\/api.w.org\/{rel}","templated":true}]}}