{"id":1718,"date":"2020-11-19T10:21:35","date_gmt":"2020-11-19T10:21:35","guid":{"rendered":"http:\/\/blogs.florida.es\/mostrat\/?page_id=1718"},"modified":"2025-11-18T10:25:43","modified_gmt":"2025-11-18T10:25:43","slug":"actividades-orientadas-al-empleo","status":"publish","type":"page","link":"https:\/\/blogs.florida.es\/mostrat\/actividades-orientadas-al-empleo\/","title":{"rendered":"Actividades orientadas al empleo"},"content":{"rendered":"<p>[vc_row][vc_column][vc_column_text]<\/p>\n<p style=\"text-align: justify\">Como cada a\u00f1o, desde el <strong>Servicio de Orientaci\u00f3n Profesional de Florida Universit\u00e0ria<\/strong>\u00a0organizamos una serie de actividades dirigidas al <strong>alumnado de Grados y de Ciclos Formativos<\/strong>, con el objetivo de proporcionarles las <strong>herramientas necesarias<\/strong>\u00a0para afrontar con \u00e9xito su <strong>incorporaci\u00f3n al mundo laboral<\/strong>.<\/p>\n<p style=\"text-align: justify\">En la actualidad, las actividades de <strong>orientaci\u00f3n profesional<\/strong>\u00a0se inician ya desde <strong>1.\u00ba curso<\/strong>, para que el alumnado asuma desde el principio un <strong>papel activo en su propia empleabilidad<\/strong>: identificando sus <strong>puntos fuertes<\/strong>, detectando las <strong>competencias a mejorar<\/strong>\u00a0y teniendo en cuenta aquellas que est\u00e1 demandando el <strong>mercado laboral<\/strong>.<\/p>\n<p style=\"text-align: justify\">Con este enfoque, y atendiendo a las caracter\u00edsticas de cada <strong>titulaci\u00f3n<\/strong>\u00a0y a los distintos <strong>grupos de inter\u00e9s<\/strong>, organizamos las acciones en <strong>grupos reducidos<\/strong>, adaptando los contenidos y formatos a las necesidades espec\u00edficas de cada \u00e1rea de conocimiento.<\/p>\n<p style=\"text-align: justify\">Todo ello se complementa con un <strong>contacto continuo con el tejido empresarial<\/strong>, acercando las <strong>empresas a las aulas<\/strong>\u00a0mediante charlas y talleres, organizando <strong>ferias de empleo<\/strong>\u00a0y promoviendo <strong>visitas a empresas<\/strong>, lo que permite al alumnado conocer de primera mano la realidad profesional de su sector y ampliar sus oportunidades de inserci\u00f3n laboral.<\/p>\n<p>[\/vc_column_text][\/vc_column][\/vc_row]<\/p>\n","protected":false},"excerpt":{"rendered":"<p>[vc_row][vc_column][vc_column_text] Como cada a\u00f1o, desde el Servicio de Orientaci\u00f3n Profesional de Florida Universit\u00e0ria\u00a0organizamos una serie de actividades dirigidas al alumnado de Grados y de Ciclos Formativos, con el objetivo de proporcionarles las herramientas necesarias\u00a0para afrontar con \u00e9xito su incorporaci\u00f3n al mundo laboral. En la actualidad, las actividades de orientaci\u00f3n profesional\u00a0se inician ya desde 1.\u00ba curso, [&hellip;]<\/p>\n","protected":false},"author":14,"featured_media":0,"parent":0,"menu_order":0,"comment_status":"closed","ping_status":"closed","template":"","meta":{"footnotes":""},"class_list":["post-1718","page","type-page","status-publish","czr-hentry"],"_links":{"self":[{"href":"https:\/\/blogs.florida.es\/mostrat\/wp-json\/wp\/v2\/pages\/1718","targetHints":{"allow":["GET"]}}],"collection":[{"href":"https:\/\/blogs.florida.es\/mostrat\/wp-json\/wp\/v2\/pages"}],"about":[{"href":"https:\/\/blogs.florida.es\/mostrat\/wp-json\/wp\/v2\/types\/page"}],"author":[{"embeddable":true,"href":"https:\/\/blogs.florida.es\/mostrat\/wp-json\/wp\/v2\/users\/14"}],"replies":[{"embeddable":true,"href":"https:\/\/blogs.florida.es\/mostrat\/wp-json\/wp\/v2\/comments?post=1718"}],"version-history":[{"count":58,"href":"https:\/\/blogs.florida.es\/mostrat\/wp-json\/wp\/v2\/pages\/1718\/revisions"}],"predecessor-version":[{"id":2847,"href":"https:\/\/blogs.florida.es\/mostrat\/wp-json\/wp\/v2\/pages\/1718\/revisions\/2847"}],"wp:attachment":[{"href":"https:\/\/blogs.florida.es\/mostrat\/wp-json\/wp\/v2\/media?parent=1718"}],"curies":[{"name":"wp","href":"https:\/\/api.w.org\/{rel}","templated":true}]}}