{"id":1819,"date":"2020-11-26T11:40:19","date_gmt":"2020-11-26T11:40:19","guid":{"rendered":"http:\/\/blogs.florida.es\/mostrat\/?page_id=1819"},"modified":"2023-05-03T09:57:22","modified_gmt":"2023-05-03T09:57:22","slug":"mostrat-octubre-2020","status":"publish","type":"page","link":"https:\/\/blogs.florida.es\/mostrat\/mostrat-en-imagenes\/mostrat-octubre-2020\/","title":{"rendered":"MOSTRA&#8217;T en im\u00e1genes octubre 2020"},"content":{"rendered":"<h2>OCTUBRE 2020<\/h2>\n<div id='gallery-1' class='czr-gallery row flex-row czr-gallery-style gallery galleryid-1819 gallery-columns-3 gallery-size-medium'><figure class='gallery-item col col-auto'>\r\n                        <div class='gallery-icon landscape czr-gallery-icon'>\r\n                              <a href=https:\/\/blogs.florida.es\/mostrat\/mostrat-en-imagenes\/mostrat-octubre-2020\/octubre-turismo-3\/ class=\"bg-link\"><\/a><img loading=\"lazy\" decoding=\"async\" width=\"300\" height=\"200\" src=\"https:\/\/blogs.florida.es\/mostrat\/wp-content\/uploads\/sites\/9\/2020\/11\/octubre-turismo-3-300x200.jpg\" class=\"attachment-medium size-medium\" alt=\"\" sizes=\"auto, (min-width: 1200px) 350px, (min-width: 992px) 290px, (min-width: 768px) 210px, (min-width: 576px) 150px, calc( 50vw - 30px )\" aria-describedby=\"gallery-1-1822\" srcset=\"https:\/\/blogs.florida.es\/mostrat\/wp-content\/uploads\/sites\/9\/2020\/11\/octubre-turismo-3-300x200.jpg 300w, https:\/\/blogs.florida.es\/mostrat\/wp-content\/uploads\/sites\/9\/2020\/11\/octubre-turismo-3.jpg 700w\" \/><div class=\"post-action btn btn-skin-dark-shaded inverted\"><a href=\"https:\/\/blogs.florida.es\/mostrat\/wp-content\/uploads\/sites\/9\/2020\/11\/octubre-turismo-3.jpg\" class=\"icn-expand\" data-lb-type=\"grouped-gallery\" title=\"Charla motivacional ADECCO\"><\/a><\/div>\r\n                        <\/div>\r\n                              <figcaption class='wp-caption-text gallery-caption' id='gallery-1-1822'>\r\n                              Charla motivacional ADECCO\r\n                              <\/figcaption><\/figure><figure class='gallery-item col col-auto'>\r\n                        <div class='gallery-icon landscape czr-gallery-icon'>\r\n                              <a href=https:\/\/blogs.florida.es\/mostrat\/mostrat-en-imagenes\/mostrat-octubre-2020\/octubre-taller-entrevista-1\/ class=\"bg-link\"><\/a><img loading=\"lazy\" decoding=\"async\" width=\"300\" height=\"200\" src=\"https:\/\/blogs.florida.es\/mostrat\/wp-content\/uploads\/sites\/9\/2020\/11\/octubre-taller-entrevista-1-300x200.jpg\" class=\"attachment-medium size-medium\" alt=\"\" sizes=\"auto, (min-width: 1200px) 350px, (min-width: 992px) 290px, (min-width: 768px) 210px, (min-width: 576px) 150px, calc( 50vw - 30px )\" aria-describedby=\"gallery-1-1826\" srcset=\"https:\/\/blogs.florida.es\/mostrat\/wp-content\/uploads\/sites\/9\/2020\/11\/octubre-taller-entrevista-1-300x200.jpg 300w, https:\/\/blogs.florida.es\/mostrat\/wp-content\/uploads\/sites\/9\/2020\/11\/octubre-taller-entrevista-1.jpg 700w\" \/><div class=\"post-action btn btn-skin-dark-shaded inverted\"><a href=\"https:\/\/blogs.florida.es\/mostrat\/wp-content\/uploads\/sites\/9\/2020\/11\/octubre-taller-entrevista-1.jpg\" class=\"icn-expand\" data-lb-type=\"grouped-gallery\" title=\"Taller de entrevista personal\"><\/a><\/div>\r\n                        <\/div>\r\n                              <figcaption class='wp-caption-text gallery-caption' id='gallery-1-1826'>\r\n                              Taller de entrevista personal\r\n                              <\/figcaption><\/figure><figure class='gallery-item col col-auto'>\r\n                        <div class='gallery-icon landscape czr-gallery-icon'>\r\n                              <a href=https:\/\/blogs.florida.es\/mostrat\/mostrat-en-imagenes\/mostrat-octubre-2020\/octubre-inf-practicasempresa-3\/ class=\"bg-link\"><\/a><img loading=\"lazy\" decoding=\"async\" width=\"300\" height=\"200\" src=\"https:\/\/blogs.florida.es\/mostrat\/wp-content\/uploads\/sites\/9\/2020\/11\/octubre-inf-practicasempresa-3-300x200.jpg\" class=\"attachment-medium size-medium\" alt=\"\" sizes=\"auto, (min-width: 1200px) 350px, (min-width: 992px) 290px, (min-width: 768px) 210px, (min-width: 576px) 150px, calc( 50vw - 30px )\" aria-describedby=\"gallery-1-1825\" srcset=\"https:\/\/blogs.florida.es\/mostrat\/wp-content\/uploads\/sites\/9\/2020\/11\/octubre-inf-practicasempresa-3-300x200.jpg 300w, https:\/\/blogs.florida.es\/mostrat\/wp-content\/uploads\/sites\/9\/2020\/11\/octubre-inf-practicasempresa-3.jpg 700w\" \/><div class=\"post-action btn btn-skin-dark-shaded inverted\"><a href=\"https:\/\/blogs.florida.es\/mostrat\/wp-content\/uploads\/sites\/9\/2020\/11\/octubre-inf-practicasempresa-3.jpg\" class=\"icn-expand\" data-lb-type=\"grouped-gallery\" title=\"Informaci\u00f3n pr\u00e1cticas de pr\u00e1cticas\"><\/a><\/div>\r\n                        <\/div>\r\n                              <figcaption class='wp-caption-text gallery-caption' id='gallery-1-1825'>\r\n                              Informaci\u00f3n pr\u00e1cticas de pr\u00e1cticas\r\n                              <\/figcaption><\/figure><figure class='gallery-item col col-auto'>\r\n                        <div class='gallery-icon landscape czr-gallery-icon'>\r\n                              <a href=https:\/\/blogs.florida.es\/mostrat\/mostrat-en-imagenes\/mostrat-octubre-2020\/octubre-inf-practicasempresa-1\/ class=\"bg-link\"><\/a><img loading=\"lazy\" decoding=\"async\" width=\"300\" height=\"285\" src=\"https:\/\/blogs.florida.es\/mostrat\/wp-content\/uploads\/sites\/9\/2020\/11\/octubre-inf-practicasempresa-1-300x285.jpg\" class=\"attachment-medium size-medium\" alt=\"\" sizes=\"auto, (min-width: 1200px) 350px, (min-width: 992px) 290px, (min-width: 768px) 210px, (min-width: 576px) 150px, calc( 50vw - 30px )\" aria-describedby=\"gallery-1-1824\" srcset=\"https:\/\/blogs.florida.es\/mostrat\/wp-content\/uploads\/sites\/9\/2020\/11\/octubre-inf-practicasempresa-1-300x285.jpg 300w, https:\/\/blogs.florida.es\/mostrat\/wp-content\/uploads\/sites\/9\/2020\/11\/octubre-inf-practicasempresa-1.jpg 700w\" \/><div class=\"post-action btn btn-skin-dark-shaded inverted\"><a href=\"https:\/\/blogs.florida.es\/mostrat\/wp-content\/uploads\/sites\/9\/2020\/11\/octubre-inf-practicasempresa-1.jpg\" class=\"icn-expand\" data-lb-type=\"grouped-gallery\" title=\"Informaci\u00f3n pr\u00e1cticas de pr\u00e1cticas\"><\/a><\/div>\r\n                        <\/div>\r\n                              <figcaption class='wp-caption-text gallery-caption' id='gallery-1-1824'>\r\n                              Informaci\u00f3n pr\u00e1cticas de pr\u00e1cticas\r\n                              <\/figcaption><\/figure><figure class='gallery-item col col-auto'>\r\n                        <div class='gallery-icon landscape czr-gallery-icon'>\r\n                              <a href=https:\/\/blogs.florida.es\/mostrat\/mostrat-en-imagenes\/mostrat-octubre-2020\/octubre-ingenieria-1\/ class=\"bg-link\"><\/a><img loading=\"lazy\" decoding=\"async\" width=\"300\" height=\"191\" src=\"https:\/\/blogs.florida.es\/mostrat\/wp-content\/uploads\/sites\/9\/2020\/11\/octubre-ingenieria-1-300x191.jpg\" class=\"attachment-medium size-medium\" alt=\"\" sizes=\"auto, (min-width: 1200px) 350px, (min-width: 992px) 290px, (min-width: 768px) 210px, (min-width: 576px) 150px, calc( 50vw - 30px )\" aria-describedby=\"gallery-1-1823\" srcset=\"https:\/\/blogs.florida.es\/mostrat\/wp-content\/uploads\/sites\/9\/2020\/11\/octubre-ingenieria-1-300x191.jpg 300w, https:\/\/blogs.florida.es\/mostrat\/wp-content\/uploads\/sites\/9\/2020\/11\/octubre-ingenieria-1.jpg 700w\" \/><div class=\"post-action btn btn-skin-dark-shaded inverted\"><a href=\"https:\/\/blogs.florida.es\/mostrat\/wp-content\/uploads\/sites\/9\/2020\/11\/octubre-ingenieria-1.jpg\" class=\"icn-expand\" data-lb-type=\"grouped-gallery\" title=\"Charla COGITI\"><\/a><\/div>\r\n                        <\/div>\r\n                              <figcaption class='wp-caption-text gallery-caption' id='gallery-1-1823'>\r\n                              Charla COGITI\r\n                              <\/figcaption><\/figure>\r\n                  <\/div>\n\n<h2>NOVIEMBRE 2020<\/h2>\n<div id='gallery-2' class='czr-gallery row flex-row czr-gallery-style gallery galleryid-1819 gallery-columns-4 gallery-size-medium'><figure class='gallery-item col col-auto'>\r\n                        <div class='gallery-icon landscape czr-gallery-icon'>\r\n                              <a href=https:\/\/blogs.florida.es\/mostrat\/mostrat-en-imagenes\/mostrat-octubre-2020\/noviembre-taller-entrevista-1\/ class=\"bg-link\"><\/a><img loading=\"lazy\" decoding=\"async\" width=\"300\" height=\"194\" src=\"https:\/\/blogs.florida.es\/mostrat\/wp-content\/uploads\/sites\/9\/2020\/11\/noviembre-taller-entrevista-1-300x194.jpg\" class=\"attachment-medium size-medium\" alt=\"\" sizes=\"auto, (min-width: 1200px) 255px, (min-width: 992px) 210px, (min-width: 768px) 150px, (min-width: 576px) 105px, calc( 50vw - 30px )\" aria-describedby=\"gallery-2-1834\" srcset=\"https:\/\/blogs.florida.es\/mostrat\/wp-content\/uploads\/sites\/9\/2020\/11\/noviembre-taller-entrevista-1-300x194.jpg 300w, https:\/\/blogs.florida.es\/mostrat\/wp-content\/uploads\/sites\/9\/2020\/11\/noviembre-taller-entrevista-1.jpg 700w\" \/><div class=\"post-action btn btn-skin-dark-shaded inverted\"><a href=\"https:\/\/blogs.florida.es\/mostrat\/wp-content\/uploads\/sites\/9\/2020\/11\/noviembre-taller-entrevista-1.jpg\" class=\"icn-expand\" data-lb-type=\"grouped-gallery\" title=\"Taller de Entrevista personal\"><\/a><\/div>\r\n                        <\/div>\r\n                              <figcaption class='wp-caption-text gallery-caption' id='gallery-2-1834'>\r\n                              Taller de Entrevista personal\r\n                              <\/figcaption><\/figure><figure class='gallery-item col col-auto'>\r\n                        <div class='gallery-icon landscape czr-gallery-icon'>\r\n                              <a href=https:\/\/blogs.florida.es\/mostrat\/mostrat-en-imagenes\/mostrat-octubre-2020\/noviembre-taller-entrevista-2\/ class=\"bg-link\"><\/a><img loading=\"lazy\" decoding=\"async\" width=\"300\" height=\"200\" src=\"https:\/\/blogs.florida.es\/mostrat\/wp-content\/uploads\/sites\/9\/2020\/11\/noviembre-taller-entrevista-2-300x200.jpg\" class=\"attachment-medium size-medium\" alt=\"\" sizes=\"auto, (min-width: 1200px) 255px, (min-width: 992px) 210px, (min-width: 768px) 150px, (min-width: 576px) 105px, calc( 50vw - 30px )\" aria-describedby=\"gallery-2-1835\" srcset=\"https:\/\/blogs.florida.es\/mostrat\/wp-content\/uploads\/sites\/9\/2020\/11\/noviembre-taller-entrevista-2-300x200.jpg 300w, https:\/\/blogs.florida.es\/mostrat\/wp-content\/uploads\/sites\/9\/2020\/11\/noviembre-taller-entrevista-2.jpg 700w\" \/><div class=\"post-action btn btn-skin-dark-shaded inverted\"><a href=\"https:\/\/blogs.florida.es\/mostrat\/wp-content\/uploads\/sites\/9\/2020\/11\/noviembre-taller-entrevista-2.jpg\" class=\"icn-expand\" data-lb-type=\"grouped-gallery\" title=\"Taller de Entrevistas personal\"><\/a><\/div>\r\n                        <\/div>\r\n                              <figcaption class='wp-caption-text gallery-caption' id='gallery-2-1835'>\r\n                              Taller de Entrevistas personal\r\n                              <\/figcaption><\/figure><figure class='gallery-item col col-auto'>\r\n                        <div class='gallery-icon landscape czr-gallery-icon'>\r\n                              <a href=https:\/\/blogs.florida.es\/mostrat\/mostrat-en-imagenes\/mostrat-octubre-2020\/noviembre-voluntariado-2\/ class=\"bg-link\"><\/a><img loading=\"lazy\" decoding=\"async\" width=\"300\" height=\"192\" src=\"https:\/\/blogs.florida.es\/mostrat\/wp-content\/uploads\/sites\/9\/2020\/11\/noviembre-voluntariado-2-300x192.jpg\" class=\"attachment-medium size-medium\" alt=\"\" sizes=\"auto, (min-width: 1200px) 255px, (min-width: 992px) 210px, (min-width: 768px) 150px, (min-width: 576px) 105px, calc( 50vw - 30px )\" aria-describedby=\"gallery-2-1839\" srcset=\"https:\/\/blogs.florida.es\/mostrat\/wp-content\/uploads\/sites\/9\/2020\/11\/noviembre-voluntariado-2-300x192.jpg 300w, https:\/\/blogs.florida.es\/mostrat\/wp-content\/uploads\/sites\/9\/2020\/11\/noviembre-voluntariado-2.jpg 700w\" \/><div class=\"post-action btn btn-skin-dark-shaded inverted\"><a href=\"https:\/\/blogs.florida.es\/mostrat\/wp-content\/uploads\/sites\/9\/2020\/11\/noviembre-voluntariado-2.jpg\" class=\"icn-expand\" data-lb-type=\"grouped-gallery\" title=\"Sesi\u00f3n de fomento del voluntariado\"><\/a><\/div>\r\n                        <\/div>\r\n                              <figcaption class='wp-caption-text gallery-caption' id='gallery-2-1839'>\r\n                              Sesi\u00f3n de fomento del voluntariado\r\n                              <\/figcaption><\/figure><figure class='gallery-item col col-auto'>\r\n                        <div class='gallery-icon landscape czr-gallery-icon'>\r\n                              <a href=https:\/\/blogs.florida.es\/mostrat\/mostrat-en-imagenes\/mostrat-octubre-2020\/noviembre-ingenieria-1\/ class=\"bg-link\"><\/a><img loading=\"lazy\" decoding=\"async\" width=\"300\" height=\"200\" src=\"https:\/\/blogs.florida.es\/mostrat\/wp-content\/uploads\/sites\/9\/2020\/11\/noviembre-ingenieria-1-300x200.jpg\" class=\"attachment-medium size-medium\" alt=\"\" sizes=\"auto, (min-width: 1200px) 255px, (min-width: 992px) 210px, (min-width: 768px) 150px, (min-width: 576px) 105px, calc( 50vw - 30px )\" aria-describedby=\"gallery-2-1831\" srcset=\"https:\/\/blogs.florida.es\/mostrat\/wp-content\/uploads\/sites\/9\/2020\/11\/noviembre-ingenieria-1-300x200.jpg 300w, https:\/\/blogs.florida.es\/mostrat\/wp-content\/uploads\/sites\/9\/2020\/11\/noviembre-ingenieria-1.jpg 700w\" \/><div class=\"post-action btn btn-skin-dark-shaded inverted\"><a href=\"https:\/\/blogs.florida.es\/mostrat\/wp-content\/uploads\/sites\/9\/2020\/11\/noviembre-ingenieria-1.jpg\" class=\"icn-expand\" data-lb-type=\"grouped-gallery\" title=\"Charla Lear Corporation\"><\/a><\/div>\r\n                        <\/div>\r\n                              <figcaption class='wp-caption-text gallery-caption' id='gallery-2-1831'>\r\n                              Charla Lear Corporation\r\n                              <\/figcaption><\/figure><figure class='gallery-item col col-auto'>\r\n                        <div class='gallery-icon landscape czr-gallery-icon'>\r\n                              <a href=https:\/\/blogs.florida.es\/mostrat\/mostrat-en-imagenes\/mostrat-octubre-2020\/noviembre-ingenieria-3\/ class=\"bg-link\"><\/a><img loading=\"lazy\" decoding=\"async\" width=\"300\" height=\"200\" src=\"https:\/\/blogs.florida.es\/mostrat\/wp-content\/uploads\/sites\/9\/2020\/11\/noviembre-ingenieria-3-300x200.jpg\" class=\"attachment-medium size-medium\" alt=\"\" sizes=\"auto, (min-width: 1200px) 255px, (min-width: 992px) 210px, (min-width: 768px) 150px, (min-width: 576px) 105px, calc( 50vw - 30px )\" aria-describedby=\"gallery-2-1833\" srcset=\"https:\/\/blogs.florida.es\/mostrat\/wp-content\/uploads\/sites\/9\/2020\/11\/noviembre-ingenieria-3-300x200.jpg 300w, https:\/\/blogs.florida.es\/mostrat\/wp-content\/uploads\/sites\/9\/2020\/11\/noviembre-ingenieria-3.jpg 700w\" \/><div class=\"post-action btn btn-skin-dark-shaded inverted\"><a href=\"https:\/\/blogs.florida.es\/mostrat\/wp-content\/uploads\/sites\/9\/2020\/11\/noviembre-ingenieria-3.jpg\" class=\"icn-expand\" data-lb-type=\"grouped-gallery\" title=\"Charla Lear Corporation\"><\/a><\/div>\r\n                        <\/div>\r\n                              <figcaption class='wp-caption-text gallery-caption' id='gallery-2-1833'>\r\n                              Charla Lear Corporation\r\n                              <\/figcaption><\/figure><figure class='gallery-item col col-auto'>\r\n                        <div class='gallery-icon landscape czr-gallery-icon'>\r\n                              <a href=https:\/\/blogs.florida.es\/mostrat\/mostrat-en-imagenes\/mostrat-octubre-2020\/noviembre-ingenieria-2\/ class=\"bg-link\"><\/a><img loading=\"lazy\" decoding=\"async\" width=\"300\" height=\"200\" src=\"https:\/\/blogs.florida.es\/mostrat\/wp-content\/uploads\/sites\/9\/2020\/11\/noviembre-ingenieria-2-300x200.jpg\" class=\"attachment-medium size-medium\" alt=\"\" sizes=\"auto, (min-width: 1200px) 255px, (min-width: 992px) 210px, (min-width: 768px) 150px, (min-width: 576px) 105px, calc( 50vw - 30px )\" aria-describedby=\"gallery-2-1832\" srcset=\"https:\/\/blogs.florida.es\/mostrat\/wp-content\/uploads\/sites\/9\/2020\/11\/noviembre-ingenieria-2-300x200.jpg 300w, https:\/\/blogs.florida.es\/mostrat\/wp-content\/uploads\/sites\/9\/2020\/11\/noviembre-ingenieria-2.jpg 700w\" \/><div class=\"post-action btn btn-skin-dark-shaded inverted\"><a href=\"https:\/\/blogs.florida.es\/mostrat\/wp-content\/uploads\/sites\/9\/2020\/11\/noviembre-ingenieria-2.jpg\" class=\"icn-expand\" data-lb-type=\"grouped-gallery\" title=\"Charla Lear Corporation\"><\/a><\/div>\r\n                        <\/div>\r\n                              <figcaption class='wp-caption-text gallery-caption' id='gallery-2-1832'>\r\n                              Charla Lear Corporation\r\n                              <\/figcaption><\/figure><figure class='gallery-item col col-auto'>\r\n                        <div class='gallery-icon landscape czr-gallery-icon'>\r\n                              <a href=https:\/\/blogs.florida.es\/mostrat\/mostrat-en-imagenes\/mostrat-octubre-2020\/noviembre-voluntariado-3\/ class=\"bg-link\"><\/a><img loading=\"lazy\" decoding=\"async\" width=\"300\" height=\"200\" src=\"https:\/\/blogs.florida.es\/mostrat\/wp-content\/uploads\/sites\/9\/2020\/11\/noviembre-voluntariado-3-300x200.jpg\" class=\"attachment-medium size-medium\" alt=\"\" sizes=\"auto, (min-width: 1200px) 255px, (min-width: 992px) 210px, (min-width: 768px) 150px, (min-width: 576px) 105px, calc( 50vw - 30px )\" aria-describedby=\"gallery-2-1840\" srcset=\"https:\/\/blogs.florida.es\/mostrat\/wp-content\/uploads\/sites\/9\/2020\/11\/noviembre-voluntariado-3-300x200.jpg 300w, https:\/\/blogs.florida.es\/mostrat\/wp-content\/uploads\/sites\/9\/2020\/11\/noviembre-voluntariado-3.jpg 700w\" \/><div class=\"post-action btn btn-skin-dark-shaded inverted\"><a href=\"https:\/\/blogs.florida.es\/mostrat\/wp-content\/uploads\/sites\/9\/2020\/11\/noviembre-voluntariado-3.jpg\" class=\"icn-expand\" data-lb-type=\"grouped-gallery\" title=\"Sesi\u00f3n de fomento del voluntariado\"><\/a><\/div>\r\n                        <\/div>\r\n                              <figcaption class='wp-caption-text gallery-caption' id='gallery-2-1840'>\r\n                              Sesi\u00f3n de fomento del voluntariado\r\n                              <\/figcaption><\/figure><figure class='gallery-item col col-auto'>\r\n                        <div class='gallery-icon landscape czr-gallery-icon'>\r\n                              <a href=https:\/\/blogs.florida.es\/mostrat\/mostrat-en-imagenes\/mostrat-octubre-2020\/noviembre-voluntariado-4\/ class=\"bg-link\"><\/a><img loading=\"lazy\" decoding=\"async\" width=\"300\" height=\"200\" src=\"https:\/\/blogs.florida.es\/mostrat\/wp-content\/uploads\/sites\/9\/2020\/11\/noviembre-voluntariado-4-300x200.jpg\" class=\"attachment-medium size-medium\" alt=\"\" sizes=\"auto, (min-width: 1200px) 255px, (min-width: 992px) 210px, (min-width: 768px) 150px, (min-width: 576px) 105px, calc( 50vw - 30px )\" aria-describedby=\"gallery-2-1841\" srcset=\"https:\/\/blogs.florida.es\/mostrat\/wp-content\/uploads\/sites\/9\/2020\/11\/noviembre-voluntariado-4-300x200.jpg 300w, https:\/\/blogs.florida.es\/mostrat\/wp-content\/uploads\/sites\/9\/2020\/11\/noviembre-voluntariado-4.jpg 700w\" \/><div class=\"post-action btn btn-skin-dark-shaded inverted\"><a href=\"https:\/\/blogs.florida.es\/mostrat\/wp-content\/uploads\/sites\/9\/2020\/11\/noviembre-voluntariado-4.jpg\" class=\"icn-expand\" data-lb-type=\"grouped-gallery\" title=\"Sesi\u00f3n de fomento del voluntariado\"><\/a><\/div>\r\n                        <\/div>\r\n                              <figcaption class='wp-caption-text gallery-caption' id='gallery-2-1841'>\r\n                              Sesi\u00f3n de fomento del voluntariado\r\n                              <\/figcaption><\/figure><figure class='gallery-item col col-auto'>\r\n                        <div class='gallery-icon landscape czr-gallery-icon'>\r\n                              <a href=https:\/\/blogs.florida.es\/mostrat\/mostrat-en-imagenes\/mostrat-octubre-2020\/noviembre-coev-1\/ class=\"bg-link\"><\/a><img loading=\"lazy\" decoding=\"async\" width=\"300\" height=\"200\" src=\"https:\/\/blogs.florida.es\/mostrat\/wp-content\/uploads\/sites\/9\/2020\/11\/noviembre-coev-1-300x200.jpg\" class=\"attachment-medium size-medium\" alt=\"\" sizes=\"auto, (min-width: 1200px) 255px, (min-width: 992px) 210px, (min-width: 768px) 150px, (min-width: 576px) 105px, calc( 50vw - 30px )\" aria-describedby=\"gallery-2-1829\" srcset=\"https:\/\/blogs.florida.es\/mostrat\/wp-content\/uploads\/sites\/9\/2020\/11\/noviembre-coev-1-300x200.jpg 300w, https:\/\/blogs.florida.es\/mostrat\/wp-content\/uploads\/sites\/9\/2020\/11\/noviembre-coev-1.jpg 640w\" \/><div class=\"post-action btn btn-skin-dark-shaded inverted\"><a href=\"https:\/\/blogs.florida.es\/mostrat\/wp-content\/uploads\/sites\/9\/2020\/11\/noviembre-coev-1.jpg\" class=\"icn-expand\" data-lb-type=\"grouped-gallery\" title=\"Charla COEV\"><\/a><\/div>\r\n                        <\/div>\r\n                              <figcaption class='wp-caption-text gallery-caption' id='gallery-2-1829'>\r\n                              Charla COEV\r\n                              <\/figcaption><\/figure><figure class='gallery-item col col-auto'>\r\n                        <div class='gallery-icon landscape czr-gallery-icon'>\r\n                              <a href=https:\/\/blogs.florida.es\/mostrat\/mostrat-en-imagenes\/mostrat-octubre-2020\/noviembre-coev-2\/ class=\"bg-link\"><\/a><img loading=\"lazy\" decoding=\"async\" width=\"300\" height=\"225\" src=\"https:\/\/blogs.florida.es\/mostrat\/wp-content\/uploads\/sites\/9\/2020\/11\/noviembre-coev-2-300x225.jpg\" class=\"attachment-medium size-medium\" alt=\"\" sizes=\"auto, (min-width: 1200px) 255px, (min-width: 992px) 210px, (min-width: 768px) 150px, (min-width: 576px) 105px, calc( 50vw - 30px )\" aria-describedby=\"gallery-2-1830\" srcset=\"https:\/\/blogs.florida.es\/mostrat\/wp-content\/uploads\/sites\/9\/2020\/11\/noviembre-coev-2-300x225.jpg 300w, https:\/\/blogs.florida.es\/mostrat\/wp-content\/uploads\/sites\/9\/2020\/11\/noviembre-coev-2.jpg 700w\" \/><div class=\"post-action btn btn-skin-dark-shaded inverted\"><a href=\"https:\/\/blogs.florida.es\/mostrat\/wp-content\/uploads\/sites\/9\/2020\/11\/noviembre-coev-2.jpg\" class=\"icn-expand\" data-lb-type=\"grouped-gallery\" title=\"Charla COEV\"><\/a><\/div>\r\n                        <\/div>\r\n                              <figcaption class='wp-caption-text gallery-caption' id='gallery-2-1830'>\r\n                              Charla COEV\r\n                              <\/figcaption><\/figure>\r\n                  <\/div>\n\n","protected":false},"excerpt":{"rendered":"<p>OCTUBRE 2020 NOVIEMBRE 2020<\/p>\n","protected":false},"author":14,"featured_media":0,"parent":2270,"menu_order":0,"comment_status":"closed","ping_status":"closed","template":"","meta":{"footnotes":""},"class_list":["post-1819","page","type-page","status-publish","czr-hentry"],"_links":{"self":[{"href":"https:\/\/blogs.florida.es\/mostrat\/wp-json\/wp\/v2\/pages\/1819","targetHints":{"allow":["GET"]}}],"collection":[{"href":"https:\/\/blogs.florida.es\/mostrat\/wp-json\/wp\/v2\/pages"}],"about":[{"href":"https:\/\/blogs.florida.es\/mostrat\/wp-json\/wp\/v2\/types\/page"}],"author":[{"embeddable":true,"href":"https:\/\/blogs.florida.es\/mostrat\/wp-json\/wp\/v2\/users\/14"}],"replies":[{"embeddable":true,"href":"https:\/\/blogs.florida.es\/mostrat\/wp-json\/wp\/v2\/comments?post=1819"}],"version-history":[{"count":4,"href":"https:\/\/blogs.florida.es\/mostrat\/wp-json\/wp\/v2\/pages\/1819\/revisions"}],"predecessor-version":[{"id":2277,"href":"https:\/\/blogs.florida.es\/mostrat\/wp-json\/wp\/v2\/pages\/1819\/revisions\/2277"}],"up":[{"embeddable":true,"href":"https:\/\/blogs.florida.es\/mostrat\/wp-json\/wp\/v2\/pages\/2270"}],"wp:attachment":[{"href":"https:\/\/blogs.florida.es\/mostrat\/wp-json\/wp\/v2\/media?parent=1819"}],"curies":[{"name":"wp","href":"https:\/\/api.w.org\/{rel}","templated":true}]}}