{"id":2646,"date":"2025-09-24T11:23:32","date_gmt":"2025-09-24T11:23:32","guid":{"rendered":"https:\/\/blogs.florida.es\/mostrat\/?page_id=2646"},"modified":"2025-10-20T15:34:48","modified_gmt":"2025-10-20T15:34:48","slug":"feria-de-empleo-videojuegos","status":"publish","type":"page","link":"https:\/\/blogs.florida.es\/mostrat\/feria-de-empleo-videojuegos\/","title":{"rendered":"Feria de Empleo Videojuegos"},"content":{"rendered":"<p>[vc_row][vc_column][vc_column_text]<\/p>\n<div class=\"czr-wp-the-content\">\n<div class=\"vc_row wpb_row vc_row-fluid\">\n<div class=\"wpb_column vc_column_container vc_col-sm-12\">\n<div class=\"vc_column-inner\">\n<div class=\"wpb_wrapper\">\n<h2 class=\"vc_custom_heading\">31 de octubre 2025 &#8211; De 9.30 a 14.00h.<\/h2>\n<\/div>\n<\/div>\n<\/div>\n<\/div>\n<\/div>\n<p>[\/vc_column_text][\/vc_column][\/vc_row][vc_row][vc_column][vc_column_text]<\/p>\n<p style=\"text-align: justify\">La <strong>Feria de Empleo de Empresas relacionadas con la industria de los Videojuegos <\/strong>es un lugar de encuentro entre entidades intermediarias de <strong>empleo, alumnado y\u00a0 titulados\/as<\/strong>, con el objetivo de incrementar el conocimiento del mercado laboral y de conocer las oportunidades de empleo que ofrece y que las empresas e instituciones participantes puedan conocer a futuros titulados y tituladas.<\/p>\n<p style=\"text-align: justify\">La Feria de Empleo est\u00e1 dirigida a todo el <strong>alumnado del Ciclos Formativo de <a href=\"https:\/\/www.floridaciclesformatius.es\/titulacion\/animacion-3d-juegos-y-entornos-interactivos\/\" target=\"_blank\" rel=\"noopener\">Animaci\u00f3n 3D, Juegos y Entornos Interactivos<\/a><\/strong> y del <strong><a href=\"https:\/\/www.floridauniversitaria.es\/titulacion\/grado-en-diseno-y-desarrollo-de-videojuegos-y-experiencias-interactivas\/\" target=\"_blank\" rel=\"noopener\">Grado en Dise\u00f1o y Desarrollo de Videojuegos y Experiencias Interactivas<\/a><\/strong>\u00a0y podr\u00e1n:<\/p>\n<ul style=\"text-align: justify\">\n<li><strong>Acercarse<\/strong> a la realidad y cultura empresarial del sector<\/li>\n<li><strong>Obtener<\/strong> informaci\u00f3n clave para su toma de decisi\u00f3n con respecto a su inserci\u00f3n laboral<\/li>\n<li>Tener la <strong>oportunidad<\/strong> de una interacci\u00f3n directa con sus futuros empresas empleadoras<\/li>\n<\/ul>\n<p style=\"text-align: justify\">Las <strong>empresas\/entidades<\/strong> participantes podr\u00e1n:<\/p>\n<ul style=\"text-align: justify\">\n<li><strong>Conocer<\/strong> y tomar contacto con perfiles altamente cualificados<\/li>\n<li><strong>Posicionarse<\/strong> como empresa que busca y valora el talento joven<\/li>\n<li><strong>Identificarse<\/strong> como empresas comprometidas con el desarrollo de nuestra sociedad<\/li>\n<\/ul>\n<p style=\"text-align: justify\">Para <a href=\"https:\/\/www.floridaciclesformatius.es\/\" target=\"_blank\" rel=\"noopener\">Florida Cicles Formatius<\/a> y <a href=\"https:\/\/www.floridauniversitaria.es\">Florida Universit\u00e0ria<\/a>, tener un contacto estrecho con nuestro tejido empresarial es clave para conseguir una formaci\u00f3n integral de nuestro alumnado.<\/p>\n<p style=\"text-align: justify\">Por ello, a trav\u00e9s de nuestra Fundaci\u00f3n, organizamos anualmente una Feria de Empleo como\u00a0<strong>ventana y escaparate<\/strong>\u00a0para mostrar a nuestro alumnado las empresas m\u00e1s punteras del sector, al tiempo que les cuentan de primera mano, qu\u00e9 competencias son las que ahora mismo est\u00e1n requiriendo cuando buscan nuevos profesionales.<\/p>\n<p>[\/vc_column_text][\/vc_column][\/vc_row][vc_row][vc_column][vc_column_text]<\/p>\n<h2><span style=\"color: #ff0030\"><strong>Presentaciones de empresas &#8211; 2025<\/strong><\/span><\/h2>\n<p>[\/vc_column_text][vc_row_inner][vc_column_inner width=\u00bb1\/3&#8243;][vc_message icon_fontawesome=\u00bbfas fa-gamepad\u00bb]Ciclo Formativo de Grado Superior en Animaci\u00f3n 3D, Juegos y Entornos Interactivos[\/vc_message][\/vc_column_inner][vc_column_inner width=\u00bb2\/3&#8243;][vc_raw_html]JTNDdGFibGUlM0UlM0N0ciUzRSUzQ3RkJTNFSE9SQSUzQyUyRlREJTNFJTNDVEQlM0VFTVBSRVNBJTNDJTJGVEQlM0UlM0NURCUzRVVCSUNBQ0klQzMlOTNOJTNDJTJGVEQlM0UlM0MlMkZUUiUzRSUwQSUwQSUzQ3RyJTNFJTNDdGQlM0Vwb3IlMjBkZXRlcm1pbmFyJTNDJTJGVEQlM0UlM0NURCUzRUFzb2NpYWNpb24lMjBGZXN0aXZhbCUyMEludGVybmFjaW9uYWwlMjBkZSUyMENpbmUlMjBJbmZhbnRpbCUyMGRlJTIwVmFsZW5jaWElM0MlMkZURCUzRSUzQ1REJTNFcG9yJTIwZGV0ZXJtaW5hciUzQyUyRnRkJTNFJTNDJTJGVFIlM0UlMEElM0N0ciUzRSUzQ3RkJTNFcG9yJTIwZGV0ZXJtaW5hciUzQyUyRlREJTNFJTNDVEQlM0VGcmFtZU92ZXIlM0MlMkZURCUzRSUzQ1REJTNFcG9yJTIwZGV0ZXJtaW5hciUzQyUyRnRkJTNFJTNDJTJGVFIlM0UlMEElM0N0ciUzRSUzQ3RkJTNFcG9yJTIwZGV0ZXJtaW5hciUzQyUyRlREJTNFJTNDVEQlM0VBcmlzbm92YSUyMCUzQyUyRlREJTNFJTNDVEQlM0Vwb3IlMjBkZXRlcm1pbmFyJTNDJTJGdGQlM0UlM0MlMkZUUiUzRSUwQSUwQSUwQSUzQyUyRnRhYmxlJTNF[\/vc_raw_html][\/vc_column_inner][\/vc_row_inner][vc_row_inner][vc_column_inner width=\u00bb1\/3&#8243;][vc_message icon_fontawesome=\u00bbfas fa-gamepad\u00bb]Grado en Dise\u00f1o y Desarrollo de Videojuegos y Experiencias Interactivas[\/vc_message][\/vc_column_inner][vc_column_inner width=\u00bb2\/3&#8243;][vc_raw_html]JTNDdGFibGUlM0UlM0N0ciUzRSUzQ3RkJTNFSE9SQSUzQyUyRlREJTNFJTNDVEQlM0VFTVBSRVNBJTNDJTJGVEQlM0UlM0NURCUzRVVCSUNBQ0klQzMlOTNOJTNDJTJGVEQlM0UlM0MlMkZUUiUzRSUwQSUwQSUzQ3RyJTNFJTNDdGQlM0Vwb3IlMjBkZXRlcm1pbmFyJTNDJTJGVEQlM0UlM0NURCUzRUFzb2NpYWNpb24lMjBGZXN0aXZhbCUyMEludGVybmFjaW9uYWwlMjBkZSUyMENpbmUlMjBJbmZhbnRpbCUyMGRlJTIwVmFsZW5jaWElM0MlMkZURCUzRSUzQ1REJTNFcG9yJTIwZGV0ZXJtaW5hciUzQyUyRnRkJTNFJTNDJTJGVFIlM0UlMEElM0N0ciUzRSUzQ3RkJTNFcG9yJTIwZGV0ZXJtaW5hciUzQyUyRlREJTNFJTNDVEQlM0VGcmFtZU92ZXIlM0MlMkZURCUzRSUzQ1REJTNFcG9yJTIwZGV0ZXJtaW5hciUzQyUyRnRkJTNFJTNDJTJGVFIlM0UlMEElM0N0ciUzRSUzQ3RkJTNFcG9yJTIwZGV0ZXJtaW5hciUzQyUyRlREJTNFJTNDVEQlM0VBcmlzbm92YSUyMCUzQyUyRlREJTNFJTNDVEQlM0Vwb3IlMjBkZXRlcm1pbmFyJTNDJTJGdGQlM0UlM0MlMkZUUiUzRSUwQSUwQSUwQSUzQyUyRnRhYmxlJTNF[\/vc_raw_html][\/vc_column_inner][\/vc_row_inner][\/vc_column][\/vc_row]<\/p>\n","protected":false},"excerpt":{"rendered":"<p>[vc_row][vc_column][vc_column_text] 31 de octubre 2025 &#8211; De 9.30 a 14.00h. [\/vc_column_text][\/vc_column][\/vc_row][vc_row][vc_column][vc_column_text] La Feria de Empleo de Empresas relacionadas con la industria de los Videojuegos es un lugar de encuentro entre entidades intermediarias de empleo, alumnado y\u00a0 titulados\/as, con el objetivo de incrementar el conocimiento del mercado laboral y de conocer las oportunidades de empleo que [&hellip;]<\/p>\n","protected":false},"author":14,"featured_media":0,"parent":0,"menu_order":0,"comment_status":"closed","ping_status":"closed","template":"","meta":{"footnotes":""},"class_list":["post-2646","page","type-page","status-publish","czr-hentry"],"_links":{"self":[{"href":"https:\/\/blogs.florida.es\/mostrat\/wp-json\/wp\/v2\/pages\/2646","targetHints":{"allow":["GET"]}}],"collection":[{"href":"https:\/\/blogs.florida.es\/mostrat\/wp-json\/wp\/v2\/pages"}],"about":[{"href":"https:\/\/blogs.florida.es\/mostrat\/wp-json\/wp\/v2\/types\/page"}],"author":[{"embeddable":true,"href":"https:\/\/blogs.florida.es\/mostrat\/wp-json\/wp\/v2\/users\/14"}],"replies":[{"embeddable":true,"href":"https:\/\/blogs.florida.es\/mostrat\/wp-json\/wp\/v2\/comments?post=2646"}],"version-history":[{"count":9,"href":"https:\/\/blogs.florida.es\/mostrat\/wp-json\/wp\/v2\/pages\/2646\/revisions"}],"predecessor-version":[{"id":2672,"href":"https:\/\/blogs.florida.es\/mostrat\/wp-json\/wp\/v2\/pages\/2646\/revisions\/2672"}],"wp:attachment":[{"href":"https:\/\/blogs.florida.es\/mostrat\/wp-json\/wp\/v2\/media?parent=2646"}],"curies":[{"name":"wp","href":"https:\/\/api.w.org\/{rel}","templated":true}]}}